{"id":13698,"date":"2022-04-27T21:40:51","date_gmt":"2022-04-27T19:40:51","guid":{"rendered":"https:\/\/www.f-dgs.com\/product\/sin categor\u00eda\/generador-de-nitrogeno-zephyr\/"},"modified":"2022-04-27T21:40:51","modified_gmt":"2022-04-27T19:40:51","slug":"generador-de-nitrogeno-zephyr","status":"publish","type":"product","link":"https:\/\/www.f-dgs.com\/es\/product\/generadores-de-nitrogeno-de-laboratorio\/generador-de-nitrogeno-zephyr\/","title":{"rendered":"Generador de nitr\u00f3geno ZEPHYR"},"content":{"rendered":"<p class=\"p2\">El Nitr\u00f3geno ZEPHYR proporciona una soluci\u00f3n de nitr\u00f3geno para el Espectr\u00f3metro de Dicro\u00edsmo Circular.<span class=\"Apple-converted-space\"> <\/span><\/p>\n<p class=\"p2\">La ZEPHYR lleva integrado un compresor de aire exento de aceite que utiliza el <span class=\"s2\">modo de Tecnolog\u00eda de Ahorro Energ\u00e9tico (EST<\/span>). Es extremadamente compacta y de funcionamiento silencioso.<span class=\"Apple-converted-space\"> <\/span><\/p>\n<p class=\"p2\">El generador se controla mediante lo \u00faltimo en tecnolog\u00eda de pantalla t\u00e1ctil en color para mostrar el proceso en tiempo real, la presi\u00f3n de salida, el caudal de N2 y el estado del sistema, con acceso remoto para control de diagn\u00f3stico.<span class=\"Apple-converted-space\"> <\/span><\/p>\n<p class=\"p3\">Utiliza la <span class=\"s2\">Triple Filtraci\u00f3n Inteligente y la tecnolog\u00eda avanzada PSA <\/span>de separaci\u00f3n de Nitr\u00f3geno y Ox\u00edgeno para producir gas nitr\u00f3geno de alta calidad bajo demanda 24 horas al d\u00eda, 7 d\u00edas a la semana.<\/p>\n","protected":false},"excerpt":{"rendered":"<p>El Nitr\u00f3geno ZEPHYR proporciona una soluci\u00f3n de nitr\u00f3geno para el Espectr\u00f3metro de Dicro\u00edsmo Circular. La ZEPHYR lleva integrado un compresor de aire exento de aceite que utiliza el modo de Tecnolog\u00eda de Ahorro Energ\u00e9tico (EST). Es extremadamente compacta y de funcionamiento silencioso. El generador se controla mediante lo \u00faltimo en tecnolog\u00eda de pantalla t\u00e1ctil en [&hellip;]<\/p>\n","protected":false},"featured_media":13773,"comment_status":"closed","ping_status":"closed","template":"","meta":[],"product_cat":[334],"product_tag":[336],"class_list":{"0":"post-13698","1":"product","2":"type-product","3":"status-publish","4":"has-post-thumbnail","6":"product_cat-generadores-de-nitrogeno-de-laboratorio","7":"product_tag-otras-aplicaciones","9":"first","10":"instock","11":"shipping-taxable","12":"product-type-simple"},"_links":{"self":[{"href":"https:\/\/www.f-dgs.com\/es\/wp-json\/wp\/v2\/product\/13698","targetHints":{"allow":["GET"]}}],"collection":[{"href":"https:\/\/www.f-dgs.com\/es\/wp-json\/wp\/v2\/product"}],"about":[{"href":"https:\/\/www.f-dgs.com\/es\/wp-json\/wp\/v2\/types\/product"}],"replies":[{"embeddable":true,"href":"https:\/\/www.f-dgs.com\/es\/wp-json\/wp\/v2\/comments?post=13698"}],"wp:featuredmedia":[{"embeddable":true,"href":"https:\/\/www.f-dgs.com\/es\/wp-json\/wp\/v2\/media\/13773"}],"wp:attachment":[{"href":"https:\/\/www.f-dgs.com\/es\/wp-json\/wp\/v2\/media?parent=13698"}],"wp:term":[{"taxonomy":"product_cat","embeddable":true,"href":"https:\/\/www.f-dgs.com\/es\/wp-json\/wp\/v2\/product_cat?post=13698"},{"taxonomy":"product_tag","embeddable":true,"href":"https:\/\/www.f-dgs.com\/es\/wp-json\/wp\/v2\/product_tag?post=13698"}],"curies":[{"name":"wp","href":"https:\/\/api.w.org\/{rel}","templated":true}]}}