{"id":13681,"date":"2022-05-17T00:47:44","date_gmt":"2022-05-16T22:47:44","guid":{"rendered":"https:\/\/www.f-dgs.com\/product\/sin categor\u00eda\/generador-de-aire-cero-nitrogeno-z-prospero\/"},"modified":"2022-05-17T00:47:44","modified_gmt":"2022-05-16T22:47:44","slug":"generador-de-aire-cero-nitrogeno-z-prospero","status":"publish","type":"product","link":"https:\/\/www.f-dgs.com\/es\/product\/generadores-combinados-de-nitrogeno-aire\/generador-de-aire-cero-nitrogeno-z-prospero\/","title":{"rendered":"Generador de Aire Cero Nitr\u00f3geno Z.PROSPERO"},"content":{"rendered":"<p class=\"p2\">La combinaci\u00f3n Nitr\u00f3geno Cero\/Aire suministra un flujo continuo de gas nitr\u00f3geno de alta pureza (&gt; 99,9995%) y aire purificado de grado con contenido de hidrocarburos (&lt; 0,1 ppm), ideal para aplicaciones como gas portador de GC, maquillaje y GC-FID.<\/p>\n<p class=\"p2\">La Z.PROSPERO est\u00e1 disponible sin o con compresor de aire exento de aceite integrado utilizando el <span class=\"s2\">modo de Tecnolog\u00eda de Ahorro Energ\u00e9tico (EST<\/span>). Es extremadamente compacta y de funcionamiento silencioso. El generador se controla mediante lo \u00faltimo en tecnolog\u00eda de pantalla t\u00e1ctil en color para mostrar el proceso en tiempo real, la presi\u00f3n de entrada\/salida, el ZN2\/caudal de aire y el estado del sistema, con acceso remoto para control de diagn\u00f3stico.<\/p>\n<p class=\"p2\">Utiliza <span class=\"s2\">tecnolog\u00eda avanzada PSA <\/span>de separaci\u00f3n de Nitr\u00f3geno y O2 para producir Nitr\u00f3geno gaseoso de alta calidad y columna de al\u00famina activada para producir Aire purificado a demanda 24\/7. Para el Z.PROSPERO, un catalizador calentado oxida el CH4 del flujo de gas Nitr\u00f3geno proporcionando Nitr\u00f3geno Cero con Hidrocarburo Total inferior a 0,05 ppm.<span class=\"Apple-converted-space\"> <\/span><\/p>\n","protected":false},"excerpt":{"rendered":"<p>La combinaci\u00f3n Nitr\u00f3geno Cero\/Aire suministra un flujo continuo de gas nitr\u00f3geno de alta pureza (&gt; 99,9995%) y aire purificado de grado con contenido de hidrocarburos (&lt; 0,1 ppm), ideal para aplicaciones como gas portador de GC, maquillaje y GC-FID. La Z.PROSPERO est\u00e1 disponible sin o con compresor de aire exento de aceite integrado utilizando el [&hellip;]<\/p>\n","protected":false},"featured_media":13683,"comment_status":"open","ping_status":"closed","template":"","meta":[],"product_cat":[325],"product_tag":[301],"class_list":{"0":"post-13681","1":"product","2":"type-product","3":"status-publish","4":"has-post-thumbnail","6":"product_cat-generadores-combinados-de-nitrogeno-aire","7":"product_tag-gc-es","9":"first","10":"instock","11":"shipping-taxable","12":"product-type-simple"},"_links":{"self":[{"href":"https:\/\/www.f-dgs.com\/es\/wp-json\/wp\/v2\/product\/13681","targetHints":{"allow":["GET"]}}],"collection":[{"href":"https:\/\/www.f-dgs.com\/es\/wp-json\/wp\/v2\/product"}],"about":[{"href":"https:\/\/www.f-dgs.com\/es\/wp-json\/wp\/v2\/types\/product"}],"replies":[{"embeddable":true,"href":"https:\/\/www.f-dgs.com\/es\/wp-json\/wp\/v2\/comments?post=13681"}],"wp:featuredmedia":[{"embeddable":true,"href":"https:\/\/www.f-dgs.com\/es\/wp-json\/wp\/v2\/media\/13683"}],"wp:attachment":[{"href":"https:\/\/www.f-dgs.com\/es\/wp-json\/wp\/v2\/media?parent=13681"}],"wp:term":[{"taxonomy":"product_cat","embeddable":true,"href":"https:\/\/www.f-dgs.com\/es\/wp-json\/wp\/v2\/product_cat?post=13681"},{"taxonomy":"product_tag","embeddable":true,"href":"https:\/\/www.f-dgs.com\/es\/wp-json\/wp\/v2\/product_tag?post=13681"}],"curies":[{"name":"wp","href":"https:\/\/api.w.org\/{rel}","templated":true}]}}