{"id":13670,"date":"2022-05-17T00:56:05","date_gmt":"2022-05-16T22:56:05","guid":{"rendered":"https:\/\/www.f-dgs.com\/product\/sin categor\u00eda\/generador-de-aire-de-nitrogeno-stream-2g\/"},"modified":"2022-05-17T00:56:05","modified_gmt":"2022-05-16T22:56:05","slug":"generador-de-aire-de-nitrogeno-stream-2g","status":"publish","type":"product","link":"https:\/\/www.f-dgs.com\/es\/product\/generadores-combinados-de-nitrogeno-aire\/generador-de-aire-de-nitrogeno-stream-2g\/","title":{"rendered":"Generador de aire de nitr\u00f3geno STREAM 2G"},"content":{"rendered":"<p class=\"p2\">El generador de nitr\u00f3geno\/aire de membrana se ha desarrollado para satisfacer requisitos espec\u00edficos de caudal, pureza y presi\u00f3n<span class=\"Apple-converted-space\"> <\/span>para LC-MS de Shimadzu.<span class=\"Apple-converted-space\"> <\/span><\/p>\n<p class=\"p2\">El generador suministra una salida de nitr\u00f3geno de laboratorio y otra de aire seco.<span class=\"Apple-converted-space\"> <\/span><\/p>\n<p class=\"p2\">El generador de la serie STREAM 2G de F-DGS se ha dise\u00f1ado para suministrar nitr\u00f3geno y aire a laboratorios que ya disponen de una fuente externa de aire limpio y seco.<span class=\"Apple-converted-space\"> <\/span><\/p>\n<p class=\"p3\">El sistema no contiene piezas m\u00f3viles, es efectivamente silencioso mientras funciona y requiere un mantenimiento m\u00ednimo.<span class=\"Apple-converted-space\"> <\/span><\/p>\n","protected":false},"excerpt":{"rendered":"<p>El generador de nitr\u00f3geno\/aire de membrana se ha desarrollado para satisfacer requisitos espec\u00edficos de caudal, pureza y presi\u00f3n para LC-MS de Shimadzu. El generador suministra una salida de nitr\u00f3geno de laboratorio y otra de aire seco. El generador de la serie STREAM 2G de F-DGS se ha dise\u00f1ado para suministrar nitr\u00f3geno y aire a laboratorios [&hellip;]<\/p>\n","protected":false},"featured_media":13672,"comment_status":"open","ping_status":"closed","template":"","meta":[],"product_cat":[325],"product_tag":[330],"class_list":{"0":"post-13670","1":"product","2":"type-product","3":"status-publish","4":"has-post-thumbnail","6":"product_cat-generadores-combinados-de-nitrogeno-aire","7":"product_tag-lc-ms-ms-es","9":"first","10":"instock","11":"shipping-taxable","12":"product-type-simple"},"_links":{"self":[{"href":"https:\/\/www.f-dgs.com\/es\/wp-json\/wp\/v2\/product\/13670","targetHints":{"allow":["GET"]}}],"collection":[{"href":"https:\/\/www.f-dgs.com\/es\/wp-json\/wp\/v2\/product"}],"about":[{"href":"https:\/\/www.f-dgs.com\/es\/wp-json\/wp\/v2\/types\/product"}],"replies":[{"embeddable":true,"href":"https:\/\/www.f-dgs.com\/es\/wp-json\/wp\/v2\/comments?post=13670"}],"wp:featuredmedia":[{"embeddable":true,"href":"https:\/\/www.f-dgs.com\/es\/wp-json\/wp\/v2\/media\/13672"}],"wp:attachment":[{"href":"https:\/\/www.f-dgs.com\/es\/wp-json\/wp\/v2\/media?parent=13670"}],"wp:term":[{"taxonomy":"product_cat","embeddable":true,"href":"https:\/\/www.f-dgs.com\/es\/wp-json\/wp\/v2\/product_cat?post=13670"},{"taxonomy":"product_tag","embeddable":true,"href":"https:\/\/www.f-dgs.com\/es\/wp-json\/wp\/v2\/product_tag?post=13670"}],"curies":[{"name":"wp","href":"https:\/\/api.w.org\/{rel}","templated":true}]}}