{"id":13665,"date":"2022-05-17T00:43:41","date_gmt":"2022-05-16T22:43:41","guid":{"rendered":"https:\/\/www.f-dgs.com\/product\/sin categor\u00eda\/generador-combinado-de-nitrogeno-aire-themisto-pega\/"},"modified":"2022-05-17T00:43:41","modified_gmt":"2022-05-16T22:43:41","slug":"generador-combinado-de-nitrogeno-aire-themisto-pega","status":"publish","type":"product","link":"https:\/\/www.f-dgs.com\/es\/product\/generadores-combinados-de-nitrogeno-aire\/generador-combinado-de-nitrogeno-aire-themisto-pega\/","title":{"rendered":"Generador combinado de nitr\u00f3geno-aire THEMISTO PEGA"},"content":{"rendered":"<p class=\"p2\">El generador de doble flujo THEMISTO PEGA se ha dise\u00f1ado espec\u00edficamente para satisfacer las necesidades de Nitr\u00f3geno y Aire Puro para alimentar un GC x GC-TOFMS LECO PEGASUS 4D.<span class=\"Apple-converted-space\"> <\/span><\/p>\n<p class=\"p2\">El THEMISTO PEGA est\u00e1 disponible con compresor de aire exento de aceite integrado que utiliza el <span class=\"s2\">modo de Tecnolog\u00eda de Ahorro Energ\u00e9tico (EST<\/span>). Es extremadamente compacta y de funcionamiento silencioso.<span class=\"Apple-converted-space\"> <\/span><\/p>\n<p class=\"p2\">El Generador se controla mediante la \u00faltima tecnolog\u00eda de pantalla t\u00e1ctil en color para visualizar el proceso en tiempo real, las presiones de entrada\/salida y el estado del sistema, con acceso remoto para el control de diagn\u00f3stico.<span class=\"Apple-converted-space\"> <\/span><\/p>\n<p class=\"p2\">El nitr\u00f3geno se produce mediante absorci\u00f3n por oscilaci\u00f3n de presi\u00f3n (PSA) para<span class=\"Apple-converted-space\"> <\/span>eliminar el ox\u00edgeno, el di\u00f3xido de carbono y el agua del aire comprimido, y el aire purificado se produce utilizando un filtro cicl\u00f3nico separador de agua y un filtro coalescente submicr\u00f3nico.<span class=\"Apple-converted-space\"> <\/span><\/p>\n","protected":false},"excerpt":{"rendered":"<p>El generador de doble flujo THEMISTO PEGA se ha dise\u00f1ado espec\u00edficamente para satisfacer las necesidades de Nitr\u00f3geno y Aire Puro para alimentar un GC x GC-TOFMS LECO PEGASUS 4D. El THEMISTO PEGA est\u00e1 disponible con compresor de aire exento de aceite integrado que utiliza el modo de Tecnolog\u00eda de Ahorro Energ\u00e9tico (EST). Es extremadamente compacta [&hellip;]<\/p>\n","protected":false},"featured_media":13667,"comment_status":"open","ping_status":"closed","template":"","meta":[],"product_cat":[325],"product_tag":[326],"class_list":{"0":"post-13665","1":"product","2":"type-product","3":"status-publish","4":"has-post-thumbnail","6":"product_cat-generadores-combinados-de-nitrogeno-aire","7":"product_tag-pegaso","9":"first","10":"instock","11":"shipping-taxable","12":"product-type-simple"},"_links":{"self":[{"href":"https:\/\/www.f-dgs.com\/es\/wp-json\/wp\/v2\/product\/13665","targetHints":{"allow":["GET"]}}],"collection":[{"href":"https:\/\/www.f-dgs.com\/es\/wp-json\/wp\/v2\/product"}],"about":[{"href":"https:\/\/www.f-dgs.com\/es\/wp-json\/wp\/v2\/types\/product"}],"replies":[{"embeddable":true,"href":"https:\/\/www.f-dgs.com\/es\/wp-json\/wp\/v2\/comments?post=13665"}],"wp:featuredmedia":[{"embeddable":true,"href":"https:\/\/www.f-dgs.com\/es\/wp-json\/wp\/v2\/media\/13667"}],"wp:attachment":[{"href":"https:\/\/www.f-dgs.com\/es\/wp-json\/wp\/v2\/media?parent=13665"}],"wp:term":[{"taxonomy":"product_cat","embeddable":true,"href":"https:\/\/www.f-dgs.com\/es\/wp-json\/wp\/v2\/product_cat?post=13665"},{"taxonomy":"product_tag","embeddable":true,"href":"https:\/\/www.f-dgs.com\/es\/wp-json\/wp\/v2\/product_tag?post=13665"}],"curies":[{"name":"wp","href":"https:\/\/api.w.org\/{rel}","templated":true}]}}