{"id":13661,"date":"2022-06-01T01:06:05","date_gmt":"2022-05-31T23:06:05","guid":{"rendered":"https:\/\/www.f-dgs.com\/product\/sin categor\u00eda\/generador-de-hidrogeno-gaseoso-cosmos-rack-mf-h2\/"},"modified":"2022-06-01T01:06:05","modified_gmt":"2022-05-31T23:06:05","slug":"generador-de-hidrogeno-gaseoso-cosmos-rack-mf-h2","status":"publish","type":"product","link":"https:\/\/www.f-dgs.com\/es\/product\/generadores-de-hidrogeno\/generador-de-hidrogeno-gaseoso-cosmos-rack-mf-h2\/","title":{"rendered":"Generador de hidr\u00f3geno gaseoso COSMOS RACK MF.H2"},"content":{"rendered":"<p class=\"p2\">Los generadores de hidr\u00f3geno COSMOS RACK MF.H2 utilizan la <span class=\"s2\">exclusiva tecnolog\u00eda de membrana electrol\u00edtica (c\u00e9lula PEM) 100% de titanio <\/span>para producir gas H2 de gran pureza.<span class=\"Apple-converted-space\"> <\/span><\/p>\n<p class=\"p2\">El exclusivo secador de regeneraci\u00f3n din\u00e1mica dual en fr\u00edo de la serie RACK.MF no necesita mantenimiento y permite un funcionamiento continuo las 24 horas del d\u00eda. La comprobaci\u00f3n autom\u00e1tica de fugas internas al arrancar la unidad y el control constante de los par\u00e1metros de funcionamiento garantizan la m\u00e1xima seguridad.<span class=\"Apple-converted-space\"> <\/span><\/p>\n<p class=\"p2\"><span class=\"s2\">La serie MF.H2 de COSMOS RACK <\/span>utiliza un exclusivo secador de regeneraci\u00f3n din\u00e1mica dual en fr\u00edo<span class=\"Apple-converted-space\"> <\/span><\/p>\n","protected":false},"excerpt":{"rendered":"<p>Los generadores de hidr\u00f3geno COSMOS RACK MF.H2 utilizan la exclusiva tecnolog\u00eda de membrana electrol\u00edtica (c\u00e9lula PEM) 100% de titanio para producir gas H2 de gran pureza. El exclusivo secador de regeneraci\u00f3n din\u00e1mica dual en fr\u00edo de la serie RACK.MF no necesita mantenimiento y permite un funcionamiento continuo las 24 horas del d\u00eda. La comprobaci\u00f3n autom\u00e1tica [&hellip;]<\/p>\n","protected":false},"featured_media":13662,"comment_status":"closed","ping_status":"closed","template":"","meta":[],"product_cat":[319],"product_tag":[320],"class_list":{"0":"post-13661","1":"product","2":"type-product","3":"status-publish","4":"has-post-thumbnail","6":"product_cat-generadores-de-hidrogeno","7":"product_tag-serie-rack-es","9":"first","10":"instock","11":"shipping-taxable","12":"product-type-simple"},"_links":{"self":[{"href":"https:\/\/www.f-dgs.com\/es\/wp-json\/wp\/v2\/product\/13661","targetHints":{"allow":["GET"]}}],"collection":[{"href":"https:\/\/www.f-dgs.com\/es\/wp-json\/wp\/v2\/product"}],"about":[{"href":"https:\/\/www.f-dgs.com\/es\/wp-json\/wp\/v2\/types\/product"}],"replies":[{"embeddable":true,"href":"https:\/\/www.f-dgs.com\/es\/wp-json\/wp\/v2\/comments?post=13661"}],"wp:featuredmedia":[{"embeddable":true,"href":"https:\/\/www.f-dgs.com\/es\/wp-json\/wp\/v2\/media\/13662"}],"wp:attachment":[{"href":"https:\/\/www.f-dgs.com\/es\/wp-json\/wp\/v2\/media?parent=13661"}],"wp:term":[{"taxonomy":"product_cat","embeddable":true,"href":"https:\/\/www.f-dgs.com\/es\/wp-json\/wp\/v2\/product_cat?post=13661"},{"taxonomy":"product_tag","embeddable":true,"href":"https:\/\/www.f-dgs.com\/es\/wp-json\/wp\/v2\/product_tag?post=13661"}],"curies":[{"name":"wp","href":"https:\/\/api.w.org\/{rel}","templated":true}]}}