{"id":13650,"date":"2022-05-17T18:51:07","date_gmt":"2022-05-17T16:51:07","guid":{"rendered":"https:\/\/www.f-dgs.com\/product\/sin categor\u00eda\/secador-de-aire-sin-co2-ndc\/"},"modified":"2022-05-17T18:51:07","modified_gmt":"2022-05-17T16:51:07","slug":"secador-de-aire-sin-co2-ndc","status":"publish","type":"product","link":"https:\/\/www.f-dgs.com\/es\/product\/secadoras-de-aire-sin-co2\/secador-de-aire-sin-co2-ndc\/","title":{"rendered":"Secador de aire sin CO2 NDC"},"content":{"rendered":"<p class=\"p2\">El secador de aire sin CO2 NDC purifica tu red de aire comprimido para proporcionar un suministro continuo de aire limpio, seco (-70\u00b0C PDP) y sin CO2 (&lt; 1ppm). Permite sustituir botellas de nitr\u00f3geno u ox\u00edgeno a alta presi\u00f3n.<span class=\"Apple-converted-space\"> <\/span><\/p>\n<p class=\"p2\">La unidad es muy compacta, ahorra espacio en el laboratorio, es silenciosa y f\u00e1cil de instalar.<span class=\"Apple-converted-space\"> <\/span><\/p>\n<p class=\"p3\">El CDN puede informarte de cu\u00e1ndo debe realizarse la revisi\u00f3n a trav\u00e9s de la pantalla.<span class=\"Apple-converted-space\"> <\/span><\/p>\n","protected":false},"excerpt":{"rendered":"<p>El secador de aire sin CO2 NDC purifica tu red de aire comprimido para proporcionar un suministro continuo de aire limpio, seco (-70\u00b0C PDP) y sin CO2 (&lt; 1ppm). Permite sustituir botellas de nitr\u00f3geno u ox\u00edgeno a alta presi\u00f3n. La unidad es muy compacta, ahorra espacio en el laboratorio, es silenciosa y f\u00e1cil de instalar. [&hellip;]<\/p>\n","protected":false},"featured_media":13637,"comment_status":"open","ping_status":"closed","template":"","meta":[],"product_cat":[314],"product_tag":[315],"class_list":{"0":"post-13650","1":"product","2":"type-product","3":"status-publish","4":"has-post-thumbnail","6":"product_cat-secadoras-de-aire-sin-co2","7":"product_tag-secadoras-de-aire-sin-co2","9":"first","10":"instock","11":"shipping-taxable","12":"product-type-simple"},"_links":{"self":[{"href":"https:\/\/www.f-dgs.com\/es\/wp-json\/wp\/v2\/product\/13650","targetHints":{"allow":["GET"]}}],"collection":[{"href":"https:\/\/www.f-dgs.com\/es\/wp-json\/wp\/v2\/product"}],"about":[{"href":"https:\/\/www.f-dgs.com\/es\/wp-json\/wp\/v2\/types\/product"}],"replies":[{"embeddable":true,"href":"https:\/\/www.f-dgs.com\/es\/wp-json\/wp\/v2\/comments?post=13650"}],"wp:featuredmedia":[{"embeddable":true,"href":"https:\/\/www.f-dgs.com\/es\/wp-json\/wp\/v2\/media\/13637"}],"wp:attachment":[{"href":"https:\/\/www.f-dgs.com\/es\/wp-json\/wp\/v2\/media?parent=13650"}],"wp:term":[{"taxonomy":"product_cat","embeddable":true,"href":"https:\/\/www.f-dgs.com\/es\/wp-json\/wp\/v2\/product_cat?post=13650"},{"taxonomy":"product_tag","embeddable":true,"href":"https:\/\/www.f-dgs.com\/es\/wp-json\/wp\/v2\/product_tag?post=13650"}],"curies":[{"name":"wp","href":"https:\/\/api.w.org\/{rel}","templated":true}]}}