{"id":13623,"date":"2022-05-17T18:17:53","date_gmt":"2022-05-17T16:17:53","guid":{"rendered":"https:\/\/www.f-dgs.com\/product\/sin categor\u00eda\/generador-de-nitrogeno-liquido-cryogen-80-ra-n2\/"},"modified":"2022-05-17T18:17:53","modified_gmt":"2022-05-17T16:17:53","slug":"generador-de-nitrogeno-liquido-cryogen-80-ra-n2","status":"publish","type":"product","link":"https:\/\/www.f-dgs.com\/es\/product\/generador-de-nitrogeno-liquido\/generador-de-nitrogeno-liquido-cryogen-80-ra-n2\/","title":{"rendered":"Generador de nitr\u00f3geno l\u00edquido CRYOGEN.80-RA N2"},"content":{"rendered":"<p class=\"p1\">El CRYOGEN.80-RA es el generador de N2 l\u00edquido <strong>\u00abrefrigerado por aire<\/strong> \u00bb de F-DGSi.<\/p>\n<p class=\"p1\">Utilizando un dise\u00f1o fiable de \u00abcriorrefrigerador\u00bb de tecnolog\u00eda de cabezal fr\u00edo y compresor de helio, el gas nitr\u00f3geno se produce a continuaci\u00f3n mediante la tecnolog\u00eda PSA, que se enfr\u00eda a 77K (-196\u00b0C) para producir nitr\u00f3geno l\u00edquido.<\/p>\n<p class=\"p1\">Los Generadores se controlan utilizando lo \u00faltimo en tecnolog\u00eda de pantalla t\u00e1ctil HMI para visualizar el proceso en tiempo real, mostrando el nivel de l\u00edquido del dewar, la producci\u00f3n de nitr\u00f3geno PSA proporcionando un sistema totalmente automatizado con s\u00f3lo pulsar un bot\u00f3n, con acceso remoto para el control de diagn\u00f3stico.<\/p>\n<p class=\"p1\">El nitr\u00f3geno l\u00edquido puede dispensarse mediante una manguera aislada al vac\u00edo de 1,5 metros. Los ventiladores de refrigeraci\u00f3n integrados pueden funcionar con refrigeraci\u00f3n por aire hasta +35 \u00b0C de temperatura ambiente, por lo que es adecuado para funcionar en cualquier parte del mundo.<\/p>\n","protected":false},"excerpt":{"rendered":"<p>El CRYOGEN.80-RA es el generador de N2 l\u00edquido \u00abrefrigerado por aire \u00bb de F-DGSi. Utilizando un dise\u00f1o fiable de \u00abcriorrefrigerador\u00bb de tecnolog\u00eda de cabezal fr\u00edo y compresor de helio, el gas nitr\u00f3geno se produce a continuaci\u00f3n mediante la tecnolog\u00eda PSA, que se enfr\u00eda a 77K (-196\u00b0C) para producir nitr\u00f3geno l\u00edquido. Los Generadores se controlan utilizando [&hellip;]<\/p>\n","protected":false},"featured_media":13625,"comment_status":"open","ping_status":"closed","template":"","meta":[],"product_cat":[303],"product_tag":[],"class_list":{"0":"post-13623","1":"product","2":"type-product","3":"status-publish","4":"has-post-thumbnail","6":"product_cat-generador-de-nitrogeno-liquido","8":"first","9":"instock","10":"shipping-taxable","11":"product-type-simple"},"_links":{"self":[{"href":"https:\/\/www.f-dgs.com\/es\/wp-json\/wp\/v2\/product\/13623","targetHints":{"allow":["GET"]}}],"collection":[{"href":"https:\/\/www.f-dgs.com\/es\/wp-json\/wp\/v2\/product"}],"about":[{"href":"https:\/\/www.f-dgs.com\/es\/wp-json\/wp\/v2\/types\/product"}],"replies":[{"embeddable":true,"href":"https:\/\/www.f-dgs.com\/es\/wp-json\/wp\/v2\/comments?post=13623"}],"wp:featuredmedia":[{"embeddable":true,"href":"https:\/\/www.f-dgs.com\/es\/wp-json\/wp\/v2\/media\/13625"}],"wp:attachment":[{"href":"https:\/\/www.f-dgs.com\/es\/wp-json\/wp\/v2\/media?parent=13623"}],"wp:term":[{"taxonomy":"product_cat","embeddable":true,"href":"https:\/\/www.f-dgs.com\/es\/wp-json\/wp\/v2\/product_cat?post=13623"},{"taxonomy":"product_tag","embeddable":true,"href":"https:\/\/www.f-dgs.com\/es\/wp-json\/wp\/v2\/product_tag?post=13623"}],"curies":[{"name":"wp","href":"https:\/\/api.w.org\/{rel}","templated":true}]}}