{"id":13611,"date":"2022-05-17T18:10:57","date_gmt":"2022-05-17T16:10:57","guid":{"rendered":"https:\/\/www.f-dgs.com\/product\/sin categor\u00eda\/cryogen-65-generador-de-nitrogeno-liquido-n2\/"},"modified":"2022-05-17T18:10:57","modified_gmt":"2022-05-17T16:10:57","slug":"cryogen-65-generador-de-nitrogeno-liquido-n2","status":"publish","type":"product","link":"https:\/\/www.f-dgs.com\/es\/product\/generador-de-nitrogeno-liquido\/cryogen-65-generador-de-nitrogeno-liquido-n2\/","title":{"rendered":"CRYOGEN.65 Generador de nitr\u00f3geno l\u00edquido N2"},"content":{"rendered":"<p class=\"p2\">El CRYOGEN.65 es el <span class=\"s2\"><b>\u00abrefrigerado por agua <\/b><\/span>refrigerado por agua\u00bb de F-DGSi.<span class=\"Apple-converted-space\"> <\/span><\/p>\n<p class=\"p2\">Utilizando un dise\u00f1o fiable de \u00abcriorrefrigerador\u00bb de tecnolog\u00eda de cabezal fr\u00edo y compresor de helio, el gas nitr\u00f3geno se produce a continuaci\u00f3n mediante la tecnolog\u00eda PSA, que se enfr\u00eda a 77K (-196\u00b0C) para producir nitr\u00f3geno l\u00edquido.<span class=\"Apple-converted-space\"> <\/span><\/p>\n<p class=\"p2\">Los Generadores se controlan mediante lo \u00faltimo en tecnolog\u00eda de pantalla t\u00e1ctil HMI para visualizar el proceso en tiempo real, mostrando el nivel de l\u00edquido del dewar, la producci\u00f3n de nitr\u00f3geno PSA, proporcionando un sistema totalmente automatizado con s\u00f3lo pulsar un bot\u00f3n, con acceso remoto para el control de diagn\u00f3stico.<span class=\"Apple-converted-space\"> <\/span><\/p>\n<p class=\"p3\">El nitr\u00f3geno l\u00edquido puede dispensarse mediante una manguera aislada al vac\u00edo de 1,5 metros. Con el suministro de agua de refrigeraci\u00f3n o enfriador de agua, el sistema puede funcionar hasta +52 \u00b0C de temperatura ambiente, por lo que es apto para funcionar en cualquier parte del mundo.<span class=\"Apple-converted-space\"> <\/span><\/p>\n","protected":false},"excerpt":{"rendered":"<p>El CRYOGEN.65 es el \u00abrefrigerado por agua refrigerado por agua\u00bb de F-DGSi. Utilizando un dise\u00f1o fiable de \u00abcriorrefrigerador\u00bb de tecnolog\u00eda de cabezal fr\u00edo y compresor de helio, el gas nitr\u00f3geno se produce a continuaci\u00f3n mediante la tecnolog\u00eda PSA, que se enfr\u00eda a 77K (-196\u00b0C) para producir nitr\u00f3geno l\u00edquido. Los Generadores se controlan mediante lo \u00faltimo [&hellip;]<\/p>\n","protected":false},"featured_media":13613,"comment_status":"open","ping_status":"closed","template":"","meta":[],"product_cat":[303],"product_tag":[],"class_list":{"0":"post-13611","1":"product","2":"type-product","3":"status-publish","4":"has-post-thumbnail","6":"product_cat-generador-de-nitrogeno-liquido","8":"first","9":"instock","10":"shipping-taxable","11":"product-type-simple"},"_links":{"self":[{"href":"https:\/\/www.f-dgs.com\/es\/wp-json\/wp\/v2\/product\/13611","targetHints":{"allow":["GET"]}}],"collection":[{"href":"https:\/\/www.f-dgs.com\/es\/wp-json\/wp\/v2\/product"}],"about":[{"href":"https:\/\/www.f-dgs.com\/es\/wp-json\/wp\/v2\/types\/product"}],"replies":[{"embeddable":true,"href":"https:\/\/www.f-dgs.com\/es\/wp-json\/wp\/v2\/comments?post=13611"}],"wp:featuredmedia":[{"embeddable":true,"href":"https:\/\/www.f-dgs.com\/es\/wp-json\/wp\/v2\/media\/13613"}],"wp:attachment":[{"href":"https:\/\/www.f-dgs.com\/es\/wp-json\/wp\/v2\/media?parent=13611"}],"wp:term":[{"taxonomy":"product_cat","embeddable":true,"href":"https:\/\/www.f-dgs.com\/es\/wp-json\/wp\/v2\/product_cat?post=13611"},{"taxonomy":"product_tag","embeddable":true,"href":"https:\/\/www.f-dgs.com\/es\/wp-json\/wp\/v2\/product_tag?post=13611"}],"curies":[{"name":"wp","href":"https:\/\/api.w.org\/{rel}","templated":true}]}}