{"id":13570,"date":"2022-06-01T01:10:29","date_gmt":"2022-05-31T23:10:29","guid":{"rendered":"https:\/\/www.f-dgs.com\/product\/sin categor\u00eda\/generador-de-aire-cero-cosmos-rack-za\/"},"modified":"2022-06-01T01:10:29","modified_gmt":"2022-05-31T23:10:29","slug":"generador-de-aire-cero-cosmos-rack-za","status":"publish","type":"product","link":"https:\/\/www.f-dgs.com\/es\/product\/generadores-de-aire\/generador-de-aire-cero-cosmos-rack-za\/","title":{"rendered":"Generador de Aire Cero COSMOS RACK ZA"},"content":{"rendered":"<p class=\"p2\">El generador COSMOS RACK Zero Air utiliza aire comprimido prefiltrado a 0,1 micras y luego purificado mediante un m\u00f3dulo catalizador calentado. El aire cero de salida est\u00e1 libre de hidrocarburos, incluidos el metano y el mon\u00f3xido de carbono, en &lt; 0,05 ppm. Se utiliza un filtro de postfiltraci\u00f3n de 0,01 micras para evitar que entre en el instrumento cualquier tipo de part\u00edcula. Este nivel de pureza produce una baja relaci\u00f3n se\u00f1al\/ruido, lo que garantiza una l\u00ednea de base del analizador plana y estable.<\/p>\n<p class=\"p2\">Dise\u00f1ado pensando en la seguridad y la comodidad, este sistema eliminar\u00e1 la necesidad de inc\u00f3modas bombonas de gas a alta presi\u00f3n.<\/p>\n<p class=\"p2\">Su dise\u00f1o ergon\u00f3mico, compacto y silencioso hace de la serie COSMOS RACK Zero Air la soluci\u00f3n ideal para las siguientes aplicaciones anal\u00edticas.<\/p>\n","protected":false},"excerpt":{"rendered":"<p>El generador COSMOS RACK Zero Air utiliza aire comprimido prefiltrado a 0,1 micras y luego purificado mediante un m\u00f3dulo catalizador calentado. El aire cero de salida est\u00e1 libre de hidrocarburos, incluidos el metano y el mon\u00f3xido de carbono, en &lt; 0,05 ppm. Se utiliza un filtro de postfiltraci\u00f3n de 0,01 micras para evitar que entre [&hellip;]<\/p>\n","protected":false},"featured_media":13574,"comment_status":"closed","ping_status":"closed","template":"","meta":[],"product_cat":[297],"product_tag":[301],"class_list":{"0":"post-13570","1":"product","2":"type-product","3":"status-publish","4":"has-post-thumbnail","6":"product_cat-generadores-de-aire","7":"product_tag-gc-es","9":"first","10":"instock","11":"shipping-taxable","12":"product-type-simple"},"_links":{"self":[{"href":"https:\/\/www.f-dgs.com\/es\/wp-json\/wp\/v2\/product\/13570","targetHints":{"allow":["GET"]}}],"collection":[{"href":"https:\/\/www.f-dgs.com\/es\/wp-json\/wp\/v2\/product"}],"about":[{"href":"https:\/\/www.f-dgs.com\/es\/wp-json\/wp\/v2\/types\/product"}],"replies":[{"embeddable":true,"href":"https:\/\/www.f-dgs.com\/es\/wp-json\/wp\/v2\/comments?post=13570"}],"wp:featuredmedia":[{"embeddable":true,"href":"https:\/\/www.f-dgs.com\/es\/wp-json\/wp\/v2\/media\/13574"}],"wp:attachment":[{"href":"https:\/\/www.f-dgs.com\/es\/wp-json\/wp\/v2\/media?parent=13570"}],"wp:term":[{"taxonomy":"product_cat","embeddable":true,"href":"https:\/\/www.f-dgs.com\/es\/wp-json\/wp\/v2\/product_cat?post=13570"},{"taxonomy":"product_tag","embeddable":true,"href":"https:\/\/www.f-dgs.com\/es\/wp-json\/wp\/v2\/product_tag?post=13570"}],"curies":[{"name":"wp","href":"https:\/\/api.w.org\/{rel}","templated":true}]}}