{"id":8187,"date":"2022-03-07T14:59:40","date_gmt":"2022-03-07T13:59:40","guid":{"rendered":"https:\/\/www.f-dgs.com\/?page_id=8187"},"modified":"2025-05-18T17:19:31","modified_gmt":"2025-05-18T15:19:31","slug":"contacto","status":"publish","type":"page","link":"https:\/\/www.f-dgs.com\/es\/contacto\/","title":{"rendered":"Contacto"},"content":{"rendered":"\t\t<div data-elementor-type=\"wp-page\" data-elementor-id=\"8187\" class=\"elementor elementor-8187 elementor-7181\" data-elementor-post-type=\"page\">\n\t\t\t\t<div class=\"elementor-element elementor-element-49f5452 e-flex e-con-boxed e-con e-parent\" data-id=\"49f5452\" data-element_type=\"container\" data-settings=\"{&quot;jet_parallax_layout_list&quot;:[]}\">\n\t\t\t\t\t<div class=\"e-con-inner\">\n\t\t<div class=\"elementor-element elementor-element-df5c94d e-con-full e-flex e-con e-child\" data-id=\"df5c94d\" data-element_type=\"container\" data-settings=\"{&quot;jet_parallax_layout_list&quot;:[]}\">\n\t\t\t\t<div class=\"elementor-element elementor-element-9125aa0 elementor-widget elementor-widget-heading\" data-id=\"9125aa0\" data-element_type=\"widget\" data-widget_type=\"heading.default\">\n\t\t\t\t<div class=\"elementor-widget-container\">\n\t\t\t<h2 class=\"elementor-heading-title elementor-size-default\">Solicitud de informaci\u00f3n<\/h2>\t\t<\/div>\n\t\t\t\t<\/div>\n\t\t\t\t<div class=\"elementor-element elementor-element-75f6d87 elementor-widget elementor-widget-text-editor\" data-id=\"75f6d87\" data-element_type=\"widget\" data-widget_type=\"text-editor.default\">\n\t\t\t\t<div class=\"elementor-widget-container\">\n\t\t\t\t\t\t\t<p>En F-DGSi nos centramos en proporcionar un alto nivel de servicio en relaci\u00f3n con nuestros productos y asistencia in situ, garantizando al mismo tiempo que cumplimos sus expectativas.<\/p><p>Por favor, p\u00f3ngase en contacto con nosotros seleccionando el tipo de consulta apropiado y completando toda la informaci\u00f3n posible para que podamos asegurarnos de que su consulta se env\u00eda al miembro apropiado del equipo de F-DGSi lo antes posible.<\/p><p><strong>Para cualquier problema t\u00e9cnico, haga clic aqu\u00ed<\/strong><\/p>\t\t\t\t\t\t<\/div>\n\t\t\t\t<\/div>\n\t\t\t\t<div class=\"elementor-element elementor-element-4c3fbb8 elementor-widget elementor-widget-text-editor\" data-id=\"4c3fbb8\" data-element_type=\"widget\" data-widget_type=\"text-editor.default\">\n\t\t\t\t<div class=\"elementor-widget-container\">\n\t\t\t\t\t\t\t<iframe style=\"width: 100%; height: 1000px; border: none;\" title=\"Mon iframe\" src=\"https:\/\/fdgsi.odoo.com\/contact-es\" name=\"contact-form\" allowfullscreen=\"allowfullscreen\"><span data-mce-type=\"bookmark\" style=\"display: inline-block; width: 0px; overflow: hidden; line-height: 0;\" class=\"mce_SELRES_start\">\ufeff<\/span><span data-mce-type=\"bookmark\" style=\"display: inline-block; width: 0px; overflow: hidden; line-height: 0;\" class=\"mce_SELRES_start\">\ufeff<\/span><span data-mce-type=\"bookmark\" style=\"display: inline-block; width: 0px; overflow: hidden; line-height: 0;\" class=\"mce_SELRES_start\">\ufeff<\/span><\/iframe>\t\t\t\t\t\t<\/div>\n\t\t\t\t<\/div>\n\t\t\t\t<div class=\"elementor-element elementor-element-6f3de91 elementor-hidden-desktop elementor-hidden-tablet_extra elementor-hidden-tablet elementor-hidden-mobile_extra elementor-hidden-mobile elementor-widget elementor-widget-jet-engine-booking-form\" data-id=\"6f3de91\" data-element_type=\"widget\" data-widget_type=\"jet-engine-booking-form.default\">\n\t\t\t\t<div class=\"elementor-widget-container\">\n\t\t\t<form  class=\"jet-form layout-column submit-type-reload\" action=\"\/es\/wp-json\/wp\/v2\/pages\/8187?jet_engine_action=book&#038;nocache=1777736876\" method=\"POST\" data-form-id=\"8091\"><input class=\"jet-form__field hidden-field\" type=\"hidden\" name=\"_jet_engine_booking_form_id\" value=\"8091\" data-field-name=\"_jet_engine_booking_form_id\"><input class=\"jet-form__field hidden-field\" type=\"hidden\" name=\"_jet_engine_refer\" value=\"https:\/\/www.f-dgs.com\/es\/wp-json\/wp\/v2\/pages\/8187\/\" data-field-name=\"_jet_engine_refer\"><div  class=\"jet-form-row jet-form-row--hidden\"><div class=\"jet-form-col jet-form-col-12  field-type-hidden  jet-form-field-container\" data-field=\"post_id\" data-conditional=\"false\"><input class=\"jet-form__field hidden-field\" type=\"hidden\" name=\"post_id\" value=\"8187\" data-field-name=\"post_id\"><\/div><\/div><div  class=\"jet-form-row jet-form-row--first-visible\"><div class=\"jet-form-col jet-form-col-4  field-type-text  jet-form-field-container\" data-field=\"your_name\" data-conditional=\"false\"><div class=\"jet-form__label\">\n\t<span class=\"jet-form__label-text\" >Nombre<span class=\"jet-form__required\">*<\/span><\/span>\n\t<\/div><input class=\"jet-form__field text-field \" placeholder=\"Nombre\" value=\"\" required=\"required\" name=\"your_name\" id=\"your_name\" type=\"text\" data-field-name=\"your_name\"><\/div><div class=\"jet-form-col jet-form-col-4  field-type-text  jet-form-field-container\" data-field=\"your_email\" data-conditional=\"false\"><div class=\"jet-form__label\">\n\t<span class=\"jet-form__label-text\" >Email<span class=\"jet-form__required\">*<\/span><\/span>\n\t<\/div><input class=\"jet-form__field text-field \" placeholder=\"Email\" value=\"\" required=\"required\" name=\"your_email\" id=\"your_email\" type=\"email\" data-field-name=\"your_email\"><\/div><div class=\"jet-form-col jet-form-col-4  field-type-text  jet-form-field-container\" data-field=\"your_phone\" data-conditional=\"false\"><div class=\"jet-form__label\">\n\t<span class=\"jet-form__label-text\" >Tel\u00e9fono<span class=\"jet-form__required\">*<\/span><\/span>\n\t<\/div><input class=\"jet-form__field text-field \" placeholder=\"Tel\u00e9fono\" value=\"\" required=\"required\" name=\"your_phone\" id=\"your_phone\" type=\"tel\" data-field-name=\"your_phone\"><\/div><\/div><div  class=\"jet-form-row\"><div class=\"jet-form-col jet-form-col-4  field-type-text  jet-form-field-container\" data-field=\"name_company\" data-conditional=\"false\"><div class=\"jet-form__label\">\n\t<span class=\"jet-form__label-text\" >Empresa<span class=\"jet-form__required\">*<\/span><\/span>\n\t<\/div><input class=\"jet-form__field text-field \" placeholder=\"Empresa\" value=\"\" required=\"required\" name=\"name_company\" id=\"name_company\" type=\"text\" data-field-name=\"name_company\"><\/div><div class=\"jet-form-col jet-form-col-4  field-type-text  jet-form-field-container\" data-field=\"your_role\" data-conditional=\"false\"><div class=\"jet-form__label\">\n\t<span class=\"jet-form__label-text\" >Papel<span class=\"jet-form__required\">*<\/span><\/span>\n\t<\/div><input class=\"jet-form__field text-field \" placeholder=\"Papel\" value=\"\" required=\"required\" name=\"your_role\" id=\"your_role\" type=\"text\" data-field-name=\"your_role\"><\/div><div class=\"jet-form-col jet-form-col-4  field-type-text  jet-form-field-container\" data-field=\"your_country\" data-conditional=\"false\"><div class=\"jet-form__label\">\n\t<span class=\"jet-form__label-text\" >Pa\u00eds<span class=\"jet-form__required\">*<\/span><\/span>\n\t<\/div><input class=\"jet-form__field text-field \" placeholder=\"Pa\u00eds\" value=\"\" required=\"required\" name=\"your_country\" id=\"your_country\" type=\"text\" data-field-name=\"your_country\"><\/div><\/div><div  class=\"jet-form-row\"><div class=\"jet-form-col jet-form-col-12  field-type-select  jet-form-field-container\" data-field=\"know_fdgs\" data-conditional=\"false\"><div class=\"jet-form__label\">\n\t<span class=\"jet-form__label-text\" >\u00bfC\u00f3mo nos conoci\u00f3?<span class=\"jet-form__required\">*<\/span><\/span>\n\t<\/div><select  required=\"required\" name=\"know_fdgs\" data-field-name=\"know_fdgs\" id=\"know_fdgs\" data-default-val=\"Choose an option\" class=\"jet-form__field select-field\"><option value=\"Search engine\" >Motor de b\u00fasqueda<\/option><option value=\"recomRecommendation from a customermendation\" >Recomendaci\u00f3n del cliente<\/option><option value=\"From a colleague\" >Gracias a un colega<\/option><option value=\"Publicity (LabMate, Gazette du Labo, ...)\" >Publicidad (LabMate, Gazette du Labo, ...)<\/option><option value=\"Social media (LinkedIn)\" >Redes sociales (LinkedIn)<\/option><option value=\"Other\" >Otros<\/option><\/select><\/div><\/div><div  class=\"jet-form-row\"><div class=\"jet-form-col jet-form-col-12  field-type-select  jet-form-field-container\" data-field=\"what_request\" data-conditional=\"false\"><div class=\"jet-form__label\">\n\t<span class=\"jet-form__label-text\" >\u00bfCu\u00e1l es su petici\u00f3n?<span class=\"jet-form__required\">*<\/span><\/span>\n\t<\/div><select  required=\"required\" name=\"what_request\" data-field-name=\"what_request\" id=\"what_request\" data-default-val=\"\" class=\"jet-form__field select-field\"><option value=\"request-quote\" >Solicitar un presupuesto<\/option><option value=\"request-info\" >Recibir informaci\u00f3n<\/option><option value=\"technical-support\" >Asistencia t\u00e9cnica<\/option><option value=\"service-contract\" >Contratos de servicios<\/option><option value=\"receive-info\" >Recibir informaci\u00f3n sobre nuestros servicios<\/option><option value=\"general-inquiry\" >Informaci\u00f3n general<\/option><\/select><\/div><\/div><div  class=\"jet-form-row\"><div class=\"jet-form-col jet-form-col-12  field-type-textarea  jet-form-field-container\" data-field=\"your_message\" data-conditional=\"false\"><div class=\"jet-form__label\">\n\t<span class=\"jet-form__label-text\" >Mensaje<span class=\"jet-form__required\">*<\/span><\/span>\n\t<\/div><textarea class=\"jet-form__field textarea-field\" placeholder=\"Mensaje\" required=\"required\" name=\"your_message\" data-field-name=\"your_message\" id=\"your_message\" minlength=\"20\"><\/textarea><\/div><\/div><div  class=\"jet-form-row\"><div class=\"jet-form-col jet-form-col-12  field-type-checkboxes  jet-form-field-container\" data-field=\"stored_data\" data-conditional=\"false\"><div class=\"jet-form__fields-group checkradio-wrap\">\t\t<div class=\"jet-form__field-wrap checkboxes-wrap checkradio-wrap\">\n\t\t\t\t\t\t<label class=\"jet-form__field-label\">\n\t\t\t\t<input\n\t\t\t\t\ttype=\"checkbox\"\n\t\t\t\t\tname=\"stored_data\"\n\t\t\t\t\tclass=\"jet-form__field checkboxes-field checkradio-field checkboxes-required\"\n\t\t\t\t\tvalue=\"agreed_1\"\n\t\t\t\t\tdata-field-name=\"stored_data\"\n\t\t\t\t\t\t\t\t\t\trequired=\"required\"\t\t\t\t\t\t\t\t\t>\n\t\t\t\tAcepto que mis datos se utilicen con fines de marketing\t\t\t<\/label>\n\t\t<\/div>\n\t\t<\/div><\/div><\/div><div  class=\"jet-form-row jet-form-row--submit\"><div class=\"jet-form-col jet-form-col-12  field-type-submit  jet-form-field-container\" data-field=\"Submit\" data-conditional=\"false\"><div class=\"jet-form__submit-wrap\">\n\t\t<button class=\"jet-form__submit submit-type-reload\" type=\"submit\">Enviar<\/button>\n<\/div><\/div><\/div><div  class=\"jet-form-row jet-form-row--hidden\"><div class=\"jet-form-col jet-form-col-12  field-type-hidden  jet-form-field-container\" data-field=\"link_title_name\" data-conditional=\"false\"><input class=\"jet-form__field hidden-field\" type=\"hidden\" name=\"link_title_name\" value=\"Contacto\" data-field-name=\"link_title_name\"><\/div><\/div><script id=\"jet-engine-recaptcha-js\" src=\"https:\/\/www.google.com\/recaptcha\/api.js?render=6LfnBsoiAAAAAJ_O8zBIxWRWgbvPYocDI7c7XdWl\"><\/script>\t\t\t<input type=\"hidden\" class=\"captcha-token\" name=\"_captcha_token\" value=\"\">\n\t\t\t<script>\n\n\t\t\t\tif ( ! window.JetEngineFormCaptcha ) {\n\t\t\t\t\twindow.JetEngineFormCaptcha = function( formID ) {\n\t\t\t\t\t\tvar $script  = document.querySelector( 'script#jet-engine-recaptcha-js' ),\n\t\t\t\t\t\t\t$cpField = document.querySelector( 'form[data-form-id=\"' + formID + '\"] .captcha-token' );\n\n\t\t\t\t\t\tfunction setFormToken() {\n\t\t\t\t\t\t\tif ( window.JetEngineFormToken ) {\n\t\t\t\t\t\t\t\t$cpField.value = window.JetEngineFormToken;\n\t\t\t\t\t\t\t} else if ( window.grecaptcha ) {\n\t\t\t\t\t\t\t\twindow.grecaptcha.ready( function() {\n\t\t\t\t\t\t\t\t\tgrecaptcha.execute(\n\t\t\t\t\t\t\t\t\t\t'6LfnBsoiAAAAAJ_O8zBIxWRWgbvPYocDI7c7XdWl',\n\t\t\t\t\t\t\t\t\t\t{\n\t\t\t\t\t\t\t\t\t\t\taction: 'submit_form'\n\t\t\t\t\t\t\t\t\t\t}\n\t\t\t\t\t\t\t\t\t).then( function( token ) {\n\t\t\t\t\t\t\t\t\t\t$cpField.value = token;\n\t\t\t\t\t\t\t\t\t\twindow.JetEngineFormToken = token;\n\t\t\t\t\t\t\t\t\t} );\n\t\t\t\t\t\t\t\t} );\n\t\t\t\t\t\t\t}\n\t\t\t\t\t\t}\n\n\t\t\t\t\t\tif ( ! $cpField ) {\n\t\t\t\t\t\t\treturn;\n\t\t\t\t\t\t}\n\n\t\t\t\t\t\tif ( ! $script ) {\n\n\t\t\t\t\t\t\t$script = document.createElement( 'script' );\n\n\t\t\t\t\t\t\t$script.id  = 'jet-engine-recaptcha-js';\n\t\t\t\t\t\t\t$script.src = 'https:\/\/www.google.com\/recaptcha\/api.js?render=6LfnBsoiAAAAAJ_O8zBIxWRWgbvPYocDI7c7XdWl';\n\n\t\t\t\t\t\t\t$cpField.parentNode.insertBefore( $script, $cpField );\n\n\t\t\t\t\t\t\t$script.onload = function() {\n\t\t\t\t\t\t\t\tsetFormToken();\n\t\t\t\t\t\t\t};\n\n\t\t\t\t\t\t} else {\n\t\t\t\t\t\t\tsetFormToken();\n\t\t\t\t\t\t}\n\n\t\t\t\t\t}\n\t\t\t\t}\n\n\t\t\t\twindow.JetEngineFormCaptcha( 8091 );\n\n\t\t\t\tjQuery( window ).on( 'jet-popup\/show-event\/after-show', function () {\n\n\t\t\t\t\twindow.JetEngineFormCaptcha( 8091 );\n\n\t\t\t\t} );\n\t\t\t<\/script>\n\t\t\t<input class=\"jet-form__field hidden-field\" type=\"hidden\" name=\"_jet_engine_nonce\" value=\"4a47cbabe8\" data-field-name=\"_jet_engine_nonce\"><\/form>\t\t<\/div>\n\t\t\t\t<\/div>\n\t\t\t\t<\/div>\n\t\t\t\t\t<\/div>\n\t\t\t\t<\/div>\n\t\t<div class=\"elementor-element elementor-element-2e4385c max-width e-flex e-con-boxed e-con e-parent\" data-id=\"2e4385c\" data-element_type=\"container\" data-settings=\"{&quot;jet_parallax_layout_list&quot;:[]}\">\n\t\t\t\t\t<div class=\"e-con-inner\">\n\t\t<div class=\"elementor-element elementor-element-87eb9d6 e-con-full e-flex e-con e-child\" data-id=\"87eb9d6\" data-element_type=\"container\" data-settings=\"{&quot;background_background&quot;:&quot;classic&quot;,&quot;jet_parallax_layout_list&quot;:[]}\">\n\t\t\t\t<div class=\"elementor-element elementor-element-7f0fada elementor-widget elementor-widget-heading\" data-id=\"7f0fada\" data-element_type=\"widget\" data-widget_type=\"heading.default\">\n\t\t\t\t<div class=\"elementor-widget-container\">\n\t\t\t<h2 class=\"elementor-heading-title elementor-size-default\">Ubicaci\u00f3n de nuestras oficinas de F-DGSi<\/h2>\t\t<\/div>\n\t\t\t\t<\/div>\n\t\t\t\t<div class=\"elementor-element elementor-element-198203c elementor-widget elementor-widget-text-editor\" data-id=\"198203c\" data-element_type=\"widget\" data-widget_type=\"text-editor.default\">\n\t\t\t\t<div class=\"elementor-widget-container\">\n\t\t\t\t\t\t\t<p>Si necesita asesoramiento, instalaci\u00f3n de m\u00e1quinas, mantenimiento peri\u00f3dico o una aver\u00eda, estamos preparados para ayudarle con consejos, asistencia y servicio.<\/p><p><strong>No dude en ponerse en contacto con nosotros si tiene alguna pregunta.<\/strong><\/p>\t\t\t\t\t\t<\/div>\n\t\t\t\t<\/div>\n\t\t<div class=\"elementor-element elementor-element-52425a5 e-con-full e-flex e-con e-child\" data-id=\"52425a5\" data-element_type=\"container\" data-settings=\"{&quot;background_background&quot;:&quot;classic&quot;,&quot;jet_parallax_layout_list&quot;:[]}\">\n\t\t\t\t<div class=\"elementor-element elementor-element-2bc91e3 elementor-widget__width-auto elementor-widget elementor-widget-text-editor\" data-id=\"2bc91e3\" data-element_type=\"widget\" data-widget_type=\"text-editor.default\">\n\t\t\t\t<div class=\"elementor-widget-container\">\n\t\t\t\t\t\t\t<h3><strong>F-DGSi Francia<br><\/strong><\/h3>\n<p>F-DGSi SAS<br>365 Avenue de Rio<br>77127 Lieusaint, France<br>Tel : +33(0)1 64 98 21 00<br>Fax : +33(0)1 64 98 00 43<br>Mail : info@f-dgs.com<\/p>\t\t\t\t\t\t<\/div>\n\t\t\t\t<\/div>\n\t\t\t\t<div class=\"elementor-element elementor-element-ba8dc98 elementor-widget__width-auto elementor-widget elementor-widget-text-editor\" data-id=\"ba8dc98\" data-element_type=\"widget\" data-widget_type=\"text-editor.default\">\n\t\t\t\t<div class=\"elementor-widget-container\">\n\t\t\t\t\t\t\t<h3><strong>F-DGSi India<br \/><\/strong><\/h3><p>F-DGSi India Pvt. Ltd.<br \/>Tholons Tower, 1st Floor,<br \/>346 17th Cross, Dollars Colony,<br \/>Bangalore 560094, India<br \/>Tel : +91 8431 408 225<br \/>Mail : info@f-dgs.com<\/p>\t\t\t\t\t\t<\/div>\n\t\t\t\t<\/div>\n\t\t\t\t<div class=\"elementor-element elementor-element-927920b elementor-widget__width-auto elementor-widget elementor-widget-text-editor\" data-id=\"927920b\" data-element_type=\"widget\" data-widget_type=\"text-editor.default\">\n\t\t\t\t<div class=\"elementor-widget-container\">\n\t\t\t\t\t\t\t<h3><strong>F-DGSi Estados unidos<\/strong><strong><br \/><\/strong><\/h3><p>F-DGSi Inc.<br \/>Boston, USA<br \/>Tel : +1(617) 576-2005<br \/>Fax : +1(617) 576-2001<br \/>Mail : info@f-dgs.com<\/p>\t\t\t\t\t\t<\/div>\n\t\t\t\t<\/div>\n\t\t\t\t<\/div>\n\t\t\t\t<\/div>\n\t\t<div class=\"elementor-element elementor-element-606df80 e-con-full max-width e-flex e-con e-child\" data-id=\"606df80\" data-element_type=\"container\" data-settings=\"{&quot;jet_parallax_layout_list&quot;:[]}\">\n\t\t\t\t<\/div>\n\t\t\t\t\t<\/div>\n\t\t\t\t<\/div>\n\t\t\t\t<\/div>\n\t\t","protected":false},"excerpt":{"rendered":"<p>Solicitud de informaci\u00f3n En F-DGSi nos centramos en proporcionar un alto nivel de servicio en relaci\u00f3n con nuestros productos y asistencia in situ, garantizando al mismo tiempo que cumplimos sus expectativas. Por favor, p\u00f3ngase en contacto con nosotros seleccionando el tipo de consulta apropiado y completando toda la informaci\u00f3n posible para que podamos asegurarnos de [&hellip;]<\/p>\n","protected":false},"author":5,"featured_media":0,"parent":0,"menu_order":0,"comment_status":"closed","ping_status":"closed","template":"elementor_header_footer","meta":{"footnotes":""},"class_list":["post-8187","page","type-page","status-publish","hentry"],"_links":{"self":[{"href":"https:\/\/www.f-dgs.com\/es\/wp-json\/wp\/v2\/pages\/8187","targetHints":{"allow":["GET"]}}],"collection":[{"href":"https:\/\/www.f-dgs.com\/es\/wp-json\/wp\/v2\/pages"}],"about":[{"href":"https:\/\/www.f-dgs.com\/es\/wp-json\/wp\/v2\/types\/page"}],"author":[{"embeddable":true,"href":"https:\/\/www.f-dgs.com\/es\/wp-json\/wp\/v2\/users\/5"}],"replies":[{"embeddable":true,"href":"https:\/\/www.f-dgs.com\/es\/wp-json\/wp\/v2\/comments?post=8187"}],"version-history":[{"count":3,"href":"https:\/\/www.f-dgs.com\/es\/wp-json\/wp\/v2\/pages\/8187\/revisions"}],"predecessor-version":[{"id":15992,"href":"https:\/\/www.f-dgs.com\/es\/wp-json\/wp\/v2\/pages\/8187\/revisions\/15992"}],"wp:attachment":[{"href":"https:\/\/www.f-dgs.com\/es\/wp-json\/wp\/v2\/media?parent=8187"}],"curies":[{"name":"wp","href":"https:\/\/api.w.org\/{rel}","templated":true}]}}