{"id":12869,"date":"2022-03-07T17:10:44","date_gmt":"2022-03-07T16:10:44","guid":{"rendered":"https:\/\/www.f-dgs.com\/product\/unkategorisiert\/calypso-dp-wa-stickstoffgenerator\/"},"modified":"2022-03-07T17:10:44","modified_gmt":"2022-03-07T16:10:44","slug":"calypso-dp-wa-stickstoffgenerator","status":"publish","type":"product","link":"https:\/\/www.f-dgs.com\/de\/product\/stickstoffgeneratoren-fur-laboratorien\/calypso-dp-wa-stickstoffgenerator\/","title":{"rendered":"CALYPSO DP.WA Stickstoffgenerator"},"content":{"rendered":"<p class=\"p2\">Mit 2 Modellen, dem <strong>CALYPSO DP.WA<\/strong>, speziell entwickelt f\u00fcr ESI\/APGC LC MSMS und APGC LC MSMS System von Waters.<\/p>\n<p class=\"p2\">Der CALYPSO DP.WA bietet zwei verschiedene Reinheitsgrade von Stickstoff in einer einzigen &#8222;Plug &amp; Play&#8220;-Einheit.<\/p>\n<p class=\"p2\">Der CALYPSO DP.WA ist mit einem integrierten \u00f6lfreien Luftkompressor erh\u00e4ltlich, der die <strong><span class=\"s2\">Energiespartechnologie-Modus (EST)<\/span><\/strong>. Er ist extrem kompakt und leise im Betrieb.<\/p>\n<p class=\"p2\">Der Generator wird \u00fcber den neuesten Farb-Touchscreen gesteuert, der den Prozess in Echtzeit anzeigt, Einlass- und Auslassdr\u00fccke, N2-Fl\u00fcsse und den Status des Systems mit Fernzugriff zur Diagnosekontrolle.<\/p>\n<p class=\"p3\">Mit der <strong><span class=\"s2\">intelligenteDreifach-Filtration und der fortschrittlichen PSA-Technologie<\/span><\/strong> zur Trennung von Stickstoff und Sauerstoff produzieren Sie rund um die Uhr hochwertiges Stickstoffgas auf Abruf.<\/p>\n","protected":false},"excerpt":{"rendered":"<p class=\"p2\">Mit 2 Modellen, dem CALYPSO DP.WA, speziell entwickelt f\u00fcr ESI\/APGC LC MSMS und APGC LC MSMS System von Waters.<span class=\"Apple-converted-space\"> <\/span><\/p>\n<p class=\"p2\">Der CALYPSO DP.WA bietet zwei verschiedene Reinheitsgrade von Stickstoff in einer einzigen &#8222;Plug &amp; Play&#8220;-Einheit.<span class=\"Apple-converted-space\"> <\/span><\/p>\n<p class=\"p2\">Der CALYPSO DP.WA ist mit einem integrierten \u00f6lfreien Luftkompressor erh\u00e4ltlich, der den <span class=\"s2\">Energiesparmodus (EST<\/span>) verwendet. Er ist extrem kompakt und leise im Betrieb.<span class=\"Apple-converted-space\"> <\/span><\/p>\n<p class=\"p2\">Der Generator wird \u00fcber den neuesten Farb-Touchscreen gesteuert, der den Prozess in Echtzeit anzeigt, Einlass- und Auslassdr\u00fccke, N2-Fl\u00fcsse und den Status des Systems mit Fernzugriff zur Diagnosekontrolle.<span class=\"Apple-converted-space\"> <\/span><\/p>\n<p class=\"p3\">Mit der <span class=\"s2\">intelligenten Dreifach-Filtration und der fortschrittlichen PSA-Technologie <\/span>zur Trennung von Stickstoff und Sauerstoff produzieren Sie rund um die Uhr hochwertiges Stickstoffgas auf Abruf.<span class=\"Apple-converted-space\"> <\/span><\/p>\n","protected":false},"featured_media":12870,"comment_status":"closed","ping_status":"closed","template":"","meta":[],"product_cat":[223],"product_tag":[237],"class_list":{"0":"post-12869","1":"product","2":"type-product","3":"status-publish","4":"has-post-thumbnail","6":"product_cat-stickstoffgeneratoren-fur-laboratorien","7":"product_tag-lc-ms-ms-de","9":"first","10":"instock","11":"shipping-taxable","12":"product-type-simple"},"_links":{"self":[{"href":"https:\/\/www.f-dgs.com\/de\/wp-json\/wp\/v2\/product\/12869","targetHints":{"allow":["GET"]}}],"collection":[{"href":"https:\/\/www.f-dgs.com\/de\/wp-json\/wp\/v2\/product"}],"about":[{"href":"https:\/\/www.f-dgs.com\/de\/wp-json\/wp\/v2\/types\/product"}],"replies":[{"embeddable":true,"href":"https:\/\/www.f-dgs.com\/de\/wp-json\/wp\/v2\/comments?post=12869"}],"wp:featuredmedia":[{"embeddable":true,"href":"https:\/\/www.f-dgs.com\/de\/wp-json\/wp\/v2\/media\/12870"}],"wp:attachment":[{"href":"https:\/\/www.f-dgs.com\/de\/wp-json\/wp\/v2\/media?parent=12869"}],"wp:term":[{"taxonomy":"product_cat","embeddable":true,"href":"https:\/\/www.f-dgs.com\/de\/wp-json\/wp\/v2\/product_cat?post=12869"},{"taxonomy":"product_tag","embeddable":true,"href":"https:\/\/www.f-dgs.com\/de\/wp-json\/wp\/v2\/product_tag?post=12869"}],"curies":[{"name":"wp","href":"https:\/\/api.w.org\/{rel}","templated":true}]}}