{"id":12867,"date":"2022-03-07T17:24:46","date_gmt":"2022-03-07T16:24:46","guid":{"rendered":"https:\/\/www.f-dgs.com\/product\/unkategorisiert\/calypso-ds-stickstoffgenerator\/"},"modified":"2022-03-07T17:24:46","modified_gmt":"2022-03-07T16:24:46","slug":"calypso-ds-stickstoffgenerator","status":"publish","type":"product","link":"https:\/\/www.f-dgs.com\/de\/product\/stickstoffgeneratoren-fur-laboratorien\/calypso-ds-stickstoffgenerator\/","title":{"rendered":"CALYPSO DS Stickstoffgenerator"},"content":{"rendered":"<p class=\"p2\">Der CALYPSO.DS Stickstoffgenerator wurde speziell f\u00fcr die Anforderungen an Gasfluss, Reinheit und Druck von LCMS-Ger\u00e4ten entwickelt. Es kann auch f\u00fcr die L\u00f6sungsmittelverdampfung, ASE (Accelerated Solvent Extraction) verwendet werden.<span class=\"Apple-converted-space\"> <\/span><\/p>\n<p class=\"p2\">Der Stickstoffgenerator nutzt die Druckwechseladsorption<span class=\"Apple-converted-space\"> <\/span><\/p>\n<p class=\"p2\">Technologie (PSA) kombiniert mit einem Druckmanagement in zwei Schritten, um reines Stickstoffgas mit hohem Durchfluss, hohem Druck und hoher Reinheit zu erzeugen.<span class=\"Apple-converted-space\"> <\/span><\/p>\n<p class=\"p2\">Der CALYPSO-DS ist mit einem integrierten \u00f6lfreien Luftkompressor erh\u00e4ltlich, der den <strong><span class=\"s2\">Energiespartechnologie-Modus (EST)<\/span><\/strong>. Er ist extrem kompakt und leise im Betrieb.<span class=\"Apple-converted-space\"> <\/span><\/p>\n<p class=\"p3\">Der Generator wird \u00fcber den neuesten Farb-Touchscreen gesteuert, der den Prozess in Echtzeit, den Ein- und Ausgangsdruck, den N2-Durchfluss und den Status des Systems anzeigt und einen Fernzugriff f\u00fcr die Diagnosekontrolle erm\u00f6glicht.<span class=\"Apple-converted-space\"> <\/span><\/p>\n","protected":false},"excerpt":{"rendered":"<p class=\"p2\">Der CALYPSO.DS Stickstoffgenerator wurde speziell f\u00fcr die Anforderungen an Gasfluss, Reinheit und Druck von LCMS-Ger\u00e4ten entwickelt. Es kann auch f\u00fcr die L\u00f6sungsmittelverdampfung, ASE (Accelerated Solvent Extraction) verwendet werden.<\/p>\n<p class=\"p2\">Der Stickstoffgenerator nutzt die Druckwechseladsorption<\/p>\n<p class=\"p2\">Technologie (PSA) kombiniert mit einem Druckmanagement in zwei Schritten, um reines Stickstoffgas mit hohem Durchfluss, hohem Druck und hoher Reinheit zu erzeugen.<\/p>\n<p class=\"p2\">Der CALYPSO-DS ist mit einem integrierten \u00f6lfreien Luftkompressor erh\u00e4ltlich, der den <strong><span class=\"s2\">Energiespartechnologie-Modus (EST)<\/span><\/strong>. Er ist extrem kompakt und leise im Betrieb.<\/p>\n<p class=\"p3\">Der Generator wird \u00fcber den neuesten Farb-Touchscreen gesteuert, der den Prozess in Echtzeit, den Ein- und Ausgangsdruck, den N2-Durchfluss und den Status des Systems anzeigt und einen Fernzugriff f\u00fcr die Diagnosekontrolle erm\u00f6glicht.<\/p>\n","protected":false},"featured_media":12868,"comment_status":"closed","ping_status":"closed","template":"","meta":[],"product_cat":[223],"product_tag":[237],"class_list":{"0":"post-12867","1":"product","2":"type-product","3":"status-publish","4":"has-post-thumbnail","6":"product_cat-stickstoffgeneratoren-fur-laboratorien","7":"product_tag-lc-ms-ms-de","9":"first","10":"instock","11":"shipping-taxable","12":"product-type-simple"},"_links":{"self":[{"href":"https:\/\/www.f-dgs.com\/de\/wp-json\/wp\/v2\/product\/12867","targetHints":{"allow":["GET"]}}],"collection":[{"href":"https:\/\/www.f-dgs.com\/de\/wp-json\/wp\/v2\/product"}],"about":[{"href":"https:\/\/www.f-dgs.com\/de\/wp-json\/wp\/v2\/types\/product"}],"replies":[{"embeddable":true,"href":"https:\/\/www.f-dgs.com\/de\/wp-json\/wp\/v2\/comments?post=12867"}],"wp:featuredmedia":[{"embeddable":true,"href":"https:\/\/www.f-dgs.com\/de\/wp-json\/wp\/v2\/media\/12868"}],"wp:attachment":[{"href":"https:\/\/www.f-dgs.com\/de\/wp-json\/wp\/v2\/media?parent=12867"}],"wp:term":[{"taxonomy":"product_cat","embeddable":true,"href":"https:\/\/www.f-dgs.com\/de\/wp-json\/wp\/v2\/product_cat?post=12867"},{"taxonomy":"product_tag","embeddable":true,"href":"https:\/\/www.f-dgs.com\/de\/wp-json\/wp\/v2\/product_tag?post=12867"}],"curies":[{"name":"wp","href":"https:\/\/api.w.org\/{rel}","templated":true}]}}