{"id":12865,"date":"2022-03-28T11:45:48","date_gmt":"2022-03-28T09:45:48","guid":{"rendered":"https:\/\/www.f-dgs.com\/product\/unkategorisiert\/calypso-ds-hp-stickstoffgenerator\/"},"modified":"2022-03-28T11:45:48","modified_gmt":"2022-03-28T09:45:48","slug":"calypso-ds-hp-stickstoffgenerator","status":"publish","type":"product","link":"https:\/\/www.f-dgs.com\/de\/product\/stickstoffgeneratoren-fur-laboratorien\/calypso-ds-hp-stickstoffgenerator\/","title":{"rendered":"CALYPSO DS.HP Stickstoffgenerator"},"content":{"rendered":"<p>Der CALYPSO DS.HP Stickstoffgenerator wurde speziell f\u00fcr die Anforderungen von ASE-Instrumenten in Bezug auf Gasfluss, Reinheit und Druck entwickelt. Der Stickstoffgenerator nutzt die Druckwechseladsorptionstechnologie (PSA) in Kombination mit einem zweistufigen Druckmanagement, um reines Stickstoffgas mit hohem Fluss, hohem Druck und hoher Reinheit zu erzeugen. Der CALYPSO DS.HP ist mit einem integrierten \u00f6lfreien Luftkompressor im Energiesparmodus (EST) erh\u00e4ltlich. Der Generator wird \u00fcber den neuesten Farb-Touchscreen gesteuert, der den Prozess in Echtzeit, den Ein- und Ausgangsdruck, den N2-Durchfluss und den Status des Systems anzeigt und einen Fernzugriff f\u00fcr die Diagnosekontrolle erm\u00f6glicht.<\/p>\n","protected":false},"excerpt":{"rendered":"<p>Der CALYPSO DS.HP Stickstoffgenerator wurde speziell f\u00fcr die Anforderungen von ASE-Instrumenten in Bezug auf Gasfluss, Reinheit und Druck entwickelt. Der Stickstoffgenerator nutzt die Druckwechseladsorptionstechnologie (PSA) in Kombination mit einem zweistufigen Druckmanagement, um reines Stickstoffgas mit hohem Fluss, hohem Druck und hoher Reinheit zu erzeugen. Der CALYPSO DS.HP ist mit einem integrierten \u00f6lfreien Luftkompressor im Energiesparmodus [&hellip;]<\/p>\n","protected":false},"featured_media":12866,"comment_status":"open","ping_status":"closed","template":"","meta":[],"product_cat":[223],"product_tag":[244],"class_list":{"0":"post-12865","1":"product","2":"type-product","3":"status-publish","4":"has-post-thumbnail","6":"product_cat-stickstoffgeneratoren-fur-laboratorien","7":"product_tag-andere-anwendungen","9":"first","10":"instock","11":"shipping-taxable","12":"product-type-simple"},"_links":{"self":[{"href":"https:\/\/www.f-dgs.com\/de\/wp-json\/wp\/v2\/product\/12865","targetHints":{"allow":["GET"]}}],"collection":[{"href":"https:\/\/www.f-dgs.com\/de\/wp-json\/wp\/v2\/product"}],"about":[{"href":"https:\/\/www.f-dgs.com\/de\/wp-json\/wp\/v2\/types\/product"}],"replies":[{"embeddable":true,"href":"https:\/\/www.f-dgs.com\/de\/wp-json\/wp\/v2\/comments?post=12865"}],"wp:featuredmedia":[{"embeddable":true,"href":"https:\/\/www.f-dgs.com\/de\/wp-json\/wp\/v2\/media\/12866"}],"wp:attachment":[{"href":"https:\/\/www.f-dgs.com\/de\/wp-json\/wp\/v2\/media?parent=12865"}],"wp:term":[{"taxonomy":"product_cat","embeddable":true,"href":"https:\/\/www.f-dgs.com\/de\/wp-json\/wp\/v2\/product_cat?post=12865"},{"taxonomy":"product_tag","embeddable":true,"href":"https:\/\/www.f-dgs.com\/de\/wp-json\/wp\/v2\/product_tag?post=12865"}],"curies":[{"name":"wp","href":"https:\/\/api.w.org\/{rel}","templated":true}]}}