{"id":12863,"date":"2022-03-29T10:34:27","date_gmt":"2022-03-29T08:34:27","guid":{"rendered":"https:\/\/www.f-dgs.com\/product\/unkategorisiert\/celeno-stickstoff-generator\/"},"modified":"2022-03-29T10:34:27","modified_gmt":"2022-03-29T08:34:27","slug":"celeno-stickstoff-generator","status":"publish","type":"product","link":"https:\/\/www.f-dgs.com\/de\/product\/stickstoffgeneratoren-fur-laboratorien\/celeno-stickstoff-generator\/","title":{"rendered":"CELENO Stickstoff-Generator"},"content":{"rendered":"<p>Mit 20 L\/min bietet die CELENO Nitrogen Reihe eine hochreine Stickstoffl\u00f6sung f\u00fcr GC x GC Instrumente mit Cryogen. Der Generator hat einen sehr niedrigen Taupunkt, um mit kryogenen Anwendungen ohne Einfrieren zu arbeiten.<br \/>\nDer CELENO ist ohne oder mit integriertem \u00f6lfreiem Luftkompressor im Energiesparmodus (EST) erh\u00e4ltlich. Er ist extrem kompakt und leise im Betrieb. Der Generator wird \u00fcber den neuesten Farb-Touchscreen gesteuert, der den Prozess in Echtzeit, den Ein- und Ausgangsdruck, den N2-Durchfluss und den Status des Systems anzeigt und einen Fernzugriff f\u00fcr die Diagnosekontrolle erm\u00f6glicht.<br \/>\nMit der fortschrittlichen PSA-Technologie zur Trennung von Stickstoff und Sauerstoff k\u00f6nnen Sie rund um die Uhr hochwertiges Stickstoffgas produzieren.<\/p>\n","protected":false},"excerpt":{"rendered":"<p>Mit 20 L\/min bietet die CELENO Nitrogen Reihe eine hochreine Stickstoffl\u00f6sung f\u00fcr GC x GC Instrumente mit Cryogen. Der Generator hat einen sehr niedrigen Taupunkt, um mit kryogenen Anwendungen ohne Einfrieren zu arbeiten. Der CELENO ist ohne oder mit integriertem \u00f6lfreiem Luftkompressor im Energiesparmodus (EST) erh\u00e4ltlich. Er ist extrem kompakt und leise im Betrieb. Der [&hellip;]<\/p>\n","protected":false},"featured_media":12864,"comment_status":"open","ping_status":"closed","template":"","meta":[],"product_cat":[223],"product_tag":[249],"class_list":{"0":"post-12863","1":"product","2":"type-product","3":"status-publish","4":"has-post-thumbnail","6":"product_cat-stickstoffgeneratoren-fur-laboratorien","7":"product_tag-gc-gc-ms-de","9":"first","10":"instock","11":"shipping-taxable","12":"product-type-simple"},"_links":{"self":[{"href":"https:\/\/www.f-dgs.com\/de\/wp-json\/wp\/v2\/product\/12863","targetHints":{"allow":["GET"]}}],"collection":[{"href":"https:\/\/www.f-dgs.com\/de\/wp-json\/wp\/v2\/product"}],"about":[{"href":"https:\/\/www.f-dgs.com\/de\/wp-json\/wp\/v2\/types\/product"}],"replies":[{"embeddable":true,"href":"https:\/\/www.f-dgs.com\/de\/wp-json\/wp\/v2\/comments?post=12863"}],"wp:featuredmedia":[{"embeddable":true,"href":"https:\/\/www.f-dgs.com\/de\/wp-json\/wp\/v2\/media\/12864"}],"wp:attachment":[{"href":"https:\/\/www.f-dgs.com\/de\/wp-json\/wp\/v2\/media?parent=12863"}],"wp:term":[{"taxonomy":"product_cat","embeddable":true,"href":"https:\/\/www.f-dgs.com\/de\/wp-json\/wp\/v2\/product_cat?post=12863"},{"taxonomy":"product_tag","embeddable":true,"href":"https:\/\/www.f-dgs.com\/de\/wp-json\/wp\/v2\/product_tag?post=12863"}],"curies":[{"name":"wp","href":"https:\/\/api.w.org\/{rel}","templated":true}]}}