{"id":12861,"date":"2022-03-29T10:34:03","date_gmt":"2022-03-29T08:34:03","guid":{"rendered":"https:\/\/www.f-dgs.com\/product\/unkategorisiert\/calypso-duo-stickstoffgenerator\/"},"modified":"2022-03-29T10:34:03","modified_gmt":"2022-03-29T08:34:03","slug":"calypso-duo-stickstoffgenerator","status":"publish","type":"product","link":"https:\/\/www.f-dgs.com\/de\/product\/stickstoffgeneratoren-fur-laboratorien\/calypso-duo-stickstoffgenerator\/","title":{"rendered":"CALYPSO DUO Stickstoffgenerator"},"content":{"rendered":"<p>Der CALYPSO DUO vereint die Kapazit\u00e4t von zwei CALYPSO Stickstoffgeneratoren in einem einzigen, vollst\u00e4ndig integrierten System. Der CALYPSO DUO ist mit einem integrierten \u00f6lfreien Luftkompressor mit Energy Saving Technology (EST) erh\u00e4ltlich. Er ist extrem kompakt und leise.<br \/>\nDer Generator wird \u00fcber die neueste Farb-Touchscreen-Technologie gesteuert, die den Prozess, den Einlass- und Auslassdruck, den N2-Durchfluss und den Systemstatus in Echtzeit anzeigt und einen Fernzugriff f\u00fcr die Diagnosekontrolle erm\u00f6glicht.<br \/>\nMit intelligenter Dreifachfiltration und fortschrittlicher PSA-Stickstoff\/Sauerstoff-Trennungstechnologie zur Produktion von hochwertigem Stickstoffgas auf Abruf rund um die Uhr.<\/p>\n","protected":false},"excerpt":{"rendered":"<p>Der CALYPSO DUO vereint die Kapazit\u00e4t von zwei CALYPSO Stickstoffgeneratoren in einem einzigen, vollst\u00e4ndig integrierten System. Der CALYPSO DUO ist mit einem integrierten \u00f6lfreien Luftkompressor mit Energy Saving Technology (EST) erh\u00e4ltlich. Er ist extrem kompakt und leise. Der Generator wird \u00fcber die neueste Farb-Touchscreen-Technologie gesteuert, die den Prozess, den Einlass- und Auslassdruck, den N2-Durchfluss und [&hellip;]<\/p>\n","protected":false},"featured_media":12862,"comment_status":"open","ping_status":"closed","template":"","meta":[],"product_cat":[223],"product_tag":[237],"class_list":{"0":"post-12861","1":"product","2":"type-product","3":"status-publish","4":"has-post-thumbnail","6":"product_cat-stickstoffgeneratoren-fur-laboratorien","7":"product_tag-lc-ms-ms-de","9":"first","10":"instock","11":"shipping-taxable","12":"product-type-simple"},"_links":{"self":[{"href":"https:\/\/www.f-dgs.com\/de\/wp-json\/wp\/v2\/product\/12861","targetHints":{"allow":["GET"]}}],"collection":[{"href":"https:\/\/www.f-dgs.com\/de\/wp-json\/wp\/v2\/product"}],"about":[{"href":"https:\/\/www.f-dgs.com\/de\/wp-json\/wp\/v2\/types\/product"}],"replies":[{"embeddable":true,"href":"https:\/\/www.f-dgs.com\/de\/wp-json\/wp\/v2\/comments?post=12861"}],"wp:featuredmedia":[{"embeddable":true,"href":"https:\/\/www.f-dgs.com\/de\/wp-json\/wp\/v2\/media\/12862"}],"wp:attachment":[{"href":"https:\/\/www.f-dgs.com\/de\/wp-json\/wp\/v2\/media?parent=12861"}],"wp:term":[{"taxonomy":"product_cat","embeddable":true,"href":"https:\/\/www.f-dgs.com\/de\/wp-json\/wp\/v2\/product_cat?post=12861"},{"taxonomy":"product_tag","embeddable":true,"href":"https:\/\/www.f-dgs.com\/de\/wp-json\/wp\/v2\/product_tag?post=12861"}],"curies":[{"name":"wp","href":"https:\/\/api.w.org\/{rel}","templated":true}]}}