{"id":12859,"date":"2022-03-29T19:03:01","date_gmt":"2022-03-29T17:03:01","guid":{"rendered":"https:\/\/www.f-dgs.com\/product\/unkategorisiert\/cosmos-n2-zn2-stickstoff-generator\/"},"modified":"2024-07-20T13:08:39","modified_gmt":"2024-07-20T11:08:39","slug":"cosmos-n2-zn2","status":"publish","type":"product","link":"https:\/\/www.f-dgs.com\/de\/product\/stickstoffgeneratoren-fur-laboratorien\/cosmos-n2-zn2\/","title":{"rendered":"COSMOS N2 \/ ZN2 Stickstoff Generator"},"content":{"rendered":"<p>Der COSMOS N2 \/ ZN2 wurde entwickelt, um eine sichere, geregelte Versorgung mit hochreinen Gasen bis zu 99,9995% f\u00fcr GC-Make-up, GC-Tr\u00e4gergas, Druckbeaufschlagung von Headspace-Fl\u00e4schchen, Sp\u00fclung und Trap, R\u00f6hrenkonditionierung f\u00fcr die thermische Desorption zu gew\u00e4hrleisten.<br \/>\nDer COSMOS Stickstoff verwendet die zuverl\u00e4ssige und effiziente Druckwechselabsorption (PSA) unter Verwendung eines Kohlenstoffmolekularsiebs zur Entfernung von Sauerstoff und Feuchtigkeit, um hochreinen Stickstoff zu erzeugen.<br \/>\nDer COSMOS N2 \/ ZN2 ist mit einem Katalysator ausgestattet, der Kohlenwasserstoffe entfernt &lt; 0,05 ppm. Der COSMOS Stickstoff kann mit jedem COSMOS Modul (Wasserstoff, Zero Air, Luftkompressor) kombiniert werden, um Ihnen eine komplette, eigenst\u00e4ndige GC-Gasl\u00f6sung zu bieten.<\/p>\n","protected":false},"excerpt":{"rendered":"<p>Der COSMOS N2 \/ ZN2 wurde entwickelt, um eine sichere, geregelte Versorgung mit hochreinen Gasen bis zu 99,9995% f\u00fcr GC-Make-up, GC-Tr\u00e4gergas, Druckbeaufschlagung von Headspace-Fl\u00e4schchen, Sp\u00fclung und Trap, R\u00f6hrenkonditionierung f\u00fcr die thermische Desorption zu gew\u00e4hrleisten. Der COSMOS Stickstoff verwendet die zuverl\u00e4ssige und effiziente Druckwechselabsorption (PSA) unter Verwendung eines Kohlenstoffmolekularsiebs zur Entfernung von Sauerstoff und Feuchtigkeit, um [&hellip;]<\/p>\n","protected":false},"featured_media":12860,"comment_status":"open","ping_status":"closed","template":"","meta":[],"product_cat":[223],"product_tag":[249],"class_list":{"0":"post-12859","1":"product","2":"type-product","3":"status-publish","4":"has-post-thumbnail","6":"product_cat-stickstoffgeneratoren-fur-laboratorien","7":"product_tag-gc-gc-ms-de","9":"first","10":"instock","11":"shipping-taxable","12":"product-type-simple"},"_links":{"self":[{"href":"https:\/\/www.f-dgs.com\/de\/wp-json\/wp\/v2\/product\/12859","targetHints":{"allow":["GET"]}}],"collection":[{"href":"https:\/\/www.f-dgs.com\/de\/wp-json\/wp\/v2\/product"}],"about":[{"href":"https:\/\/www.f-dgs.com\/de\/wp-json\/wp\/v2\/types\/product"}],"replies":[{"embeddable":true,"href":"https:\/\/www.f-dgs.com\/de\/wp-json\/wp\/v2\/comments?post=12859"}],"wp:featuredmedia":[{"embeddable":true,"href":"https:\/\/www.f-dgs.com\/de\/wp-json\/wp\/v2\/media\/12860"}],"wp:attachment":[{"href":"https:\/\/www.f-dgs.com\/de\/wp-json\/wp\/v2\/media?parent=12859"}],"wp:term":[{"taxonomy":"product_cat","embeddable":true,"href":"https:\/\/www.f-dgs.com\/de\/wp-json\/wp\/v2\/product_cat?post=12859"},{"taxonomy":"product_tag","embeddable":true,"href":"https:\/\/www.f-dgs.com\/de\/wp-json\/wp\/v2\/product_tag?post=12859"}],"curies":[{"name":"wp","href":"https:\/\/api.w.org\/{rel}","templated":true}]}}