{"id":12858,"date":"2022-03-29T17:56:22","date_gmt":"2022-03-29T15:56:22","guid":{"rendered":"https:\/\/www.f-dgs.com\/product\/unkategorisiert\/cosmos-n2-m-stickstoff-generator\/"},"modified":"2022-03-29T17:56:22","modified_gmt":"2022-03-29T15:56:22","slug":"cosmos-n2-m-stickstoff-generator","status":"publish","type":"product","link":"https:\/\/www.f-dgs.com\/de\/product\/stickstoffgeneratoren-fur-laboratorien\/cosmos-n2-m-stickstoff-generator\/","title":{"rendered":"COSMOS N2.M Stickstoff Generator"},"content":{"rendered":"<p>Das COSMOS N2.M bietet eine Stickstoffl\u00f6sung f\u00fcr ELSD und Compact Mass Spectrometer. Der COSMOS N2.M-Generator erzeugt trockenen und kohlenwasserstofffreien Stickstoff mit Luft aus einem externen \u00f6lfreien Kompressor.<br \/>\nDie fortschrittliche Membrantechnologie zur Trennung von Stickstoff und Sauerstoff erm\u00f6glicht die Produktion von hochwertigem Stickstoffgas rund um die Uhr.<br \/>\nDieses schl\u00fcsselfertige Komplettsystem besteht aus Komponenten h\u00f6chster Qualit\u00e4t, ist einfach zu installieren und erfordert nur eine minimale j\u00e4hrliche Wartung.<br \/>\nDas ergonomische, kompakte und stapelbare Design erm\u00f6glicht die Aufstellung auf einem Arbeitstisch oder die Kombination mit dem COSMOS AIR COMPRESSOR f\u00fcr Labore ohne eigene Luftversorgung<\/p>\n","protected":false},"excerpt":{"rendered":"<p>Das COSMOS N2.M bietet eine Stickstoffl\u00f6sung f\u00fcr ELSD und Compact Mass Spectrometer. Der COSMOS N2.M-Generator erzeugt trockenen und kohlenwasserstofffreien Stickstoff mit Luft aus einem externen \u00f6lfreien Kompressor. Die fortschrittliche Membrantechnologie zur Trennung von Stickstoff und Sauerstoff erm\u00f6glicht die Produktion von hochwertigem Stickstoffgas rund um die Uhr. Dieses schl\u00fcsselfertige Komplettsystem besteht aus Komponenten h\u00f6chster Qualit\u00e4t, ist [&hellip;]<\/p>\n","protected":false},"featured_media":12829,"comment_status":"open","ping_status":"closed","template":"","meta":[],"product_cat":[223],"product_tag":[249],"class_list":{"0":"post-12858","1":"product","2":"type-product","3":"status-publish","4":"has-post-thumbnail","6":"product_cat-stickstoffgeneratoren-fur-laboratorien","7":"product_tag-gc-gc-ms-de","9":"first","10":"instock","11":"shipping-taxable","12":"product-type-simple"},"_links":{"self":[{"href":"https:\/\/www.f-dgs.com\/de\/wp-json\/wp\/v2\/product\/12858","targetHints":{"allow":["GET"]}}],"collection":[{"href":"https:\/\/www.f-dgs.com\/de\/wp-json\/wp\/v2\/product"}],"about":[{"href":"https:\/\/www.f-dgs.com\/de\/wp-json\/wp\/v2\/types\/product"}],"replies":[{"embeddable":true,"href":"https:\/\/www.f-dgs.com\/de\/wp-json\/wp\/v2\/comments?post=12858"}],"wp:featuredmedia":[{"embeddable":true,"href":"https:\/\/www.f-dgs.com\/de\/wp-json\/wp\/v2\/media\/12829"}],"wp:attachment":[{"href":"https:\/\/www.f-dgs.com\/de\/wp-json\/wp\/v2\/media?parent=12858"}],"wp:term":[{"taxonomy":"product_cat","embeddable":true,"href":"https:\/\/www.f-dgs.com\/de\/wp-json\/wp\/v2\/product_cat?post=12858"},{"taxonomy":"product_tag","embeddable":true,"href":"https:\/\/www.f-dgs.com\/de\/wp-json\/wp\/v2\/product_tag?post=12858"}],"curies":[{"name":"wp","href":"https:\/\/api.w.org\/{rel}","templated":true}]}}