{"id":12856,"date":"2022-03-29T19:02:34","date_gmt":"2022-03-29T17:02:34","guid":{"rendered":"https:\/\/www.f-dgs.com\/product\/unkategorisiert\/neso-stickstoff-generator\/"},"modified":"2022-03-29T19:02:34","modified_gmt":"2022-03-29T17:02:34","slug":"neso-stickstoff-generator","status":"publish","type":"product","link":"https:\/\/www.f-dgs.com\/de\/product\/stickstoffgeneratoren-fur-laboratorien\/neso-stickstoff-generator\/","title":{"rendered":"NESO Stickstoff Generator"},"content":{"rendered":"<p class=\"p2\">Mit 3 Modellen, 1 L\/min bis 5 L\/min, bietet die NESO Nitrogen Reihe eine hochreine Stickstoffl\u00f6sung f\u00fcr GC\/ICP\/TOC Instrumente.<span class=\"Apple-converted-space\"> <\/span><\/p>\n<p class=\"p2\">Der NESO ist ohne oder mit integriertem \u00f6lfreien Luftkompressor im <span class=\"s2\">Energiesparmodus (EST<\/span>) erh\u00e4ltlich. Er ist extrem kompakt und leise im Betrieb.<span class=\"Apple-converted-space\"> <\/span><\/p>\n<p class=\"p2\">Der Generator wird \u00fcber den neuesten Farb-Touchscreen gesteuert, der den Prozess in Echtzeit, den Ein- und Ausgangsdruck, den N2-Durchfluss und den Status des Systems anzeigt und einen Fernzugriff f\u00fcr die Diagnosekontrolle erm\u00f6glicht.<span class=\"Apple-converted-space\"> <\/span><\/p>\n<p class=\"p3\">Mit der <span class=\"s2\">fortschrittlichen PSA-Technologie <\/span>zur Trennung von Stickstoff und Sauerstoff k\u00f6nnen Sie rund um die Uhr hochwertiges Stickstoffgas produzieren.<span class=\"Apple-converted-space\"> <\/span><\/p>\n","protected":false},"excerpt":{"rendered":"<p>Mit 3 Modellen, 1 L\/min bis 5 L\/min, bietet die NESO Nitrogen Reihe eine hochreine Stickstoffl\u00f6sung f\u00fcr GC\/ICP\/TOC Instrumente. Der NESO ist ohne oder mit integriertem \u00f6lfreien Luftkompressor im Energiesparmodus (EST) erh\u00e4ltlich. Er ist extrem kompakt und leise im Betrieb. Der Generator wird \u00fcber den neuesten Farb-Touchscreen gesteuert, der den Prozess in Echtzeit, den Ein- [&hellip;]<\/p>\n","protected":false},"featured_media":12857,"comment_status":"open","ping_status":"closed","template":"","meta":[],"product_cat":[223],"product_tag":[244,249],"class_list":{"0":"post-12856","1":"product","2":"type-product","3":"status-publish","4":"has-post-thumbnail","6":"product_cat-stickstoffgeneratoren-fur-laboratorien","7":"product_tag-andere-anwendungen","8":"product_tag-gc-gc-ms-de","10":"first","11":"instock","12":"shipping-taxable","13":"product-type-simple"},"_links":{"self":[{"href":"https:\/\/www.f-dgs.com\/de\/wp-json\/wp\/v2\/product\/12856","targetHints":{"allow":["GET"]}}],"collection":[{"href":"https:\/\/www.f-dgs.com\/de\/wp-json\/wp\/v2\/product"}],"about":[{"href":"https:\/\/www.f-dgs.com\/de\/wp-json\/wp\/v2\/types\/product"}],"replies":[{"embeddable":true,"href":"https:\/\/www.f-dgs.com\/de\/wp-json\/wp\/v2\/comments?post=12856"}],"wp:featuredmedia":[{"embeddable":true,"href":"https:\/\/www.f-dgs.com\/de\/wp-json\/wp\/v2\/media\/12857"}],"wp:attachment":[{"href":"https:\/\/www.f-dgs.com\/de\/wp-json\/wp\/v2\/media?parent=12856"}],"wp:term":[{"taxonomy":"product_cat","embeddable":true,"href":"https:\/\/www.f-dgs.com\/de\/wp-json\/wp\/v2\/product_cat?post=12856"},{"taxonomy":"product_tag","embeddable":true,"href":"https:\/\/www.f-dgs.com\/de\/wp-json\/wp\/v2\/product_tag?post=12856"}],"curies":[{"name":"wp","href":"https:\/\/api.w.org\/{rel}","templated":true}]}}