{"id":12855,"date":"2022-03-29T19:02:18","date_gmt":"2022-03-29T17:02:18","guid":{"rendered":"https:\/\/www.f-dgs.com\/product\/unkategorisiert\/stream-80\/"},"modified":"2022-03-29T19:02:18","modified_gmt":"2022-03-29T17:02:18","slug":"stream-80","status":"publish","type":"product","link":"https:\/\/www.f-dgs.com\/de\/product\/nicht-klassifiziert\/stream-80\/","title":{"rendered":"STREAM.80"},"content":{"rendered":"<p>Der Membran-Stickstoff-Generator wurde entwickelt, um die spezifischen Anforderungen in Bezug auf Durchfluss, Reinheit und Druck f\u00fcr LC-MS-Anwendungen zu erf\u00fcllen. Es kann auch f\u00fcr die Verdampfung von L\u00f6sungsmitteln in zu analysierenden Proben verwendet werden.<br \/>\nDie einfache, hocheffiziente Membrantechnologie erm\u00f6glicht die Trennung des Stickstoffs von den anderen Bestandteilen des Drucklufteinlasses.<\/p>\n","protected":false},"excerpt":{"rendered":"<p>Der Membran-Stickstoff-Generator wurde entwickelt, um die spezifischen Anforderungen in Bezug auf Durchfluss, Reinheit und Druck f\u00fcr LC-MS-Anwendungen zu erf\u00fcllen. Es kann auch f\u00fcr die Verdampfung von L\u00f6sungsmitteln in zu analysierenden Proben verwendet werden. Die einfache, hocheffiziente Membrantechnologie erm\u00f6glicht die Trennung des Stickstoffs von den anderen Bestandteilen des Drucklufteinlasses.<\/p>\n","protected":false},"featured_media":12700,"comment_status":"open","ping_status":"closed","template":"","meta":[],"product_cat":[251],"product_tag":[],"class_list":{"0":"post-12855","1":"product","2":"type-product","3":"status-publish","4":"has-post-thumbnail","6":"product_cat-nicht-klassifiziert","8":"first","9":"instock","10":"shipping-taxable","11":"product-type-simple"},"_links":{"self":[{"href":"https:\/\/www.f-dgs.com\/de\/wp-json\/wp\/v2\/product\/12855","targetHints":{"allow":["GET"]}}],"collection":[{"href":"https:\/\/www.f-dgs.com\/de\/wp-json\/wp\/v2\/product"}],"about":[{"href":"https:\/\/www.f-dgs.com\/de\/wp-json\/wp\/v2\/types\/product"}],"replies":[{"embeddable":true,"href":"https:\/\/www.f-dgs.com\/de\/wp-json\/wp\/v2\/comments?post=12855"}],"wp:featuredmedia":[{"embeddable":true,"href":"https:\/\/www.f-dgs.com\/de\/wp-json\/wp\/v2\/media\/12700"}],"wp:attachment":[{"href":"https:\/\/www.f-dgs.com\/de\/wp-json\/wp\/v2\/media?parent=12855"}],"wp:term":[{"taxonomy":"product_cat","embeddable":true,"href":"https:\/\/www.f-dgs.com\/de\/wp-json\/wp\/v2\/product_cat?post=12855"},{"taxonomy":"product_tag","embeddable":true,"href":"https:\/\/www.f-dgs.com\/de\/wp-json\/wp\/v2\/product_tag?post=12855"}],"curies":[{"name":"wp","href":"https:\/\/api.w.org\/{rel}","templated":true}]}}