{"id":12852,"date":"2022-03-29T19:02:26","date_gmt":"2022-03-29T17:02:26","guid":{"rendered":"https:\/\/www.f-dgs.com\/product\/unkategorisiert\/stream-3g-kombinierter-stickstoff-luft-generator\/"},"modified":"2022-03-29T19:02:26","modified_gmt":"2022-03-29T17:02:26","slug":"stream-3g-kombinierter-stickstoff-luft-generator","status":"publish","type":"product","link":"https:\/\/www.f-dgs.com\/de\/product\/kombinierte-stickstoff-luft-generatoren\/stream-3g-kombinierter-stickstoff-luft-generator\/","title":{"rendered":"STREAM 3G Kombinierter Stickstoff-Luft-Generator"},"content":{"rendered":"<p>Der Membran-Stickstoff\/Luft-Generator wurde entwickelt, um die spezifischen Anforderungen in Bezug auf Durchfluss, Reinheit und Druck f\u00fcr Sciex LC-MS zu erf\u00fcllen.<\/p>\n<p>Die Generatoren liefern einen Ausgang mit Stickstoff in Laborqualit\u00e4t und zwei Ausg\u00e4nge mit trockener Luft und sind mit verschiedenen Gasfl\u00fcssen erh\u00e4ltlich.<br \/>\nDie Generatoren der STREAM 3G-Serie von F-DGS wurden f\u00fcr die Versorgung von Laboren mit Stickstoff und Luft entwickelt, die bereits \u00fcber eine externe Quelle f\u00fcr saubere, trockene Luft verf\u00fcgen.<\/p>\n<p>Diese Systeme enthalten keine beweglichen Teile, sind im Betrieb praktisch ger\u00e4uschlos und erfordern nur minimale Wartung.<\/p>\n","protected":false},"excerpt":{"rendered":"<p>Der Membran-Stickstoff\/Luft-Generator wurde entwickelt, um die spezifischen Anforderungen in Bezug auf Durchfluss, Reinheit und Druck f\u00fcr Sciex LC-MS zu erf\u00fcllen. Die Generatoren liefern einen Ausgang mit Stickstoff in Laborqualit\u00e4t und zwei Ausg\u00e4nge mit trockener Luft und sind mit verschiedenen Gasfl\u00fcssen erh\u00e4ltlich. Die Generatoren der STREAM 3G-Serie von F-DGS wurden f\u00fcr die Versorgung von Laboren mit [&hellip;]<\/p>\n","protected":false},"featured_media":12853,"comment_status":"open","ping_status":"closed","template":"","meta":[],"product_cat":[235],"product_tag":[237],"class_list":{"0":"post-12852","1":"product","2":"type-product","3":"status-publish","4":"has-post-thumbnail","6":"product_cat-kombinierte-stickstoff-luft-generatoren","7":"product_tag-lc-ms-ms-de","9":"first","10":"instock","11":"shipping-taxable","12":"product-type-simple"},"_links":{"self":[{"href":"https:\/\/www.f-dgs.com\/de\/wp-json\/wp\/v2\/product\/12852","targetHints":{"allow":["GET"]}}],"collection":[{"href":"https:\/\/www.f-dgs.com\/de\/wp-json\/wp\/v2\/product"}],"about":[{"href":"https:\/\/www.f-dgs.com\/de\/wp-json\/wp\/v2\/types\/product"}],"replies":[{"embeddable":true,"href":"https:\/\/www.f-dgs.com\/de\/wp-json\/wp\/v2\/comments?post=12852"}],"wp:featuredmedia":[{"embeddable":true,"href":"https:\/\/www.f-dgs.com\/de\/wp-json\/wp\/v2\/media\/12853"}],"wp:attachment":[{"href":"https:\/\/www.f-dgs.com\/de\/wp-json\/wp\/v2\/media?parent=12852"}],"wp:term":[{"taxonomy":"product_cat","embeddable":true,"href":"https:\/\/www.f-dgs.com\/de\/wp-json\/wp\/v2\/product_cat?post=12852"},{"taxonomy":"product_tag","embeddable":true,"href":"https:\/\/www.f-dgs.com\/de\/wp-json\/wp\/v2\/product_tag?post=12852"}],"curies":[{"name":"wp","href":"https:\/\/api.w.org\/{rel}","templated":true}]}}