{"id":12845,"date":"2022-04-27T21:32:46","date_gmt":"2022-04-27T19:32:46","guid":{"rendered":"https:\/\/www.f-dgs.com\/product\/unkategorisiert\/calypso-m-nitrogen-generator\/"},"modified":"2022-04-27T21:32:46","modified_gmt":"2022-04-27T19:32:46","slug":"calypso-m-nitrogen-generator","status":"publish","type":"product","link":"https:\/\/www.f-dgs.com\/de\/product\/stickstoffgeneratoren-fur-laboratorien\/calypso-m-nitrogen-generator\/","title":{"rendered":"CALYPSO M Nitrogen Generator"},"content":{"rendered":"<p class=\"p2\"><span class=\"s1\"><span class=\"Apple-converted-space\"> <\/span><\/span>Mit 1 Modell, 35 L\/min, bietet die CALYPSO M Nitrogen Reihe eine Stickstoffl\u00f6sung f\u00fcr LCMS-Instrumente mit einem Erh\u00f6hungsdruck von 8 bar (116 psi).<span class=\"Apple-converted-space\"> <\/span><\/p>\n<p class=\"p2\">Der CALYPSO M ist mit integriertem \u00f6lfreiem Luftkompressor im <span class=\"s2\">Energiesparmodus (EST<\/span>) erh\u00e4ltlich. Er ist extrem kompakt und leise im Betrieb.<span class=\"Apple-converted-space\"> <\/span><\/p>\n<p class=\"p2\">Der Generator wird \u00fcber den neuesten Farb-Touchscreen gesteuert, der den Prozess in Echtzeit, den Ein- und Ausgangsdruck, den N2-Durchfluss und den Status des Systems anzeigt und einen Fernzugriff f\u00fcr die Diagnosekontrolle erm\u00f6glicht.<span class=\"Apple-converted-space\"> <\/span><\/p>\n<p class=\"p3\">Mit der <span class=\"s2\">intelligenten Dreifachfiltration <\/span>zur Trennung von Stickstoff und Sauerstoff wird rund um die Uhr hochwertiges Stickstoffgas mit einer Reinheit von bis zu 99,5 % erzeugt.<span class=\"Apple-converted-space\"> <\/span><\/p>\n","protected":false},"excerpt":{"rendered":"<p class=\"p2\"><span class=\"s1\"><span class=\"Apple-converted-space\"> <\/span><\/span>Mit 5 Modellen, 15 L\/min bis 70 L\/min, bietet die CALYPSO Nitrogen Reihe eine Stickstoffl\u00f6sung f\u00fcr LCMS Instrumente mit einem Erh\u00f6hungsdruck von 8 bar (116 psi).<span class=\"Apple-converted-space\"> <\/span><\/p>\n<p class=\"p2\">Der CALYPSO ist ohne oder mit integriertem \u00f6lfreien Luftkompressor im <span class=\"s2\">Energiesparmodus (EST<\/span>) erh\u00e4ltlich. Er ist extrem kompakt und leise im Betrieb.<span class=\"Apple-converted-space\"> <\/span><\/p>\n<p class=\"p2\">Der Generator wird \u00fcber den neuesten Farb-Touchscreen gesteuert, der den Prozess in Echtzeit, den Ein- und Ausgangsdruck, den N2-Durchfluss und den Status des Systems anzeigt und einen Fernzugriff f\u00fcr die Diagnosekontrolle erm\u00f6glicht.<span class=\"Apple-converted-space\"> <\/span><\/p>\n<p class=\"p3\">Mit der <span class=\"s2\">intelligenten Dreifach-Filtration und der fortschrittlichen PSA-Technologie <\/span>zur Trennung von Stickstoff und Sauerstoff produzieren Sie rund um die Uhr hochwertiges Stickstoffgas auf Abruf.<span class=\"Apple-converted-space\"> <\/span><\/p>\n","protected":false},"featured_media":12846,"comment_status":"closed","ping_status":"closed","template":"","meta":[],"product_cat":[223],"product_tag":[237],"class_list":{"0":"post-12845","1":"product","2":"type-product","3":"status-publish","4":"has-post-thumbnail","6":"product_cat-stickstoffgeneratoren-fur-laboratorien","7":"product_tag-lc-ms-ms-de","9":"first","10":"instock","11":"shipping-taxable","12":"product-type-simple"},"_links":{"self":[{"href":"https:\/\/www.f-dgs.com\/de\/wp-json\/wp\/v2\/product\/12845","targetHints":{"allow":["GET"]}}],"collection":[{"href":"https:\/\/www.f-dgs.com\/de\/wp-json\/wp\/v2\/product"}],"about":[{"href":"https:\/\/www.f-dgs.com\/de\/wp-json\/wp\/v2\/types\/product"}],"replies":[{"embeddable":true,"href":"https:\/\/www.f-dgs.com\/de\/wp-json\/wp\/v2\/comments?post=12845"}],"wp:featuredmedia":[{"embeddable":true,"href":"https:\/\/www.f-dgs.com\/de\/wp-json\/wp\/v2\/media\/12846"}],"wp:attachment":[{"href":"https:\/\/www.f-dgs.com\/de\/wp-json\/wp\/v2\/media?parent=12845"}],"wp:term":[{"taxonomy":"product_cat","embeddable":true,"href":"https:\/\/www.f-dgs.com\/de\/wp-json\/wp\/v2\/product_cat?post=12845"},{"taxonomy":"product_tag","embeddable":true,"href":"https:\/\/www.f-dgs.com\/de\/wp-json\/wp\/v2\/product_tag?post=12845"}],"curies":[{"name":"wp","href":"https:\/\/api.w.org\/{rel}","templated":true}]}}