{"id":12828,"date":"2022-04-27T21:40:51","date_gmt":"2022-04-27T19:40:51","guid":{"rendered":"https:\/\/www.f-dgs.com\/product\/unkategorisiert\/zephyr-stickstoff-generator\/"},"modified":"2022-04-27T21:40:51","modified_gmt":"2022-04-27T19:40:51","slug":"zephyr-stickstoff-generator","status":"publish","type":"product","link":"https:\/\/www.f-dgs.com\/de\/product\/stickstoffgeneratoren-fur-laboratorien\/zephyr-stickstoff-generator\/","title":{"rendered":"ZEPHYR Stickstoff Generator"},"content":{"rendered":"<p class=\"p2\">Das ZEPHYR Nitrogen bietet eine Stickstoffl\u00f6sung f\u00fcr Circulardichroismus-Spektrometer.<span class=\"Apple-converted-space\"> <\/span><\/p>\n<p class=\"p2\">Der ZEPHYR ist mit einem integrierten \u00f6lfreien Luftkompressor ausgestattet, der den <span class=\"s2\">Energiesparmodus (EST<\/span>) verwendet. Er ist extrem kompakt und leise im Betrieb.<span class=\"Apple-converted-space\"> <\/span><\/p>\n<p class=\"p2\">Der Generator wird \u00fcber den neuesten Farb-Touchscreen gesteuert, der den Prozess in Echtzeit, den Ausgangsdruck, den N2-Durchfluss und den Status des Systems anzeigt und einen Fernzugriff zur Diagnose erm\u00f6glicht.<span class=\"Apple-converted-space\"> <\/span><\/p>\n<p class=\"p3\">Mit der <span class=\"s2\">intelligenten Dreifach-Filtration und der fortschrittlichen PSA-Technologie <\/span>zur Trennung von Stickstoff und Sauerstoff produzieren Sie rund um die Uhr hochwertiges Stickstoffgas auf Abruf.<\/p>\n","protected":false},"excerpt":{"rendered":"<p>Das ZEPHYR Nitrogen bietet eine Stickstoffl\u00f6sung f\u00fcr Circulardichroismus-Spektrometer. Der ZEPHYR ist mit einem integrierten \u00f6lfreien Luftkompressor ausgestattet, der den Energiesparmodus (EST) verwendet. Er ist extrem kompakt und leise im Betrieb. Der Generator wird \u00fcber den neuesten Farb-Touchscreen gesteuert, der den Prozess in Echtzeit, den Ausgangsdruck, den N2-Durchfluss und den Status des Systems anzeigt und einen [&hellip;]<\/p>\n","protected":false},"featured_media":12725,"comment_status":"closed","ping_status":"closed","template":"","meta":[],"product_cat":[223],"product_tag":[244],"class_list":{"0":"post-12828","1":"product","2":"type-product","3":"status-publish","4":"has-post-thumbnail","6":"product_cat-stickstoffgeneratoren-fur-laboratorien","7":"product_tag-andere-anwendungen","9":"first","10":"instock","11":"shipping-taxable","12":"product-type-simple"},"_links":{"self":[{"href":"https:\/\/www.f-dgs.com\/de\/wp-json\/wp\/v2\/product\/12828","targetHints":{"allow":["GET"]}}],"collection":[{"href":"https:\/\/www.f-dgs.com\/de\/wp-json\/wp\/v2\/product"}],"about":[{"href":"https:\/\/www.f-dgs.com\/de\/wp-json\/wp\/v2\/types\/product"}],"replies":[{"embeddable":true,"href":"https:\/\/www.f-dgs.com\/de\/wp-json\/wp\/v2\/comments?post=12828"}],"wp:featuredmedia":[{"embeddable":true,"href":"https:\/\/www.f-dgs.com\/de\/wp-json\/wp\/v2\/media\/12725"}],"wp:attachment":[{"href":"https:\/\/www.f-dgs.com\/de\/wp-json\/wp\/v2\/media?parent=12828"}],"wp:term":[{"taxonomy":"product_cat","embeddable":true,"href":"https:\/\/www.f-dgs.com\/de\/wp-json\/wp\/v2\/product_cat?post=12828"},{"taxonomy":"product_tag","embeddable":true,"href":"https:\/\/www.f-dgs.com\/de\/wp-json\/wp\/v2\/product_tag?post=12828"}],"curies":[{"name":"wp","href":"https:\/\/api.w.org\/{rel}","templated":true}]}}