{"id":12820,"date":"2022-04-27T21:58:21","date_gmt":"2022-04-27T19:58:21","guid":{"rendered":"https:\/\/www.f-dgs.com\/product\/unkategorisiert\/cosmos-mf-h2-wasserstoffgenerator\/"},"modified":"2024-07-20T11:01:48","modified_gmt":"2024-07-20T09:01:48","slug":"cosmos-mf-h2","status":"publish","type":"product","link":"https:\/\/www.f-dgs.com\/de\/product\/wasserstoff-generatoren\/cosmos-mf-h2\/","title":{"rendered":"COSMOS MF.H2 Wasserstoffgenerator"},"content":{"rendered":"<p class=\"p2\">Der COSMOS MF.H2 Generator wurde f\u00fcr GC-Tr\u00e4gergas und Detektoren entwickelt, die Wasserstoff als Brenngas ben\u00f6tigen, wie z.B. FID, FPD, NPD und TCD.<\/p>\n<p class=\"p2\">Das Wasserstoffgas wird aus deionisiertem Wasser mit der <span class=\"s2\">exklusiven 100% Titan Proton Exchange Membrane (PEM <\/span>) Technologie hergestellt, die eine sehr hohe Zuverl\u00e4ssigkeit, eine neue l\u00e4ngere Lebensdauer und eine bessere H2-Reinheit bietet.<\/p>\n<p class=\"p2\"><span class=\"s2\">Der exklusive duale dynamische Kaltregenerationstrockner <\/span>ist v\u00f6llig wartungsfrei und eliminiert alle Ausfallzeiten f\u00fcr die Wartung, die f\u00fcr andere Systeme auf dem Markt typisch sind. Er garantiert 24 Stunden am Tag die beste Wasserstoffreinheit.<\/p>\n<p class=\"p2\">Die automatische \u00dcberpr\u00fcfung auf interne Lecks beim Start der Ger\u00e4te und die st\u00e4ndige Kontrolle der Betriebsparameter garantieren maximale Sicherheit.<\/p>\n<p class=\"p3\">Die Touchscreen-LCD-Oberfl\u00e4che bietet eine einfache und benutzerfreundliche Verwaltung aller Funktionen des Ger\u00e4ts.<\/p>\n","protected":false},"excerpt":{"rendered":"<p>Der COSMOS MF.H2 Generator wurde f\u00fcr GC-Tr\u00e4gergas und Detektoren entwickelt, die Wasserstoff als Brenngas ben\u00f6tigen, wie z.B. FID, FPD, NPD und TCD. Das Wasserstoffgas wird aus deionisiertem Wasser mit der exklusiven 100% Titan Proton Exchange Membrane (PEM ) Technologie hergestellt, die eine sehr hohe Zuverl\u00e4ssigkeit, eine neue l\u00e4ngere Lebensdauer und eine bessere H2-Reinheit bietet. Der [&hellip;]<\/p>\n","protected":false},"featured_media":12821,"comment_status":"closed","ping_status":"closed","template":"","meta":[],"product_cat":[227],"product_tag":[239],"class_list":{"0":"post-12820","1":"product","2":"type-product","3":"status-publish","4":"has-post-thumbnail","6":"product_cat-wasserstoff-generatoren","7":"product_tag-cosmos-serie","9":"first","10":"instock","11":"shipping-taxable","12":"product-type-simple"},"_links":{"self":[{"href":"https:\/\/www.f-dgs.com\/de\/wp-json\/wp\/v2\/product\/12820","targetHints":{"allow":["GET"]}}],"collection":[{"href":"https:\/\/www.f-dgs.com\/de\/wp-json\/wp\/v2\/product"}],"about":[{"href":"https:\/\/www.f-dgs.com\/de\/wp-json\/wp\/v2\/types\/product"}],"replies":[{"embeddable":true,"href":"https:\/\/www.f-dgs.com\/de\/wp-json\/wp\/v2\/comments?post=12820"}],"wp:featuredmedia":[{"embeddable":true,"href":"https:\/\/www.f-dgs.com\/de\/wp-json\/wp\/v2\/media\/12821"}],"wp:attachment":[{"href":"https:\/\/www.f-dgs.com\/de\/wp-json\/wp\/v2\/media?parent=12820"}],"wp:term":[{"taxonomy":"product_cat","embeddable":true,"href":"https:\/\/www.f-dgs.com\/de\/wp-json\/wp\/v2\/product_cat?post=12820"},{"taxonomy":"product_tag","embeddable":true,"href":"https:\/\/www.f-dgs.com\/de\/wp-json\/wp\/v2\/product_tag?post=12820"}],"curies":[{"name":"wp","href":"https:\/\/api.w.org\/{rel}","templated":true}]}}