{"id":12816,"date":"2022-05-03T23:10:21","date_gmt":"2022-05-03T21:10:21","guid":{"rendered":"https:\/\/www.f-dgs.com\/product\/unkategorisiert\/deimos-co2-free-luftgasgenerator\/"},"modified":"2022-05-03T23:10:21","modified_gmt":"2022-05-03T21:10:21","slug":"deimos-co2-free-luftgasgenerator","status":"publish","type":"product","link":"https:\/\/www.f-dgs.com\/de\/product\/luftgeneratoren\/deimos-co2-free-luftgasgenerator\/","title":{"rendered":"DEIMOS CO2.FREE Luftgasgenerator"},"content":{"rendered":"<p class=\"p2\">Die DEIMOS CO2.FREE Luftgasgeneratoren von F-DGS wurden speziell f\u00fcr die Verwendung mit FT-IR-Spektrometern entwickelt, um eine gereinigte Sp\u00fcl- und Traggasversorgung aus Druckluft zu gew\u00e4hrleisten.<span class=\"Apple-converted-space\"> <\/span><\/p>\n<p class=\"p2\">Das Ger\u00e4t versorgt Instrumente mit CO2-freier Druckluft mit einem Taupunkt von weniger als -70\u00b0C (-94\u00b0F) und ohne schwebende Verunreinigungen, die gr\u00f6\u00dfer als 0,01 Mikron sind, 24 Stunden\/Tag, 7 Tage\/Woche.<span class=\"Apple-converted-space\"> <\/span><\/p>\n<p class=\"p2\">Der DEIMOS CO2.FREE ist mit einem integrierten \u00f6lfreien Luftkompressor erh\u00e4ltlich, der den <span class=\"s2\">Energiesparmodus (EST<\/span>) verwendet. Er ist extrem kompakt und leise im Betrieb.<span class=\"Apple-converted-space\"> <\/span><\/p>\n<p class=\"p3\">Der Generator wird mit der neuesten Farb-Touchscreen-Technologie gesteuert, um den Prozess in Echtzeit, den Ein- und Auslassdruck, den Luftstrom und den Status des Systems mit Fernzugriff zur Diagnosekontrolle anzuzeigen.<span class=\"Apple-converted-space\"> <\/span><\/p>\n","protected":false},"excerpt":{"rendered":"<p>Die DEIMOS CO2.FREE Luftgasgeneratoren von F-DGS wurden speziell f\u00fcr die Verwendung mit FT-IR-Spektrometern entwickelt, um eine gereinigte Sp\u00fcl- und Traggasversorgung aus Druckluft zu gew\u00e4hrleisten. Das Ger\u00e4t versorgt Instrumente mit CO2-freier Druckluft mit einem Taupunkt von weniger als -70\u00b0C (-94\u00b0F) und ohne schwebende Verunreinigungen, die gr\u00f6\u00dfer als 0,01 Mikron sind, 24 Stunden\/Tag, 7 Tage\/Woche. Der DEIMOS [&hellip;]<\/p>\n","protected":false},"featured_media":12817,"comment_status":"closed","ping_status":"closed","template":"","meta":[],"product_cat":[225],"product_tag":[243],"class_list":{"0":"post-12816","1":"product","2":"type-product","3":"status-publish","4":"has-post-thumbnail","6":"product_cat-luftgeneratoren","7":"product_tag-ft-ir-de","9":"first","10":"instock","11":"shipping-taxable","12":"product-type-simple"},"_links":{"self":[{"href":"https:\/\/www.f-dgs.com\/de\/wp-json\/wp\/v2\/product\/12816","targetHints":{"allow":["GET"]}}],"collection":[{"href":"https:\/\/www.f-dgs.com\/de\/wp-json\/wp\/v2\/product"}],"about":[{"href":"https:\/\/www.f-dgs.com\/de\/wp-json\/wp\/v2\/types\/product"}],"replies":[{"embeddable":true,"href":"https:\/\/www.f-dgs.com\/de\/wp-json\/wp\/v2\/comments?post=12816"}],"wp:featuredmedia":[{"embeddable":true,"href":"https:\/\/www.f-dgs.com\/de\/wp-json\/wp\/v2\/media\/12817"}],"wp:attachment":[{"href":"https:\/\/www.f-dgs.com\/de\/wp-json\/wp\/v2\/media?parent=12816"}],"wp:term":[{"taxonomy":"product_cat","embeddable":true,"href":"https:\/\/www.f-dgs.com\/de\/wp-json\/wp\/v2\/product_cat?post=12816"},{"taxonomy":"product_tag","embeddable":true,"href":"https:\/\/www.f-dgs.com\/de\/wp-json\/wp\/v2\/product_tag?post=12816"}],"curies":[{"name":"wp","href":"https:\/\/api.w.org\/{rel}","templated":true}]}}