{"id":12810,"date":"2022-05-03T23:22:20","date_gmt":"2022-05-03T21:22:20","guid":{"rendered":"https:\/\/www.f-dgs.com\/product\/unkategorisiert\/cosmos-za-null-luft-generator\/"},"modified":"2022-05-03T23:22:20","modified_gmt":"2022-05-03T21:22:20","slug":"cosmos-za-null-luft-generator","status":"publish","type":"product","link":"https:\/\/www.f-dgs.com\/de\/product\/luftgeneratoren\/cosmos-za-null-luft-generator\/","title":{"rendered":"COSMOS ZA Null-Luft-Generator"},"content":{"rendered":"<p class=\"p2\">Die COSMOS Zero Air Generatoren erzeugen trockene und kohlenwasserstofffreie Luft aus \u00f6lfreien Kompressoren, die als Detektorgas f\u00fcr GC verwendet werden kann.<span class=\"Apple-converted-space\"> <\/span><\/p>\n<p class=\"p2\">Dieses System wurde im Hinblick auf Sicherheit und Komfort entwickelt und macht die l\u00e4stigen Hochdruckgasflaschen \u00fcberfl\u00fcssig.<span class=\"Apple-converted-space\"> <\/span><\/p>\n<p class=\"p2\">Dieses schl\u00fcsselfertige Komplettsystem besteht aus Komponenten h\u00f6chster Qualit\u00e4t, ist einfach zu installieren und erfordert nur eine minimale j\u00e4hrliche Wartung.<span class=\"Apple-converted-space\"> <\/span><\/p>\n<p class=\"p3\">Das ergonomische, kompakte und stapelbare Design macht die Zero Air Serie zur idealen L\u00f6sung f\u00fcr die Gasversorgung Ihres GC.<\/p>\n","protected":false},"excerpt":{"rendered":"<p>Die COSMOS Zero Air Generatoren erzeugen trockene und kohlenwasserstofffreie Luft aus \u00f6lfreien Kompressoren, die als Detektorgas f\u00fcr GC verwendet werden kann. Dieses System wurde im Hinblick auf Sicherheit und Komfort entwickelt und macht die l\u00e4stigen Hochdruckgasflaschen \u00fcberfl\u00fcssig. Dieses schl\u00fcsselfertige Komplettsystem besteht aus Komponenten h\u00f6chster Qualit\u00e4t, ist einfach zu installieren und erfordert nur eine minimale j\u00e4hrliche [&hellip;]<\/p>\n","protected":false},"featured_media":12811,"comment_status":"closed","ping_status":"closed","template":"","meta":[],"product_cat":[225],"product_tag":[226],"class_list":{"0":"post-12810","1":"product","2":"type-product","3":"status-publish","4":"has-post-thumbnail","6":"product_cat-luftgeneratoren","7":"product_tag-gc-de","9":"first","10":"instock","11":"shipping-taxable","12":"product-type-simple"},"_links":{"self":[{"href":"https:\/\/www.f-dgs.com\/de\/wp-json\/wp\/v2\/product\/12810","targetHints":{"allow":["GET"]}}],"collection":[{"href":"https:\/\/www.f-dgs.com\/de\/wp-json\/wp\/v2\/product"}],"about":[{"href":"https:\/\/www.f-dgs.com\/de\/wp-json\/wp\/v2\/types\/product"}],"replies":[{"embeddable":true,"href":"https:\/\/www.f-dgs.com\/de\/wp-json\/wp\/v2\/comments?post=12810"}],"wp:featuredmedia":[{"embeddable":true,"href":"https:\/\/www.f-dgs.com\/de\/wp-json\/wp\/v2\/media\/12811"}],"wp:attachment":[{"href":"https:\/\/www.f-dgs.com\/de\/wp-json\/wp\/v2\/media?parent=12810"}],"wp:term":[{"taxonomy":"product_cat","embeddable":true,"href":"https:\/\/www.f-dgs.com\/de\/wp-json\/wp\/v2\/product_cat?post=12810"},{"taxonomy":"product_tag","embeddable":true,"href":"https:\/\/www.f-dgs.com\/de\/wp-json\/wp\/v2\/product_tag?post=12810"}],"curies":[{"name":"wp","href":"https:\/\/api.w.org\/{rel}","templated":true}]}}