{"id":12728,"date":"2022-05-17T00:19:25","date_gmt":"2022-05-16T22:19:25","guid":{"rendered":"https:\/\/www.f-dgs.com\/product\/unkategorisiert\/calypso-2g-va-kombinierter-stickstoff-luft-generator\/"},"modified":"2022-05-17T00:19:25","modified_gmt":"2022-05-16T22:19:25","slug":"calypso-2g-va-kombinierter-stickstoff-luft-generator","status":"publish","type":"product","link":"https:\/\/www.f-dgs.com\/de\/product\/kombinierte-stickstoff-luft-generatoren\/calypso-2g-va-kombinierter-stickstoff-luft-generator\/","title":{"rendered":"CALYPSO 2G.VA Kombinierter Stickstoff-Luft-Generator"},"content":{"rendered":"<p class=\"p2\">Der CALYPSO 2G.VA ist ein Dual-Flow-Generator, der mit beiden Ionisierungsmodi der Varian LC\/MS-Ger\u00e4te verwendet werden kann. Der Generator verwendet eine Druckwechseladsorptionstechnik, um kontinuierliche Str\u00f6me von sauberem, trockenem Stickstoff und Luft zu liefern, ohne dass eine sekund\u00e4re Reinigung erforderlich ist. Wenn Sie das LC\/MS im positiven Ionisierungsmodus betreiben, wird Stickstoff als Trocknungs-, Hilfs- und Vernebelungsgas verwendet. Der Generator erzeugt auch saubere, trockene Luft zur Verwendung als Vernebelungsgas im negativen Ionisierungsmodus.<span class=\"Apple-converted-space\"> <\/span><\/p>\n<p class=\"p2\">Der Generator ist standardm\u00e4\u00dfig mit internen Luftkompressoren ausgestattet und arbeitet extrem leise.<span class=\"Apple-converted-space\"> <\/span><\/p>\n<p class=\"p3\">Der Generator wird \u00fcber den neuesten Farb-Touchscreen gesteuert, der den Prozess in Echtzeit, den Einlass-\/Auslassdruck, den N2\/Luft-Durchfluss und den Status des Systems anzeigt und einen Fernzugriff f\u00fcr die Diagnosekontrolle erm\u00f6glicht.<span class=\"Apple-converted-space\"> <\/span><\/p>\n","protected":false},"excerpt":{"rendered":"<p>Der CALYPSO 2G.VA ist ein Dual-Flow-Generator, der mit beiden Ionisierungsmodi der Varian LC\/MS-Ger\u00e4te verwendet werden kann. Der Generator verwendet eine Druckwechseladsorptionstechnik, um kontinuierliche Str\u00f6me von sauberem, trockenem Stickstoff und Luft zu liefern, ohne dass eine sekund\u00e4re Reinigung erforderlich ist. Wenn Sie das LC\/MS im positiven Ionisierungsmodus betreiben, wird Stickstoff als Trocknungs-, Hilfs- und Vernebelungsgas verwendet. [&hellip;]<\/p>\n","protected":false},"featured_media":12729,"comment_status":"open","ping_status":"closed","template":"","meta":[],"product_cat":[235],"product_tag":[],"class_list":{"0":"post-12728","1":"product","2":"type-product","3":"status-publish","4":"has-post-thumbnail","6":"product_cat-kombinierte-stickstoff-luft-generatoren","8":"first","9":"instock","10":"shipping-taxable","11":"product-type-simple"},"_links":{"self":[{"href":"https:\/\/www.f-dgs.com\/de\/wp-json\/wp\/v2\/product\/12728","targetHints":{"allow":["GET"]}}],"collection":[{"href":"https:\/\/www.f-dgs.com\/de\/wp-json\/wp\/v2\/product"}],"about":[{"href":"https:\/\/www.f-dgs.com\/de\/wp-json\/wp\/v2\/types\/product"}],"replies":[{"embeddable":true,"href":"https:\/\/www.f-dgs.com\/de\/wp-json\/wp\/v2\/comments?post=12728"}],"wp:featuredmedia":[{"embeddable":true,"href":"https:\/\/www.f-dgs.com\/de\/wp-json\/wp\/v2\/media\/12729"}],"wp:attachment":[{"href":"https:\/\/www.f-dgs.com\/de\/wp-json\/wp\/v2\/media?parent=12728"}],"wp:term":[{"taxonomy":"product_cat","embeddable":true,"href":"https:\/\/www.f-dgs.com\/de\/wp-json\/wp\/v2\/product_cat?post=12728"},{"taxonomy":"product_tag","embeddable":true,"href":"https:\/\/www.f-dgs.com\/de\/wp-json\/wp\/v2\/product_tag?post=12728"}],"curies":[{"name":"wp","href":"https:\/\/api.w.org\/{rel}","templated":true}]}}