{"id":12722,"date":"2022-05-09T22:50:30","date_gmt":"2022-05-09T20:50:30","guid":{"rendered":"https:\/\/www.f-dgs.com\/product\/unkategorisiert\/cosmos-luftkompressor\/"},"modified":"2024-07-20T13:23:17","modified_gmt":"2024-07-20T11:23:17","slug":"cosmos-luftkompressor","status":"publish","type":"product","link":"https:\/\/www.f-dgs.com\/de\/product\/luftproduktion\/cosmos-luftkompressor\/","title":{"rendered":"COSMOS LUFTKOMPRESSOR"},"content":{"rendered":"<p class=\"p2\">Der COSMOS Luftkompressor produziert kontinuierlich hochwertige, \u00f6lfreie und vorgetrocknete Luft.<\/p>\n<p class=\"p2\">Der COSMOS Luftkompressor ist die ideale L\u00f6sung f\u00fcr die Bereitstellung von Druckluft f\u00fcr einen Nullluft- und Stickstoffgenerator sowie f\u00fcr den Betrieb von Pneumatikventilen oder anderen Anwendungen im Labor.<\/p>\n<p class=\"p2\">Der COSMOS Luftkompressor kann mit jedem Stapel COSMOS H2, Zero Air und Stickstoffgeneratoren gestapelt werden, typischerweise als Basiseinheit &#8211; so erhalten Sie eine komplette, in sich geschlossene GC-Gasl\u00f6sung, auch wenn keine Hausversorgung verf\u00fcgbar ist.<\/p>\n<p class=\"p3\">Dank eines einzigartigen Montagesystems f\u00fcr den Kompressor ist der COSMOS Luftkompressor au\u00dferdem ger\u00e4usch- und vibrationsarm, so dass er in einem typischen Labor relativ leise arbeitet.<\/p>\n","protected":false},"excerpt":{"rendered":"<p>Der COSMOS Luftkompressor produziert kontinuierlich hochwertige, \u00f6lfreie und vorgetrocknete Luft. Der COSMOS Luftkompressor ist die ideale L\u00f6sung f\u00fcr die Bereitstellung von Druckluft f\u00fcr einen Nullluft- und Stickstoffgenerator sowie f\u00fcr den Betrieb von Pneumatikventilen oder anderen Anwendungen im Labor. Der COSMOS Luftkompressor kann mit jedem Stapel COSMOS H2, Zero Air und Stickstoffgeneratoren gestapelt werden, typischerweise als [&hellip;]<\/p>\n","protected":false},"featured_media":12723,"comment_status":"closed","ping_status":"closed","template":"","meta":[],"product_cat":[240],"product_tag":[239,241],"class_list":{"0":"post-12722","1":"product","2":"type-product","3":"status-publish","4":"has-post-thumbnail","6":"product_cat-luftproduktion","7":"product_tag-cosmos-serie","8":"product_tag-olfreie-kolbentechnologie","10":"first","11":"instock","12":"shipping-taxable","13":"product-type-simple"},"_links":{"self":[{"href":"https:\/\/www.f-dgs.com\/de\/wp-json\/wp\/v2\/product\/12722","targetHints":{"allow":["GET"]}}],"collection":[{"href":"https:\/\/www.f-dgs.com\/de\/wp-json\/wp\/v2\/product"}],"about":[{"href":"https:\/\/www.f-dgs.com\/de\/wp-json\/wp\/v2\/types\/product"}],"replies":[{"embeddable":true,"href":"https:\/\/www.f-dgs.com\/de\/wp-json\/wp\/v2\/comments?post=12722"}],"wp:featuredmedia":[{"embeddable":true,"href":"https:\/\/www.f-dgs.com\/de\/wp-json\/wp\/v2\/media\/12723"}],"wp:attachment":[{"href":"https:\/\/www.f-dgs.com\/de\/wp-json\/wp\/v2\/media?parent=12722"}],"wp:term":[{"taxonomy":"product_cat","embeddable":true,"href":"https:\/\/www.f-dgs.com\/de\/wp-json\/wp\/v2\/product_cat?post=12722"},{"taxonomy":"product_tag","embeddable":true,"href":"https:\/\/www.f-dgs.com\/de\/wp-json\/wp\/v2\/product_tag?post=12722"}],"curies":[{"name":"wp","href":"https:\/\/api.w.org\/{rel}","templated":true}]}}