{"id":12720,"date":"2022-05-17T00:14:18","date_gmt":"2022-05-16T22:14:18","guid":{"rendered":"https:\/\/www.f-dgs.com\/product\/unkategorisiert\/calypso-2g-sh-kombinierter-stickstoff-luft-generator\/"},"modified":"2022-05-17T00:14:18","modified_gmt":"2022-05-16T22:14:18","slug":"calypso-2g-sh-kombinierter-stickstoff-luft-generator","status":"publish","type":"product","link":"https:\/\/www.f-dgs.com\/de\/product\/kombinierte-stickstoff-luft-generatoren\/calypso-2g-sh-kombinierter-stickstoff-luft-generator\/","title":{"rendered":"CALYPSO 2G.SH Kombinierter Stickstoff-Luft-Generator"},"content":{"rendered":"<p class=\"p2\">Der CALYPSO.2G\/1.SH ist ein Dual-Flow-Generator, der speziell f\u00fcr den Stickstoff- und Trockenluftbedarf zur Versorgung der Shimadzu LCMS 8045, 8050, 8060 entwickelt wurde. Der Benutzer kann das Durchflussverh\u00e4ltnis von Stickstoff und Trockenluft \u00fcber das Touchscreen-Display \u00e4ndern, so dass der Gesamtdurchfluss 25 L\/min betr\u00e4gt, aufgeteilt auf Stickstoff und Trockenluft.<span class=\"Apple-converted-space\"> <\/span><\/p>\n<p class=\"p2\">Der CALYPSO.2G\/1.HF.SH wurde entwickelt, um erh\u00f6hte Stickstoff- und Trockenluftstr\u00f6me f\u00fcr das neueste Shimadzu LCMS-9030 zu liefern, oder wenn die LCMS 8045, 8050, 8060 im High Flow Gasversorgungsmodus betrieben werden.<span class=\"Apple-converted-space\"> <\/span><\/p>\n<p class=\"p2\">Der Generator ist standardm\u00e4\u00dfig mit internen Luftkompressoren ausgestattet und arbeitet extrem leise.<span class=\"Apple-converted-space\"> <\/span><\/p>\n<p class=\"p3\">Der Generator wird \u00fcber den neuesten Farb-Touchscreen gesteuert, der den Prozess in Echtzeit, den Einlass-\/Auslassdruck, den N2\/Luft-Durchfluss und den Status des Systems anzeigt und einen Fernzugriff f\u00fcr die Diagnosekontrolle erm\u00f6glicht.<span class=\"Apple-converted-space\"> <\/span><\/p>\n","protected":false},"excerpt":{"rendered":"<p>Der CALYPSO.2G\/1.SH ist ein Dual-Flow-Generator, der speziell f\u00fcr den Stickstoff- und Trockenluftbedarf zur Versorgung der Shimadzu LCMS 8045, 8050, 8060 entwickelt wurde. Der Benutzer kann das Durchflussverh\u00e4ltnis von Stickstoff und Trockenluft \u00fcber das Touchscreen-Display \u00e4ndern, so dass der Gesamtdurchfluss 25 L\/min betr\u00e4gt, aufgeteilt auf Stickstoff und Trockenluft. Der CALYPSO.2G\/1.HF.SH wurde entwickelt, um erh\u00f6hte Stickstoff- und [&hellip;]<\/p>\n","protected":false},"featured_media":12721,"comment_status":"open","ping_status":"closed","template":"","meta":[],"product_cat":[235],"product_tag":[237],"class_list":{"0":"post-12720","1":"product","2":"type-product","3":"status-publish","4":"has-post-thumbnail","6":"product_cat-kombinierte-stickstoff-luft-generatoren","7":"product_tag-lc-ms-ms-de","9":"first","10":"instock","11":"shipping-taxable","12":"product-type-simple"},"_links":{"self":[{"href":"https:\/\/www.f-dgs.com\/de\/wp-json\/wp\/v2\/product\/12720","targetHints":{"allow":["GET"]}}],"collection":[{"href":"https:\/\/www.f-dgs.com\/de\/wp-json\/wp\/v2\/product"}],"about":[{"href":"https:\/\/www.f-dgs.com\/de\/wp-json\/wp\/v2\/types\/product"}],"replies":[{"embeddable":true,"href":"https:\/\/www.f-dgs.com\/de\/wp-json\/wp\/v2\/comments?post=12720"}],"wp:featuredmedia":[{"embeddable":true,"href":"https:\/\/www.f-dgs.com\/de\/wp-json\/wp\/v2\/media\/12721"}],"wp:attachment":[{"href":"https:\/\/www.f-dgs.com\/de\/wp-json\/wp\/v2\/media?parent=12720"}],"wp:term":[{"taxonomy":"product_cat","embeddable":true,"href":"https:\/\/www.f-dgs.com\/de\/wp-json\/wp\/v2\/product_cat?post=12720"},{"taxonomy":"product_tag","embeddable":true,"href":"https:\/\/www.f-dgs.com\/de\/wp-json\/wp\/v2\/product_tag?post=12720"}],"curies":[{"name":"wp","href":"https:\/\/api.w.org\/{rel}","templated":true}]}}