{"id":12711,"date":"2022-05-17T00:29:46","date_gmt":"2022-05-16T22:29:46","guid":{"rendered":"https:\/\/www.f-dgs.com\/product\/unkategorisiert\/calypso-m-3g-sc-kombinierter-stickstoff-luft-generator\/"},"modified":"2022-05-17T00:29:46","modified_gmt":"2022-05-16T22:29:46","slug":"calypso-m-3g-sc-kombinierter-stickstoff-luft-generator","status":"publish","type":"product","link":"https:\/\/www.f-dgs.com\/de\/product\/kombinierte-stickstoff-luft-generatoren\/calypso-m-3g-sc-kombinierter-stickstoff-luft-generator\/","title":{"rendered":"CALYPSO M 3G.SC Kombinierter Stickstoff-Luft-Generator"},"content":{"rendered":"<p class=\"p2\">Der Triple-Flow-Generator wurde speziell entwickelt, um den Bedarf an Stickstoff und trockener Luft f\u00fcr die Versorgung von Vorhang-, Quell- und Abgasen f\u00fcr Sciex LC-MS-Instrumente, einschlie\u00dflich des QTOF-Systems der Serie X5000, mit h\u00f6heren Durchflussraten als beim CALYPSO.3G\/1.HF.SC zu decken.<span class=\"Apple-converted-space\"> <\/span><\/p>\n<p class=\"p2\">Stickstoff wird durch den Einsatz von Membrantechnologie erzeugt, um Sauerstoff, Kohlendioxid und Wasser aus komprimierter Luft zu entfernen. Die gereinigte Luft wird mit einem Membranlufttrockner erzeugt.<span class=\"Apple-converted-space\"> <\/span><\/p>\n<p class=\"p2\">Der Generator ist standardm\u00e4\u00dfig mit internen Luftkompressoren ausgestattet und arbeitet extrem leise.<span class=\"Apple-converted-space\"> <\/span><\/p>\n<p class=\"p3\">Der Generator wird \u00fcber den neuesten Farb-Touchscreen gesteuert, der den Prozess in Echtzeit, den Einlass-\/Auslassdruck, den N2\/Luft-Durchfluss und den Status des Systems anzeigt und einen Fernzugriff f\u00fcr die Diagnosekontrolle erm\u00f6glicht.<span class=\"Apple-converted-space\"> <\/span><\/p>\n","protected":false},"excerpt":{"rendered":"<p>Der Triple-Flow-Generator wurde speziell entwickelt, um den Bedarf an Stickstoff und trockener Luft f\u00fcr die Versorgung von Vorhang-, Quell- und Abgasen f\u00fcr Sciex LC-MS-Instrumente, einschlie\u00dflich des QTOF-Systems der Serie X5000, mit h\u00f6heren Durchflussraten als beim CALYPSO.3G\/1.HF.SC zu decken. Stickstoff wird durch den Einsatz von Membrantechnologie erzeugt, um Sauerstoff, Kohlendioxid und Wasser aus komprimierter Luft zu [&hellip;]<\/p>\n","protected":false},"featured_media":12712,"comment_status":"open","ping_status":"closed","template":"","meta":[],"product_cat":[235],"product_tag":[237],"class_list":{"0":"post-12711","1":"product","2":"type-product","3":"status-publish","4":"has-post-thumbnail","6":"product_cat-kombinierte-stickstoff-luft-generatoren","7":"product_tag-lc-ms-ms-de","9":"first","10":"instock","11":"shipping-taxable","12":"product-type-simple"},"_links":{"self":[{"href":"https:\/\/www.f-dgs.com\/de\/wp-json\/wp\/v2\/product\/12711","targetHints":{"allow":["GET"]}}],"collection":[{"href":"https:\/\/www.f-dgs.com\/de\/wp-json\/wp\/v2\/product"}],"about":[{"href":"https:\/\/www.f-dgs.com\/de\/wp-json\/wp\/v2\/types\/product"}],"replies":[{"embeddable":true,"href":"https:\/\/www.f-dgs.com\/de\/wp-json\/wp\/v2\/comments?post=12711"}],"wp:featuredmedia":[{"embeddable":true,"href":"https:\/\/www.f-dgs.com\/de\/wp-json\/wp\/v2\/media\/12712"}],"wp:attachment":[{"href":"https:\/\/www.f-dgs.com\/de\/wp-json\/wp\/v2\/media?parent=12711"}],"wp:term":[{"taxonomy":"product_cat","embeddable":true,"href":"https:\/\/www.f-dgs.com\/de\/wp-json\/wp\/v2\/product_cat?post=12711"},{"taxonomy":"product_tag","embeddable":true,"href":"https:\/\/www.f-dgs.com\/de\/wp-json\/wp\/v2\/product_tag?post=12711"}],"curies":[{"name":"wp","href":"https:\/\/api.w.org\/{rel}","templated":true}]}}