{"id":12709,"date":"2022-05-17T00:38:26","date_gmt":"2022-05-16T22:38:26","guid":{"rendered":"https:\/\/www.f-dgs.com\/product\/unkategorisiert\/themisto-mp-kombinierter-stickstoff-luft-generator\/"},"modified":"2022-05-17T00:38:26","modified_gmt":"2022-05-16T22:38:26","slug":"themisto-mp-kombinierter-stickstoff-luft-generator","status":"publish","type":"product","link":"https:\/\/www.f-dgs.com\/de\/product\/kombinierte-stickstoff-luft-generatoren\/themisto-mp-kombinierter-stickstoff-luft-generator\/","title":{"rendered":"THEMISTO MP Kombinierter Stickstoff-Luft-Generator"},"content":{"rendered":"<p class=\"p2\">Der THEMISTO MP Dual-Flow-Generator wurde speziell f\u00fcr die Stickstoffversorgung f\u00fcr die Sp\u00fclung des Monochromators mit Plasmast\u00fctzgas und die Luftversorgung f\u00fcr das POP-Gas oder die Luftsp\u00fclung des Monochromators f\u00fcr das MP-AES-Instrument entwickelt.<span class=\"Apple-converted-space\"> <\/span><\/p>\n<p class=\"p3\">Der THEMISTO MP hat zwei Betriebsarten:<span class=\"Apple-converted-space\"><\/p>\n<p><\/span>Entweder 25 L\/min N2 bei 99,5% f\u00fcr die organische Analyse oder 10 L\/min N2 bei 99,95% f\u00fcr die Schwefelanalyse mit einer unterst\u00fctzenden Luftversorgung von bis zu 36,5 L\/min.<span class=\"Apple-converted-space\"> <\/span><\/p>\n<p class=\"p2\">Der THEMISTO MP ist mit einem integrierten \u00f6lfreien Luftkompressor erh\u00e4ltlich, der den <span class=\"s2\">Energiesparmodus (EST<\/span>) verwendet. Der THEMISTO MP ist mit einem Sauerstoffsensor ausgestattet, der Sie warnt, wenn die N2-Reinheit unterschritten wird.<span class=\"Apple-converted-space\"> <\/span><\/p>\n<p class=\"p4\">Der Generator wird \u00fcber die neueste Farb-Touchscreen-Technologie gesteuert, die den Prozess in Echtzeit, den Ein- und Auslassdruck und den Status des Systems mit Fernzugriff zur Diagnosekontrolle anzeigt.<span class=\"Apple-converted-space\"> <\/span><\/p>\n","protected":false},"excerpt":{"rendered":"<p>Der THEMISTO MP Dual-Flow-Generator wurde speziell f\u00fcr die Stickstoffversorgung f\u00fcr die Sp\u00fclung des Monochromators mit Plasmast\u00fctzgas und die Luftversorgung f\u00fcr das POP-Gas oder die Luftsp\u00fclung des Monochromators f\u00fcr das MP-AES-Instrument entwickelt. Der THEMISTO MP hat zwei Betriebsarten: Entweder 25 L\/min N2 bei 99,5% f\u00fcr die organische Analyse oder 10 L\/min N2 bei 99,95% f\u00fcr die [&hellip;]<\/p>\n","protected":false},"featured_media":12710,"comment_status":"open","ping_status":"closed","template":"","meta":[],"product_cat":[235],"product_tag":[238],"class_list":{"0":"post-12709","1":"product","2":"type-product","3":"status-publish","4":"has-post-thumbnail","6":"product_cat-kombinierte-stickstoff-luft-generatoren","7":"product_tag-mp-aes-de","9":"first","10":"instock","11":"shipping-taxable","12":"product-type-simple"},"_links":{"self":[{"href":"https:\/\/www.f-dgs.com\/de\/wp-json\/wp\/v2\/product\/12709","targetHints":{"allow":["GET"]}}],"collection":[{"href":"https:\/\/www.f-dgs.com\/de\/wp-json\/wp\/v2\/product"}],"about":[{"href":"https:\/\/www.f-dgs.com\/de\/wp-json\/wp\/v2\/types\/product"}],"replies":[{"embeddable":true,"href":"https:\/\/www.f-dgs.com\/de\/wp-json\/wp\/v2\/comments?post=12709"}],"wp:featuredmedia":[{"embeddable":true,"href":"https:\/\/www.f-dgs.com\/de\/wp-json\/wp\/v2\/media\/12710"}],"wp:attachment":[{"href":"https:\/\/www.f-dgs.com\/de\/wp-json\/wp\/v2\/media?parent=12709"}],"wp:term":[{"taxonomy":"product_cat","embeddable":true,"href":"https:\/\/www.f-dgs.com\/de\/wp-json\/wp\/v2\/product_cat?post=12709"},{"taxonomy":"product_tag","embeddable":true,"href":"https:\/\/www.f-dgs.com\/de\/wp-json\/wp\/v2\/product_tag?post=12709"}],"curies":[{"name":"wp","href":"https:\/\/api.w.org\/{rel}","templated":true}]}}