{"id":12707,"date":"2022-05-17T00:33:12","date_gmt":"2022-05-16T22:33:12","guid":{"rendered":"https:\/\/www.f-dgs.com\/product\/unkategorisiert\/prospero-kombinierter-stickstoff-luft-generator\/"},"modified":"2022-05-17T00:33:12","modified_gmt":"2022-05-16T22:33:12","slug":"prospero-kombinierter-stickstoff-luft-generator","status":"publish","type":"product","link":"https:\/\/www.f-dgs.com\/de\/product\/kombinierte-stickstoff-luft-generatoren\/prospero-kombinierter-stickstoff-luft-generator\/","title":{"rendered":"PROSPERO Kombinierter Stickstoff-Luft-Generator"},"content":{"rendered":"<p class=\"p2\">Die Stickstoff\/Luft-Kombination liefert einen kontinuierlichen Strom von hochreinem Stickstoffgas (&gt; 99,9995%) und hochreiner Luft mit Kohlenwasserstoffgehalt (&lt; 0,1 ppm), ideal f\u00fcr Anwendungen wie GC-Tr\u00e4gergas, GC-Make up und GC-FID.<span class=\"Apple-converted-space\"> <\/span><\/p>\n<p class=\"p2\">Der PROSPERO ist ohne oder mit integriertem \u00f6lfreiem Luftkompressor im <span class=\"s2\">Energiesparmodus (EST<\/span>) erh\u00e4ltlich. Er ist extrem kompakt und leise im Betrieb.<span class=\"Apple-converted-space\"> <\/span><\/p>\n<p class=\"p2\">Der Generator wird \u00fcber den neuesten Farb-Touchscreen gesteuert, der den Prozess in Echtzeit, den Ein- und Ausgangsdruck, den N2-Durchfluss und den Status des Systems anzeigt und einen Fernzugriff f\u00fcr die Diagnosekontrolle erm\u00f6glicht.<span class=\"Apple-converted-space\"> <\/span><\/p>\n<p class=\"p3\">Mit der <span class=\"s2\">fortschrittlichen PSA-Technologie <\/span>zur Trennung von Stickstoff und O2, um hochwertiges Stickstoffgas zu erzeugen, und einer S\u00e4ule aus aktiviertem Aluminiumoxid, um bei Bedarf 24\/7 gereinigte Luft zu produzieren.<\/p>\n","protected":false},"excerpt":{"rendered":"<p>Die Stickstoff\/Luft-Kombination liefert einen kontinuierlichen Strom von hochreinem Stickstoffgas (&gt; 99,9995%) und hochreiner Luft mit Kohlenwasserstoffgehalt (&lt; 0,1 ppm), ideal f\u00fcr Anwendungen wie GC-Tr\u00e4gergas, GC-Make up und GC-FID. Der PROSPERO ist ohne oder mit integriertem \u00f6lfreiem Luftkompressor im Energiesparmodus (EST) erh\u00e4ltlich. Er ist extrem kompakt und leise im Betrieb. Der Generator wird \u00fcber den neuesten [&hellip;]<\/p>\n","protected":false},"featured_media":12708,"comment_status":"open","ping_status":"closed","template":"","meta":[],"product_cat":[235],"product_tag":[226],"class_list":{"0":"post-12707","1":"product","2":"type-product","3":"status-publish","4":"has-post-thumbnail","6":"product_cat-kombinierte-stickstoff-luft-generatoren","7":"product_tag-gc-de","9":"first","10":"instock","11":"shipping-taxable","12":"product-type-simple"},"_links":{"self":[{"href":"https:\/\/www.f-dgs.com\/de\/wp-json\/wp\/v2\/product\/12707","targetHints":{"allow":["GET"]}}],"collection":[{"href":"https:\/\/www.f-dgs.com\/de\/wp-json\/wp\/v2\/product"}],"about":[{"href":"https:\/\/www.f-dgs.com\/de\/wp-json\/wp\/v2\/types\/product"}],"replies":[{"embeddable":true,"href":"https:\/\/www.f-dgs.com\/de\/wp-json\/wp\/v2\/comments?post=12707"}],"wp:featuredmedia":[{"embeddable":true,"href":"https:\/\/www.f-dgs.com\/de\/wp-json\/wp\/v2\/media\/12708"}],"wp:attachment":[{"href":"https:\/\/www.f-dgs.com\/de\/wp-json\/wp\/v2\/media?parent=12707"}],"wp:term":[{"taxonomy":"product_cat","embeddable":true,"href":"https:\/\/www.f-dgs.com\/de\/wp-json\/wp\/v2\/product_cat?post=12707"},{"taxonomy":"product_tag","embeddable":true,"href":"https:\/\/www.f-dgs.com\/de\/wp-json\/wp\/v2\/product_tag?post=12707"}],"curies":[{"name":"wp","href":"https:\/\/api.w.org\/{rel}","templated":true}]}}