{"id":12698,"date":"2022-05-17T00:56:05","date_gmt":"2022-05-16T22:56:05","guid":{"rendered":"https:\/\/www.f-dgs.com\/product\/unkategorisiert\/stream-2g-stickstoff-luft-generator\/"},"modified":"2022-05-17T00:56:05","modified_gmt":"2022-05-16T22:56:05","slug":"stream-2g-stickstoff-luft-generator","status":"publish","type":"product","link":"https:\/\/www.f-dgs.com\/de\/product\/kombinierte-stickstoff-luft-generatoren\/stream-2g-stickstoff-luft-generator\/","title":{"rendered":"STREAM 2G Stickstoff-Luft-Generator"},"content":{"rendered":"<p class=\"p2\">Der Membran-Stickstoff\/Luft-Generator wurde entwickelt, um spezifische Anforderungen in Bezug auf Durchfluss, Reinheit und<span class=\"Apple-converted-space\"> <\/span>Druck f\u00fcr Shimadzu LC-MS zu erf\u00fcllen.<span class=\"Apple-converted-space\"> <\/span><\/p>\n<p class=\"p2\">Der Generator liefert einen Ausgang mit Stickstoff in Laborqualit\u00e4t und einen Ausgang mit trockener Luft.<span class=\"Apple-converted-space\"> <\/span><\/p>\n<p class=\"p2\">Der Generator der STREAM 2G-Serie von F-DGS wurde entwickelt, um Labors, die bereits \u00fcber eine externe Quelle f\u00fcr saubere, trockene Luft verf\u00fcgen, mit Stickstoff und Luft zu versorgen.<span class=\"Apple-converted-space\"> <\/span><\/p>\n<p class=\"p3\">Das System enth\u00e4lt keine beweglichen Teile, ist im Betrieb praktisch ger\u00e4uschlos und erfordert nur minimale Wartung.<span class=\"Apple-converted-space\"> <\/span><\/p>\n","protected":false},"excerpt":{"rendered":"<p>Der Membran-Stickstoff\/Luft-Generator wurde entwickelt, um spezifische Anforderungen in Bezug auf Durchfluss, Reinheit und Druck f\u00fcr Shimadzu LC-MS zu erf\u00fcllen. Der Generator liefert einen Ausgang mit Stickstoff in Laborqualit\u00e4t und einen Ausgang mit trockener Luft. Der Generator der STREAM 2G-Serie von F-DGS wurde entwickelt, um Labors, die bereits \u00fcber eine externe Quelle f\u00fcr saubere, trockene Luft [&hellip;]<\/p>\n","protected":false},"featured_media":12699,"comment_status":"open","ping_status":"closed","template":"","meta":[],"product_cat":[235],"product_tag":[237],"class_list":{"0":"post-12698","1":"product","2":"type-product","3":"status-publish","4":"has-post-thumbnail","6":"product_cat-kombinierte-stickstoff-luft-generatoren","7":"product_tag-lc-ms-ms-de","9":"first","10":"instock","11":"shipping-taxable","12":"product-type-simple"},"_links":{"self":[{"href":"https:\/\/www.f-dgs.com\/de\/wp-json\/wp\/v2\/product\/12698","targetHints":{"allow":["GET"]}}],"collection":[{"href":"https:\/\/www.f-dgs.com\/de\/wp-json\/wp\/v2\/product"}],"about":[{"href":"https:\/\/www.f-dgs.com\/de\/wp-json\/wp\/v2\/types\/product"}],"replies":[{"embeddable":true,"href":"https:\/\/www.f-dgs.com\/de\/wp-json\/wp\/v2\/comments?post=12698"}],"wp:featuredmedia":[{"embeddable":true,"href":"https:\/\/www.f-dgs.com\/de\/wp-json\/wp\/v2\/media\/12699"}],"wp:attachment":[{"href":"https:\/\/www.f-dgs.com\/de\/wp-json\/wp\/v2\/media?parent=12698"}],"wp:term":[{"taxonomy":"product_cat","embeddable":true,"href":"https:\/\/www.f-dgs.com\/de\/wp-json\/wp\/v2\/product_cat?post=12698"},{"taxonomy":"product_tag","embeddable":true,"href":"https:\/\/www.f-dgs.com\/de\/wp-json\/wp\/v2\/product_tag?post=12698"}],"curies":[{"name":"wp","href":"https:\/\/api.w.org\/{rel}","templated":true}]}}