{"id":12689,"date":"2022-05-17T00:47:44","date_gmt":"2022-05-16T22:47:44","guid":{"rendered":"https:\/\/www.f-dgs.com\/product\/unkategorisiert\/z-prospero-null-stickstoff-luftgenerator\/"},"modified":"2022-05-17T00:47:44","modified_gmt":"2022-05-16T22:47:44","slug":"z-prospero-null-stickstoff-luftgenerator","status":"publish","type":"product","link":"https:\/\/www.f-dgs.com\/de\/product\/kombinierte-stickstoff-luft-generatoren\/z-prospero-null-stickstoff-luftgenerator\/","title":{"rendered":"Z.PROSPERO Null-Stickstoff-Luftgenerator"},"content":{"rendered":"<p class=\"p2\">Der kombinierte Zero Nitrogen\/Air liefert einen kontinuierlichen Strom von hochreinem Stickstoffgas (&gt; 99,9995%) und hochreiner Luft mit Kohlenwasserstoffgehalt (&lt; 0,1 ppm), ideal f\u00fcr Anwendungen wie GC-Tr\u00e4gergas, Make-up und GC-FID.<\/p>\n<p class=\"p2\">Der Z.PROSPERO ist ohne oder mit integriertem \u00f6lfreiem Luftkompressor im <span class=\"s2\">Energiesparmodus (EST<\/span>) erh\u00e4ltlich. Er ist extrem kompakt und leise im Betrieb. Der Generator wird \u00fcber den neuesten Farb-Touchscreen gesteuert, der den Prozess in Echtzeit, den Ein- und Ausgangsdruck, den ZN2\/Luftdurchfluss und den Status des Systems anzeigt und einen Fernzugriff f\u00fcr die Diagnosekontrolle erm\u00f6glicht.<\/p>\n<p class=\"p2\">Mit der <span class=\"s2\">fortschrittlichen PSA-Technologie <\/span>zur Trennung von Stickstoff und O2, um hochwertiges Stickstoffgas zu erzeugen, und einer S\u00e4ule aus aktiviertem Aluminiumoxid, um bei Bedarf 24\/7 gereinigte Luft zu produzieren. Beim Z.PROSPERO oxidiert ein beheizter Katalysator CH4 aus dem Stickstoffgasstrom und sorgt so f\u00fcr Null Stickstoff mit einem Gesamtkohlenwasserstoffgehalt von weniger als 0,05 ppm.<span class=\"Apple-converted-space\"> <\/span><\/p>\n","protected":false},"excerpt":{"rendered":"<p>Der kombinierte Zero Nitrogen\/Air liefert einen kontinuierlichen Strom von hochreinem Stickstoffgas (&gt; 99,9995%) und hochreiner Luft mit Kohlenwasserstoffgehalt (&lt; 0,1 ppm), ideal f\u00fcr Anwendungen wie GC-Tr\u00e4gergas, Make-up und GC-FID. Der Z.PROSPERO ist ohne oder mit integriertem \u00f6lfreiem Luftkompressor im Energiesparmodus (EST) erh\u00e4ltlich. Er ist extrem kompakt und leise im Betrieb. Der Generator wird \u00fcber den [&hellip;]<\/p>\n","protected":false},"featured_media":12690,"comment_status":"open","ping_status":"closed","template":"","meta":[],"product_cat":[235],"product_tag":[226],"class_list":{"0":"post-12689","1":"product","2":"type-product","3":"status-publish","4":"has-post-thumbnail","6":"product_cat-kombinierte-stickstoff-luft-generatoren","7":"product_tag-gc-de","9":"first","10":"instock","11":"shipping-taxable","12":"product-type-simple"},"_links":{"self":[{"href":"https:\/\/www.f-dgs.com\/de\/wp-json\/wp\/v2\/product\/12689","targetHints":{"allow":["GET"]}}],"collection":[{"href":"https:\/\/www.f-dgs.com\/de\/wp-json\/wp\/v2\/product"}],"about":[{"href":"https:\/\/www.f-dgs.com\/de\/wp-json\/wp\/v2\/types\/product"}],"replies":[{"embeddable":true,"href":"https:\/\/www.f-dgs.com\/de\/wp-json\/wp\/v2\/comments?post=12689"}],"wp:featuredmedia":[{"embeddable":true,"href":"https:\/\/www.f-dgs.com\/de\/wp-json\/wp\/v2\/media\/12690"}],"wp:attachment":[{"href":"https:\/\/www.f-dgs.com\/de\/wp-json\/wp\/v2\/media?parent=12689"}],"wp:term":[{"taxonomy":"product_cat","embeddable":true,"href":"https:\/\/www.f-dgs.com\/de\/wp-json\/wp\/v2\/product_cat?post=12689"},{"taxonomy":"product_tag","embeddable":true,"href":"https:\/\/www.f-dgs.com\/de\/wp-json\/wp\/v2\/product_tag?post=12689"}],"curies":[{"name":"wp","href":"https:\/\/api.w.org\/{rel}","templated":true}]}}