{"id":12679,"date":"2022-05-17T10:31:08","date_gmt":"2022-05-17T08:31:08","guid":{"rendered":"https:\/\/www.f-dgs.com\/product\/unkategorisiert\/cryogen-20-ra-n2-fluessigstickstoff-generator\/"},"modified":"2022-05-17T10:31:08","modified_gmt":"2022-05-17T08:31:08","slug":"cryogen-20-ra-n2-fluessigstickstoff-generator","status":"publish","type":"product","link":"https:\/\/www.f-dgs.com\/de\/product\/flussigstickstoff-generator\/cryogen-20-ra-n2-fluessigstickstoff-generator\/","title":{"rendered":"CRYOGEN.20-RA N2 Fl\u00fcssigstickstoff-Generator"},"content":{"rendered":"<p class=\"p1\">Der CRYOGEN.20-RA ist der <strong>&#8222;luftgek\u00fchlte&#8220;<\/strong> Fl\u00fcssig-N2-Generator von F-DGSi.<\/p>\n<p class=\"p1\">Unter Verwendung eines zuverl\u00e4ssigen &#8218;Cryo-K\u00fchlschranks&#8216; mit Kaltkopf-Technologie und Helium-Kompressor wird das Stickstoffgas mit Hilfe der PSA-Technologie erzeugt, die auf 77K (-196\u00b0C) gek\u00fchlt wird, um fl\u00fcssigen Stickstoff herzustellen.<\/p>\n<p class=\"p1\">Die Generatoren werden mit der neuesten HMI-Touchscreen-Technologie gesteuert, die den Prozess in Echtzeit anzeigt und den Fl\u00fcssigkeitsstand im Dewar, die PSA-Stickstoffproduktion und ein vollautomatisches System auf Knopfdruck mit Fernzugriff zur Diagnosekontrolle erm\u00f6glicht.<\/p>\n<p class=\"p1\">Der fl\u00fcssige Stickstoff kann \u00fcber einen 1,5 Meter langen vakuumisolierten Schlauch abgegeben werden. Die integrierten L\u00fcfter k\u00f6nnen mit Luftk\u00fchlung bis zu +35\u00b0C Umgebungstemperatur betrieben werden, so dass es \u00fcberall auf der Welt eingesetzt werden kann.<\/p>\n","protected":false},"excerpt":{"rendered":"<p>Der CRYOGEN.20-RA ist der &#8222;luftgek\u00fchlte&#8220; Fl\u00fcssig-N2-Generator von F-DGSi. Unter Verwendung eines zuverl\u00e4ssigen &#8218;Cryo-K\u00fchlschranks&#8216; mit Kaltkopf-Technologie und Helium-Kompressor wird das Stickstoffgas mit Hilfe der PSA-Technologie erzeugt, die auf 77K (-196\u00b0C) gek\u00fchlt wird, um fl\u00fcssigen Stickstoff herzustellen. Die Generatoren werden mit der neuesten HMI-Touchscreen-Technologie gesteuert, die den Prozess in Echtzeit anzeigt und den Fl\u00fcssigkeitsstand im Dewar, die [&hellip;]<\/p>\n","protected":false},"featured_media":12680,"comment_status":"open","ping_status":"closed","template":"","meta":[],"product_cat":[229],"product_tag":[],"class_list":{"0":"post-12679","1":"product","2":"type-product","3":"status-publish","4":"has-post-thumbnail","6":"product_cat-flussigstickstoff-generator","8":"first","9":"instock","10":"shipping-taxable","11":"product-type-simple"},"_links":{"self":[{"href":"https:\/\/www.f-dgs.com\/de\/wp-json\/wp\/v2\/product\/12679","targetHints":{"allow":["GET"]}}],"collection":[{"href":"https:\/\/www.f-dgs.com\/de\/wp-json\/wp\/v2\/product"}],"about":[{"href":"https:\/\/www.f-dgs.com\/de\/wp-json\/wp\/v2\/types\/product"}],"replies":[{"embeddable":true,"href":"https:\/\/www.f-dgs.com\/de\/wp-json\/wp\/v2\/comments?post=12679"}],"wp:featuredmedia":[{"embeddable":true,"href":"https:\/\/www.f-dgs.com\/de\/wp-json\/wp\/v2\/media\/12680"}],"wp:attachment":[{"href":"https:\/\/www.f-dgs.com\/de\/wp-json\/wp\/v2\/media?parent=12679"}],"wp:term":[{"taxonomy":"product_cat","embeddable":true,"href":"https:\/\/www.f-dgs.com\/de\/wp-json\/wp\/v2\/product_cat?post=12679"},{"taxonomy":"product_tag","embeddable":true,"href":"https:\/\/www.f-dgs.com\/de\/wp-json\/wp\/v2\/product_tag?post=12679"}],"curies":[{"name":"wp","href":"https:\/\/api.w.org\/{rel}","templated":true}]}}