{"id":12664,"date":"2022-05-17T18:15:48","date_gmt":"2022-05-17T16:15:48","guid":{"rendered":"https:\/\/www.f-dgs.com\/product\/unkategorisiert\/cryogen-80-n2-liquid-nitrogen-generator\/"},"modified":"2022-05-17T18:15:48","modified_gmt":"2022-05-17T16:15:48","slug":"cryogen-80-n2-liquid-nitrogen-generator","status":"publish","type":"product","link":"https:\/\/www.f-dgs.com\/de\/product\/flussigstickstoff-generator\/cryogen-80-n2-liquid-nitrogen-generator\/","title":{"rendered":"CRYOGEN.80 N2 Liquid Nitrogen Generator"},"content":{"rendered":"<p class=\"p2\">Der CRYOGEN.80 ist der <span class=\"s2\"><br \/>\n  <b>&#8222;wassergek\u00fchlte&#8220; <\/b><br \/>\n<\/span>Fl\u00fcssig-N2-Generator von F-DGSi.<span class=\"Apple-converted-space\"> <\/span><\/p>\n<p class=\"p2\">Unter Verwendung eines zuverl\u00e4ssigen &#8218;Cryo-K\u00fchlschranks&#8216; mit Kaltkopf-Technologie und Helium-Kompressor wird das Stickstoffgas mit Hilfe der PSA-Technologie erzeugt, die auf 77K (-196\u00b0C) gek\u00fchlt wird, um fl\u00fcssigen Stickstoff herzustellen.<span class=\"Apple-converted-space\"> <\/span><\/p>\n<p class=\"p2\">Die Generatoren werden mit der neuesten HMI-Touchscreen-Technologie gesteuert, die den Prozess in Echtzeit anzeigt und den Fl\u00fcssigkeitsstand im Dewar, die PSA-Stickstoffproduktion und ein vollautomatisches System auf Knopfdruck mit Fernzugriff zur Diagnosekontrolle erm\u00f6glicht.<span class=\"Apple-converted-space\"> <\/span><\/p>\n<p class=\"p3\">Der fl\u00fcssige Stickstoff kann \u00fcber einen 1,5 Meter langen vakuumisolierten Schlauch abgegeben werden. Mit dem mitgelieferten K\u00fchlwasser oder der Wasserk\u00fchlung kann das System bis zu einer Umgebungstemperatur von +52\u00b0C betrieben werden und eignet sich somit f\u00fcr den Einsatz \u00fcberall auf der Welt.<span class=\"Apple-converted-space\"> <\/span><\/p>\n","protected":false},"excerpt":{"rendered":"<p>Der CRYOGEN.80 ist der &#8222;wassergek\u00fchlte&#8220; Fl\u00fcssig-N2-Generator von F-DGSi. Unter Verwendung eines zuverl\u00e4ssigen &#8218;Cryo-K\u00fchlschranks&#8216; mit Kaltkopf-Technologie und Helium-Kompressor wird das Stickstoffgas mit Hilfe der PSA-Technologie erzeugt, die auf 77K (-196\u00b0C) gek\u00fchlt wird, um fl\u00fcssigen Stickstoff herzustellen. Die Generatoren werden mit der neuesten HMI-Touchscreen-Technologie gesteuert, die den Prozess in Echtzeit anzeigt und den Fl\u00fcssigkeitsstand im Dewar, die [&hellip;]<\/p>\n","protected":false},"featured_media":12665,"comment_status":"open","ping_status":"closed","template":"","meta":[],"product_cat":[229],"product_tag":[],"class_list":{"0":"post-12664","1":"product","2":"type-product","3":"status-publish","4":"has-post-thumbnail","6":"product_cat-flussigstickstoff-generator","8":"first","9":"instock","10":"shipping-taxable","11":"product-type-simple"},"_links":{"self":[{"href":"https:\/\/www.f-dgs.com\/de\/wp-json\/wp\/v2\/product\/12664","targetHints":{"allow":["GET"]}}],"collection":[{"href":"https:\/\/www.f-dgs.com\/de\/wp-json\/wp\/v2\/product"}],"about":[{"href":"https:\/\/www.f-dgs.com\/de\/wp-json\/wp\/v2\/types\/product"}],"replies":[{"embeddable":true,"href":"https:\/\/www.f-dgs.com\/de\/wp-json\/wp\/v2\/comments?post=12664"}],"wp:featuredmedia":[{"embeddable":true,"href":"https:\/\/www.f-dgs.com\/de\/wp-json\/wp\/v2\/media\/12665"}],"wp:attachment":[{"href":"https:\/\/www.f-dgs.com\/de\/wp-json\/wp\/v2\/media?parent=12664"}],"wp:term":[{"taxonomy":"product_cat","embeddable":true,"href":"https:\/\/www.f-dgs.com\/de\/wp-json\/wp\/v2\/product_cat?post=12664"},{"taxonomy":"product_tag","embeddable":true,"href":"https:\/\/www.f-dgs.com\/de\/wp-json\/wp\/v2\/product_tag?post=12664"}],"curies":[{"name":"wp","href":"https:\/\/api.w.org\/{rel}","templated":true}]}}