{"id":12652,"date":"2022-06-01T01:06:05","date_gmt":"2022-05-31T23:06:05","guid":{"rendered":"https:\/\/www.f-dgs.com\/product\/unkategorisiert\/cosmos-rack-mf-h2-wasserstoff-gasgenerator\/"},"modified":"2022-06-01T01:06:05","modified_gmt":"2022-05-31T23:06:05","slug":"cosmos-rack-mf-h2-wasserstoff-gasgenerator","status":"publish","type":"product","link":"https:\/\/www.f-dgs.com\/de\/product\/wasserstoff-generatoren\/cosmos-rack-mf-h2-wasserstoff-gasgenerator\/","title":{"rendered":"COSMOS RACK MF.H2 Wasserstoff-Gasgenerator"},"content":{"rendered":"<p class=\"p2\">Die COSMOS RACK MF.H2 Wasserstoffgeneratoren verwenden die <span class=\"s2\">exklusive Elektrolytmembrantechnologie (PEM-Zelle) aus 100% Volltitan <\/span>, um hochreines H2-Gas zu erzeugen.<span class=\"Apple-converted-space\"> <\/span><\/p>\n<p class=\"p2\">Der exklusive kalt-dynamische Regenerationstrockner der RACK.MF-Serie ist v\u00f6llig wartungsfrei und erm\u00f6glicht einen Dauerbetrieb von 24 Stunden am Tag. Die automatische \u00dcberpr\u00fcfung auf interne Lecks bei jedem Start des Ger\u00e4ts und die st\u00e4ndige Kontrolle der Betriebsparameter garantieren maximale Sicherheit.<span class=\"Apple-converted-space\"> <\/span><\/p>\n<p class=\"p2\">Die <span class=\"s2\">COSMOS RACK MF.H2 Serie <\/span>verwendet einen exklusiven kalten doppeldynamischen<span class=\"Apple-converted-space\"> <\/span>Regenerationstrockner<\/p>\n","protected":false},"excerpt":{"rendered":"<p>Die COSMOS RACK MF.H2 Wasserstoffgeneratoren verwenden die exklusive Elektrolytmembrantechnologie (PEM-Zelle) aus 100% Volltitan , um hochreines H2-Gas zu erzeugen. Der exklusive kalt-dynamische Regenerationstrockner der RACK.MF-Serie ist v\u00f6llig wartungsfrei und erm\u00f6glicht einen Dauerbetrieb von 24 Stunden am Tag. Die automatische \u00dcberpr\u00fcfung auf interne Lecks bei jedem Start des Ger\u00e4ts und die st\u00e4ndige Kontrolle der Betriebsparameter garantieren [&hellip;]<\/p>\n","protected":false},"featured_media":12653,"comment_status":"closed","ping_status":"closed","template":"","meta":[],"product_cat":[227],"product_tag":[228],"class_list":{"0":"post-12652","1":"product","2":"type-product","3":"status-publish","4":"has-post-thumbnail","6":"product_cat-wasserstoff-generatoren","7":"product_tag-rack-serie","9":"first","10":"instock","11":"shipping-taxable","12":"product-type-simple"},"_links":{"self":[{"href":"https:\/\/www.f-dgs.com\/de\/wp-json\/wp\/v2\/product\/12652","targetHints":{"allow":["GET"]}}],"collection":[{"href":"https:\/\/www.f-dgs.com\/de\/wp-json\/wp\/v2\/product"}],"about":[{"href":"https:\/\/www.f-dgs.com\/de\/wp-json\/wp\/v2\/types\/product"}],"replies":[{"embeddable":true,"href":"https:\/\/www.f-dgs.com\/de\/wp-json\/wp\/v2\/comments?post=12652"}],"wp:featuredmedia":[{"embeddable":true,"href":"https:\/\/www.f-dgs.com\/de\/wp-json\/wp\/v2\/media\/12653"}],"wp:attachment":[{"href":"https:\/\/www.f-dgs.com\/de\/wp-json\/wp\/v2\/media?parent=12652"}],"wp:term":[{"taxonomy":"product_cat","embeddable":true,"href":"https:\/\/www.f-dgs.com\/de\/wp-json\/wp\/v2\/product_cat?post=12652"},{"taxonomy":"product_tag","embeddable":true,"href":"https:\/\/www.f-dgs.com\/de\/wp-json\/wp\/v2\/product_tag?post=12652"}],"curies":[{"name":"wp","href":"https:\/\/api.w.org\/{rel}","templated":true}]}}