{"id":12638,"date":"2022-06-01T01:10:29","date_gmt":"2022-05-31T23:10:29","guid":{"rendered":"https:\/\/www.f-dgs.com\/product\/unkategorisiert\/cosmos-rack-za-null-luft-generator\/"},"modified":"2022-06-01T01:10:29","modified_gmt":"2022-05-31T23:10:29","slug":"cosmos-rack-za-null-luft-generator","status":"publish","type":"product","link":"https:\/\/www.f-dgs.com\/de\/product\/luftgeneratoren\/cosmos-rack-za-null-luft-generator\/","title":{"rendered":"COSMOS RACK ZA Null-Luft-Generator"},"content":{"rendered":"<p class=\"p2\">Der COSMOS RACK Zero Air Generator verwendet Druckluft, die auf 0,1 Mikrometer vorgefiltert und dann mit einem beheizten Katalysatormodul gereinigt wird. Die ausgegebene Null-Luft ist frei von Kohlenwasserstoffen einschlie\u00dflich Methan und Kohlenmonoxid bis &lt; 0,05 ppm. Ein Nachfiltrationsfilter von 0,01 Mikron verhindert, dass Partikel jeglicher Art in das Ger\u00e4t gelangen. Dieser Reinheitsgrad f\u00fchrt zu einem niedrigen Signal-Rausch-Verh\u00e4ltnis und gew\u00e4hrleistet eine flache und stabile Basislinie des Analysators.<\/p>\n<p class=\"p2\">Dieses System wurde im Hinblick auf Sicherheit und Komfort entwickelt und macht die l\u00e4stigen Hochdruckgasflaschen \u00fcberfl\u00fcssig.<\/p>\n<p class=\"p2\">Das ergonomische, kompakte und leise Design macht die COSMOS RACK Zero Air Serie zur idealen L\u00f6sung f\u00fcr die folgenden analytischen Anwendungen.<\/p>\n","protected":false},"excerpt":{"rendered":"<p>Der COSMOS RACK Zero Air Generator verwendet Druckluft, die auf 0,1 Mikrometer vorgefiltert und dann mit einem beheizten Katalysatormodul gereinigt wird. Die ausgegebene Null-Luft ist frei von Kohlenwasserstoffen einschlie\u00dflich Methan und Kohlenmonoxid bis &lt; 0,05 ppm. Ein Nachfiltrationsfilter von 0,01 Mikron verhindert, dass Partikel jeglicher Art in das Ger\u00e4t gelangen. Dieser Reinheitsgrad f\u00fchrt zu einem [&hellip;]<\/p>\n","protected":false},"featured_media":12639,"comment_status":"closed","ping_status":"closed","template":"","meta":[],"product_cat":[225],"product_tag":[226],"class_list":{"0":"post-12638","1":"product","2":"type-product","3":"status-publish","4":"has-post-thumbnail","6":"product_cat-luftgeneratoren","7":"product_tag-gc-de","9":"first","10":"instock","11":"shipping-taxable","12":"product-type-simple"},"_links":{"self":[{"href":"https:\/\/www.f-dgs.com\/de\/wp-json\/wp\/v2\/product\/12638","targetHints":{"allow":["GET"]}}],"collection":[{"href":"https:\/\/www.f-dgs.com\/de\/wp-json\/wp\/v2\/product"}],"about":[{"href":"https:\/\/www.f-dgs.com\/de\/wp-json\/wp\/v2\/types\/product"}],"replies":[{"embeddable":true,"href":"https:\/\/www.f-dgs.com\/de\/wp-json\/wp\/v2\/comments?post=12638"}],"wp:featuredmedia":[{"embeddable":true,"href":"https:\/\/www.f-dgs.com\/de\/wp-json\/wp\/v2\/media\/12639"}],"wp:attachment":[{"href":"https:\/\/www.f-dgs.com\/de\/wp-json\/wp\/v2\/media?parent=12638"}],"wp:term":[{"taxonomy":"product_cat","embeddable":true,"href":"https:\/\/www.f-dgs.com\/de\/wp-json\/wp\/v2\/product_cat?post=12638"},{"taxonomy":"product_tag","embeddable":true,"href":"https:\/\/www.f-dgs.com\/de\/wp-json\/wp\/v2\/product_tag?post=12638"}],"curies":[{"name":"wp","href":"https:\/\/api.w.org\/{rel}","templated":true}]}}