{"id":12630,"date":"2024-07-20T09:30:45","date_gmt":"2024-07-20T07:30:45","guid":{"rendered":"https:\/\/www.f-dgs.com\/?post_type=product&#038;p=12630"},"modified":"2024-07-20T09:30:45","modified_gmt":"2024-07-20T07:30:45","slug":"cosmos-rack-n2-zn2","status":"publish","type":"product","link":"https:\/\/www.f-dgs.com\/de\/product\/stickstoffgeneratoren-fur-laboratorien\/cosmos-rack-n2-zn2\/","title":{"rendered":"COSMOS RACK N2 \/ ZN2"},"content":{"rendered":"<p>COSMOS RACK.N2 \/ ZN2 wurde entwickelt, um eine sichere und kontrollierte Versorgung mit hoher Reinheit von bis zu 99,9995% f\u00fcr Gaschromatographie-Vorbereitungsgase, Gaschromatographie-Tr\u00e4gergase, Druckbeaufschlagung von Kopfraumflaschen, Sp\u00fclungen, Fallen, Konditionierung von R\u00f6hren f\u00fcr die thermische Desorption und Schlammprotokollierung zu erzeugen.<\/p>\n<p>COSMOS RACK Stickstoff nutzt die zuverl\u00e4ssige und effiziente Technik der Druckwechselabsorption (PSA) unter Verwendung eines Kohlenstoffmolekularsiebs zur Entfernung von Sauerstoff und Feuchtigkeit, um hochreinen Stickstoff zu produzieren.<\/p>\n<p>COSMOS RACK.N2 \/ ZN2 ist mit einem Katalysator zur Entfernung von Kohlenwasserstoffen konstruiert &lt;; 0.05 ppm.<\/p>\n<p>Der COSMOS RACK Stickstoff kann mit jedem COSMOS RACK Modul (Wasserstoff, Nullluft, Luftkompressor) \u00fcberlagert werden, um Ihnen eine komplette eigenst\u00e4ndige GC-Gasl\u00f6sung zu bieten.<\/p>\n","protected":false},"excerpt":{"rendered":"<p>COSMOS RACK.N2 \/ ZN2 wurde entwickelt, um eine sichere und kontrollierte Versorgung mit hoher Reinheit von bis zu 99,9995% f\u00fcr Gaschromatographie-Vorbereitungsgase, Gaschromatographie-Tr\u00e4gergase, Druckbeaufschlagung von Kopfraumflaschen, Sp\u00fclungen, Fallen, Konditionierung von R\u00f6hren f\u00fcr die thermische Desorption und Schlammprotokollierung zu erzeugen. COSMOS RACK Stickstoff nutzt die zuverl\u00e4ssige und effiziente Technik der Druckwechselabsorption (PSA) unter Verwendung eines Kohlenstoffmolekularsiebs zur [&hellip;]<\/p>\n","protected":false},"featured_media":12631,"comment_status":"closed","ping_status":"closed","template":"","meta":[],"product_cat":[223],"product_tag":[],"class_list":{"0":"post-12630","1":"product","2":"type-product","3":"status-publish","4":"has-post-thumbnail","6":"product_cat-stickstoffgeneratoren-fur-laboratorien","8":"first","9":"instock","10":"shipping-taxable","11":"product-type-simple"},"_links":{"self":[{"href":"https:\/\/www.f-dgs.com\/de\/wp-json\/wp\/v2\/product\/12630","targetHints":{"allow":["GET"]}}],"collection":[{"href":"https:\/\/www.f-dgs.com\/de\/wp-json\/wp\/v2\/product"}],"about":[{"href":"https:\/\/www.f-dgs.com\/de\/wp-json\/wp\/v2\/types\/product"}],"replies":[{"embeddable":true,"href":"https:\/\/www.f-dgs.com\/de\/wp-json\/wp\/v2\/comments?post=12630"}],"wp:featuredmedia":[{"embeddable":true,"href":"https:\/\/www.f-dgs.com\/de\/wp-json\/wp\/v2\/media\/12631"}],"wp:attachment":[{"href":"https:\/\/www.f-dgs.com\/de\/wp-json\/wp\/v2\/media?parent=12630"}],"wp:term":[{"taxonomy":"product_cat","embeddable":true,"href":"https:\/\/www.f-dgs.com\/de\/wp-json\/wp\/v2\/product_cat?post=12630"},{"taxonomy":"product_tag","embeddable":true,"href":"https:\/\/www.f-dgs.com\/de\/wp-json\/wp\/v2\/product_tag?post=12630"}],"curies":[{"name":"wp","href":"https:\/\/api.w.org\/{rel}","templated":true}]}}