{"id":12559,"date":"2022-05-24T22:52:41","date_gmt":"2022-05-24T20:52:41","guid":{"rendered":"https:\/\/www.f-dgs.com\/product\/gas-generators\/combined-hydrogen-air\/"},"modified":"2024-07-12T12:03:45","modified_gmt":"2024-07-12T10:03:45","slug":"combined-hydrogen-air","status":"publish","type":"page","link":"https:\/\/www.f-dgs.com\/de\/product\/gas-generators\/combined-hydrogen-air\/","title":{"rendered":"Kombinierte Wasserstoff\/Luft-Generatoren"},"content":{"rendered":"\t\t<div data-elementor-type=\"wp-page\" data-elementor-id=\"12559\" class=\"elementor elementor-12559 elementor-1663\" data-elementor-post-type=\"page\">\n\t\t\t\t<div class=\"elementor-element elementor-element-af585a7 max-width e-flex e-con-boxed e-con e-parent\" data-id=\"af585a7\" data-element_type=\"container\" data-settings=\"{&quot;jet_parallax_layout_list&quot;:[]}\">\n\t\t\t\t\t<div class=\"e-con-inner\">\n\t\t\t\t<div class=\"elementor-element elementor-element-09024ee elementor-widget elementor-widget-jet-breadcrumbs\" data-id=\"09024ee\" data-element_type=\"widget\" data-widget_type=\"jet-breadcrumbs.default\">\n\t\t\t\t<div class=\"elementor-widget-container\">\n\t\t\t<div class=\"elementor-jet-breadcrumbs jet-blocks\">\n\t\t<div class=\"jet-breadcrumbs\">\n\t\t<div class=\"jet-breadcrumbs__content\">\n\t\t<div class=\"jet-breadcrumbs__wrap\"><div class=\"jet-breadcrumbs__item\"><a href=\"https:\/\/www.f-dgs.com\/de\/\" class=\"jet-breadcrumbs__item-link is-home\" rel=\"home\" title=\"Startseite\">Startseite<\/a><\/div>\n\t\t<\/div>\n\t\t<\/div>\n\t\t<\/div><\/div>\t\t<\/div>\n\t\t\t\t<\/div>\n\t\t\t\t\t<\/div>\n\t\t\t\t<\/div>\n\t\t<div class=\"elementor-element elementor-element-be8459a e-flex e-con-boxed e-con e-parent\" data-id=\"be8459a\" data-element_type=\"container\" data-settings=\"{&quot;jet_parallax_layout_list&quot;:[]}\">\n\t\t\t\t\t<div class=\"e-con-inner\">\n\t\t<div class=\"elementor-element elementor-element-c0dc467 e-con-full e-flex e-con e-child\" data-id=\"c0dc467\" data-element_type=\"container\" data-settings=\"{&quot;jet_parallax_layout_list&quot;:[]}\">\n\t\t<div class=\"elementor-element elementor-element-f96a130 e-con-full e-flex e-con e-child\" data-id=\"f96a130\" data-element_type=\"container\" data-settings=\"{&quot;jet_parallax_layout_list&quot;:[],&quot;background_background&quot;:&quot;classic&quot;}\">\n\t\t<div class=\"elementor-element elementor-element-873e257 e-con-full e-flex e-con e-child\" data-id=\"873e257\" data-element_type=\"container\" data-settings=\"{&quot;jet_parallax_layout_list&quot;:[]}\">\n\t\t\t\t<div class=\"elementor-element elementor-element-16420cd elementor-widget elementor-widget-heading\" data-id=\"16420cd\" data-element_type=\"widget\" data-widget_type=\"heading.default\">\n\t\t\t\t<div class=\"elementor-widget-container\">\n\t\t\t<h1 class=\"elementor-heading-title elementor-size-default\">KOMBINIERTE WASSERSTOFF\/LUFT-GENERATOREN<\/h1>\t\t<\/div>\n\t\t\t\t<\/div>\n\t\t\t\t<div class=\"elementor-element elementor-element-a33a4c6 elementor-widget elementor-widget-heading\" data-id=\"a33a4c6\" data-element_type=\"widget\" data-widget_type=\"heading.default\">\n\t\t\t\t<div class=\"elementor-widget-container\">\n\t\t\t<h2 class=\"elementor-heading-title elementor-size-default\">Die sichere und praktische Alternative zu Helium f\u00fcr GC-Tr\u00e4gergas und FID-Detektor.  <\/h2>\t\t<\/div>\n\t\t\t\t<\/div>\n\t\t\t\t<div class=\"elementor-element elementor-element-023af36 elementor-widget elementor-widget-text-editor\" data-id=\"023af36\" data-element_type=\"widget\" data-widget_type=\"text-editor.default\">\n\t\t\t\t<div class=\"elementor-widget-container\">\n\t\t\t\t\t\t\tUm eine zuverl\u00e4ssige GC-FID und <strong>\n  <a class=\"strong-white\" href=\"https:\/\/www.f-dgs.com\/de\/applications\/gc-gc-ms\/\">GC-MS<\/a>\n<\/strong> Analyseergebnisse zu gew\u00e4hrleisten, ist eine hochwertige Wasserstoff- und Nullluftversorgung unerl\u00e4sslich. F-DGSi bietet die gr\u00f6\u00dfte Auswahl an kombinierten Wasserstoff\/Null-Luft-Rack-Generatoren mit verschiedenen Reinheiten, je nach der f\u00fcr Ihre Analysen erforderlichen Empfindlichkeit.\n\nWenn Sie Ihr Labor mit unserer kombinierten Wasserstoff- und Null-Luft-Versorgung verbessern m\u00f6chten, nehmen Sie noch heute Kontakt mit uns auf oder sehen Sie sich unser breites Angebot an kombinierten Wasserstoff-\/Null-Luft-Generatoren von Rack an.\t\t\t\t\t\t<\/div>\n\t\t\t\t<\/div>\n\t\t\t\t<\/div>\n\t\t<div class=\"elementor-element elementor-element-12f5976 e-con-full e-flex e-con e-child\" data-id=\"12f5976\" data-element_type=\"container\" data-settings=\"{&quot;jet_parallax_layout_list&quot;:[]}\">\n\t\t\t\t<div class=\"elementor-element elementor-element-cef395b elementor-widget elementor-widget-image\" data-id=\"cef395b\" data-element_type=\"widget\" data-widget_type=\"image.default\">\n\t\t\t\t<div class=\"elementor-widget-container\">\n\t\t\t\t\t\t\t\t\t\t\t\t\t<img decoding=\"async\" src=\"http:\/\/localhost\/fdgs_v2\/wp-content\/uploads\/2021\/11\/20180117_102624-scaled.jpg\" title=\"\" alt=\"\" loading=\"lazy\" \/>\t\t\t\t\t\t\t\t\t\t\t\t\t<\/div>\n\t\t\t\t<\/div>\n\t\t\t\t<\/div>\n\t\t\t\t<\/div>\n\t\t\t\t<\/div>\n\t\t\t\t\t<\/div>\n\t\t\t\t<\/div>\n\t\t<div class=\"elementor-element elementor-element-6208088 max-width e-flex e-con-boxed e-con e-parent\" data-id=\"6208088\" data-element_type=\"container\" data-settings=\"{&quot;jet_parallax_layout_list&quot;:[]}\">\n\t\t\t\t\t<div class=\"e-con-inner\">\n\t\t<div class=\"elementor-element elementor-element-d8436ea e-con-full e-flex e-con e-child\" data-id=\"d8436ea\" data-element_type=\"container\" data-settings=\"{&quot;jet_parallax_layout_list&quot;:[]}\">\n\t\t\t\t<div class=\"elementor-element elementor-element-c0aa1cf elementor-widget elementor-widget-heading\" data-id=\"c0aa1cf\" data-element_type=\"widget\" data-widget_type=\"heading.default\">\n\t\t\t\t<div class=\"elementor-widget-container\">\n\t\t\t<h2 class=\"elementor-heading-title elementor-size-default\">Was ist ein Wasserstoff-Luft-Generator und wie funktioniert er?<\/h2>\t\t<\/div>\n\t\t\t\t<\/div>\n\t\t\t\t<div class=\"elementor-element elementor-element-c794afb elementor-widget elementor-widget-text-editor\" data-id=\"c794afb\" data-element_type=\"widget\" data-widget_type=\"text-editor.default\">\n\t\t\t\t<div class=\"elementor-widget-container\">\n\t\t\t\t\t\t\tKombinierte Wasserstoff\/Null-Luft-Generatoren sind eine sichere und bequeme Alternative und in der Regel eine kosteng\u00fcnstigere L\u00f6sung als die Verwendung von H2-Hochdruck- und Synthetikluftflaschen. Im Gegensatz zu Zylindern bieten kombinierte Wasserstoff\/Null-Luft-Generatoren eine gleichbleibende Reinheit f\u00fcr zuverl\u00e4ssigere Ergebnisse und eliminieren das Risiko einer Verunreinigung beim Austausch von Zylindern.\n\nDer Wasserstoff wird mit destilliertem oder deionisiertem Wasser &lt; 0,1 \u03bcS aus der Hydrolyse durch eine polymere Ionenaustauschermembran erzeugt.\n\nDurch elektrolytische Dissoziation wird das Wasser in seine zwei Hauptbestandteile zerlegt: Wasserstoff, der f\u00fcr die Analyse bereit ist, und Sauerstoff, der an die Umgebungsluft abgegeben wird.\n\nDer erzeugte Wasserstoff wird mit verschiedenen Technologien getrocknet: Adsorptionstrocknung mit automatischer Regeneration auf zwei Patronen und Permapure-Trocknung. Je nach der Technologie der Wasserstofftrocknung ist die Reinheit des gewonnenen Gases unterschiedlich.\n\nDer Zero Air Generator ist so konzipiert, dass er Druckluft von einem internen oder externen Kompressor erh\u00e4lt. Der \u00f6lfreie Kompressor leitet die Luft durch einen hocheffizienten Koaleszenzfilter, der Feuchtigkeit abf\u00e4ngt, die das System besch\u00e4digen k\u00f6nnte. Die Luft, die den Filter verl\u00e4sst, gelangt in einen Hochtemperatur-Platin-Katalysator, der Kohlenwasserstoffe und Kohlenmonoxid auf &lt; 0,05 ppm oxidiert. Dies reduziert das Hintergrundrauschen und erh\u00f6ht die Empfindlichkeit Ihrer Analysen. Anschlie\u00dfend wird ein Partikelfilter eingesetzt, um zu verhindern, dass Partikel jeglicher Art in das Analyseger\u00e4t gelangen.\t\t\t\t\t\t<\/div>\n\t\t\t\t<\/div>\n\t\t\t\t<\/div>\n\t\t\t\t\t<\/div>\n\t\t\t\t<\/div>\n\t\t<div class=\"elementor-element elementor-element-fe7ab77 max-width e-flex e-con-boxed e-con e-parent\" data-id=\"fe7ab77\" data-element_type=\"container\" data-settings=\"{&quot;jet_parallax_layout_list&quot;:[]}\">\n\t\t\t\t\t<div class=\"e-con-inner\">\n\t\t<div class=\"elementor-element elementor-element-c1f303e e-con-full e-flex e-con e-child\" data-id=\"c1f303e\" data-element_type=\"container\" data-settings=\"{&quot;jet_parallax_layout_list&quot;:[]}\">\n\t\t\t\t<div class=\"elementor-element elementor-element-68ba46a elementor-widget elementor-widget-heading\" data-id=\"68ba46a\" data-element_type=\"widget\" data-widget_type=\"heading.default\">\n\t\t\t\t<div class=\"elementor-widget-container\">\n\t\t\t<h2 class=\"elementor-heading-title elementor-size-default\">Vorteile eines Wasserstoff\/Luft-Generators gegen\u00fcber Gasflaschen<\/h2>\t\t<\/div>\n\t\t\t\t<\/div>\n\t\t\t\t<div class=\"elementor-element elementor-element-af47420 elementor-widget elementor-widget-jet-accordion\" data-id=\"af47420\" data-element_type=\"widget\" data-widget_type=\"jet-accordion.default\">\n\t\t\t\t<div class=\"elementor-widget-container\">\n\t\t\t\t\t<div class=\"jet-accordion\" data-settings=\"{&quot;collapsible&quot;:true,&quot;ajaxTemplate&quot;:false,&quot;switchScrolling&quot;:false,&quot;switchScrollingOffset&quot;:0,&quot;switchScrollingDelay&quot;:500}\">\n\t\t\t<div class=\"jet-accordion__inner\">\n\t\t\t\t<div class=\"jet-accordion__item jet-toggle jet-toggle-move-up-effect active-toggle\">\n\t\t\t\t\t\t\t<div id=\"jet-toggle-control-1831\" class=\"jet-toggle__control elementor-menu-anchor\" data-toggle=\"1\" role=\"button\" tabindex=\"0\" aria-controls=\"jet-toggle-content-1831\" aria-expanded=\"true\" data-template-id=\"false\">\n\t\t\t\t\t\t\t\t<div class=\"jet-toggle__label-icon jet-toggle-icon-position-left\"><span class=\"jet-toggle__icon icon-normal jet-tabs-icon\"><i class=\"fas fa-caret-up\"><\/i><\/span><span class=\"jet-toggle__icon icon-active jet-tabs-icon\"><i class=\"fas fa-caret-down\"><\/i><\/span><\/div><div class=\"jet-toggle__label-text\">Sicherheit<\/div>\t\t\t\t\t\t\t<\/div>\n\t\t\t\t\t\t\t<div id=\"jet-toggle-content-1831\" class=\"jet-toggle__content\" data-toggle=\"1\" role=\"region\" data-template-id=\"false\">\n\t\t\t\t\t\t\t\t<div class=\"jet-toggle__content-inner\"><p>F\u00fcr zus\u00e4tzliche Sicherheit speichern unsere Gasgeneratoren nur sehr wenig Wasserstoff und keine Luft im Inneren. Wasserstoff und Null-Luft werden im Gegensatz zu herk\u00f6mmlichen Gasflaschen bei niedrigem Druck erzeugt.<\/p>\n<p>Wasserstoffgeneratoren sind zur bevorzugten Methode f\u00fcr die Verwendung von Wasserstoff im Labor geworden, da sie sicherer und weniger sperrig und damit weniger gef\u00e4hrlich sind als Gasflaschen. Durch einfache Elektrolyse von Wasser liefern unsere Wasserstoffgeneratoren bei Bedarf eine hochreine Gasqualit\u00e4t, die Sie f\u00fcr Ihre Anwendungen wie die Versorgung von Detektoren und GC-Tr\u00e4gergasen ben\u00f6tigen. Einmal installiert, wird ein Wasserstoffgenerator 24 Stunden am Tag Wasserstoff mit konstanter Reinheit liefern.<\/p>\n<p>Ein kombinierter Wasserstoff-\/Null-Luft-Generator vermeidet im Vergleich zu den Gasflaschen, die bestellt und ausgetauscht werden m\u00fcssen, jeglichen Ausfall von Analysen und eliminiert das Risiko von Schwankungen in der Gasqualit\u00e4t. Beim Flaschenwechsel k\u00f6nnen n\u00e4mlich Verunreinigungen in die Gasleitungen gelangen und die Analyseergebnisse beeintr\u00e4chtigen.<\/p>\n<\/div>\n\t\t\t\t\t\t\t<\/div>\n\t\t\t\t\t\t<\/div><div class=\"jet-accordion__item jet-toggle jet-toggle-move-up-effect \">\n\t\t\t\t\t\t\t<div id=\"jet-toggle-control-1832\" class=\"jet-toggle__control elementor-menu-anchor\" data-toggle=\"2\" role=\"button\" tabindex=\"0\" aria-controls=\"jet-toggle-content-1832\" aria-expanded=\"false\" data-template-id=\"false\">\n\t\t\t\t\t\t\t\t<div class=\"jet-toggle__label-icon jet-toggle-icon-position-left\"><span class=\"jet-toggle__icon icon-normal jet-tabs-icon\"><i class=\"fas fa-caret-up\"><\/i><\/span><span class=\"jet-toggle__icon icon-active jet-tabs-icon\"><i class=\"fas fa-caret-down\"><\/i><\/span><\/div><div class=\"jet-toggle__label-text\">Bequemlichkeit<\/div>\t\t\t\t\t\t\t<\/div>\n\t\t\t\t\t\t\t<div id=\"jet-toggle-content-1832\" class=\"jet-toggle__content\" data-toggle=\"2\" role=\"region\" data-template-id=\"false\">\n\t\t\t\t\t\t\t\t<div class=\"jet-toggle__content-inner\"><p>Unsere Gasgeneratoren arbeiten kontinuierlich, um jederzeit Wasserstoff und Null-Luft zu liefern, so dass das Risiko, dass Ihnen w\u00e4hrend Ihrer Analyse das Gas ausgeht, ausgeschlossen ist. Verschwenden Sie keine Zeit mit dem Bestellen, Empfangen, Lagern und Wechseln von Zylindern! Konzentrieren Sie sich auf das, was f\u00fcr das Labor wirklich wichtig ist, d.h. die Analyse.<\/p>\n<p>Au\u00dferdem sparen Sie mit dieser L\u00f6sung f\u00fcr zwei Gase in einer Box Platz in Ihrem Labor.<\/p>\n<\/div>\n\t\t\t\t\t\t\t<\/div>\n\t\t\t\t\t\t<\/div>\t\t\t\t\t\t\t\t<\/div>\n\t\t<\/div>\n\t\t\t\t<\/div>\n\t\t\t\t<\/div>\n\t\t\t\t<\/div>\n\t\t<div class=\"elementor-element elementor-element-a4adecc elementor-hidden-mobile e-con-full elementor-hidden-desktop elementor-hidden-tablet_extra elementor-hidden-tablet elementor-hidden-mobile_extra e-flex e-con e-child\" data-id=\"a4adecc\" data-element_type=\"container\" data-settings=\"{&quot;jet_parallax_layout_list&quot;:[]}\">\n\t\t\t\t<\/div>\n\t\t\t\t\t<\/div>\n\t\t\t\t<\/div>\n\t\t<div class=\"elementor-element elementor-element-fe03d62 max-width e-flex e-con-boxed e-con e-parent\" data-id=\"fe03d62\" data-element_type=\"container\" data-settings=\"{&quot;jet_parallax_layout_list&quot;:[]}\">\n\t\t\t\t\t<div class=\"e-con-inner\">\n\t\t<div class=\"elementor-element elementor-element-e167e81 e-con-full e-flex e-con e-child\" data-id=\"e167e81\" data-element_type=\"container\" data-settings=\"{&quot;jet_parallax_layout_list&quot;:[]}\">\n\t\t\t\t<div class=\"elementor-element elementor-element-ad72d96 elementor-widget elementor-widget-heading\" data-id=\"ad72d96\" data-element_type=\"widget\" data-widget_type=\"heading.default\">\n\t\t\t\t<div class=\"elementor-widget-container\">\n\t\t\t<h2 class=\"elementor-heading-title elementor-size-default\">Die F-DGSi-Reihe<\/h2>\t\t<\/div>\n\t\t\t\t<\/div>\n\t\t\t\t<div class=\"elementor-element elementor-element-0ff58e8 elementor-widget elementor-widget-heading\" data-id=\"0ff58e8\" data-element_type=\"widget\" data-widget_type=\"heading.default\">\n\t\t\t\t<div class=\"elementor-widget-container\">\n\t\t\t<h2 class=\"elementor-heading-title elementor-size-default\">GC  <\/h2>\t\t<\/div>\n\t\t\t\t<\/div>\n\t\t\t\t<div class=\"elementor-element elementor-element-ebf9ae9 elementor-widget elementor-widget-text-editor\" data-id=\"ebf9ae9\" data-element_type=\"widget\" data-widget_type=\"text-editor.default\">\n\t\t\t\t<div class=\"elementor-widget-container\">\n\t\t\t\t\t\t\t<p>Wenn Sie auf der Suche nach einem Wasserstoff-\/Null-Luft-Generator sind, auf den Sie sich f\u00fcr die Gaschromatographie (GC) verlassen k\u00f6nnen, schauen Sie unten nach!<\/p>\n\t\t\t\t\t\t<\/div>\n\t\t\t\t<\/div>\n\t\t\t\t<\/div>\n\t\t\t\t\t<\/div>\n\t\t\t\t<\/div>\n\t\t<div class=\"elementor-element elementor-element-219b113 e-flex e-con-boxed e-con e-parent\" data-id=\"219b113\" data-element_type=\"container\" data-settings=\"{&quot;jet_parallax_layout_list&quot;:[]}\">\n\t\t\t\t\t<div class=\"e-con-inner\">\n\t\t<div class=\"elementor-element elementor-element-b3f2168 e-con-full e-flex e-con e-child\" data-id=\"b3f2168\" data-element_type=\"container\" data-settings=\"{&quot;background_background&quot;:&quot;classic&quot;,&quot;jet_parallax_layout_list&quot;:[]}\">\n\t\t\t\t<div class=\"elementor-element elementor-element-e58fbee elementor-widget elementor-widget-heading\" data-id=\"e58fbee\" data-element_type=\"widget\" data-widget_type=\"heading.default\">\n\t\t\t\t<div class=\"elementor-widget-container\">\n\t\t\t<h2 class=\"elementor-heading-title elementor-size-default\">Informationen anfordern<\/h2>\t\t<\/div>\n\t\t\t\t<\/div>\n\t\t\t\t<div class=\"elementor-element elementor-element-24809ce elementor-widget elementor-widget-text-editor\" data-id=\"24809ce\" data-element_type=\"widget\" data-widget_type=\"text-editor.default\">\n\t\t\t\t<div class=\"elementor-widget-container\">\n\t\t\t\t\t\t\t<p>Ben\u00f6tigen Sie weitere Informationen zu diesem Produkt?<br \/>Bitte kontaktieren Sie uns unter info@f-dgs.com oder f\u00fcllen Sie das Formular aus.<\/p>\n\t\t\t\t\t\t<\/div>\n\t\t\t\t<\/div>\n\t\t\t\t<div class=\"elementor-element elementor-element-3c45dff elementor-widget elementor-widget-jet-engine-booking-form\" data-id=\"3c45dff\" data-element_type=\"widget\" data-widget_type=\"jet-engine-booking-form.default\">\n\t\t\t\t<div class=\"elementor-widget-container\">\n\t\t\t<form  class=\"jet-form layout-column submit-type-reload\" action=\"\/de\/wp-json\/wp\/v2\/pages\/12559?jet_engine_action=book&#038;nocache=1777628392\" method=\"POST\" data-form-id=\"12942\"><input class=\"jet-form__field hidden-field\" type=\"hidden\" name=\"_jet_engine_booking_form_id\" value=\"12942\" data-field-name=\"_jet_engine_booking_form_id\"><input class=\"jet-form__field hidden-field\" type=\"hidden\" name=\"_jet_engine_refer\" value=\"https:\/\/www.f-dgs.com\/de\/wp-json\/wp\/v2\/pages\/12559\/\" data-field-name=\"_jet_engine_refer\"><input class=\"jet-form__field hidden-field\" type=\"hidden\" name=\"_jet_engine_nonce\" value=\"a5209bb8b9\" data-field-name=\"_jet_engine_nonce\"><\/form>\t\t<\/div>\n\t\t\t\t<\/div>\n\t\t\t\t<\/div>\n\t\t\t\t\t<\/div>\n\t\t\t\t<\/div>\n\t\t\t\t<\/div>\n\t\t","protected":false},"excerpt":{"rendered":"<p>Home KOMBINIERTE WASSERSTOFF\/LUFT-GENERATOREN Die sichere und praktische Alternative zu Helium f\u00fcr GC-Tr\u00e4gergas und FID-Detektor. Um eine zuverl\u00e4ssige GC-FID und GC-MS Analyseergebnisse zu gew\u00e4hrleisten, ist eine hochwertige Wasserstoff- und Nullluftversorgung unerl\u00e4sslich. F-DGSi bietet die gr\u00f6\u00dfte Auswahl an kombinierten Wasserstoff\/Null-Luft-Rack-Generatoren mit verschiedenen Reinheiten, je nach der f\u00fcr Ihre Analysen erforderlichen Empfindlichkeit. Wenn Sie Ihr Labor mit unserer [&hellip;]<\/p>\n","protected":false},"author":1,"featured_media":0,"parent":12544,"menu_order":0,"comment_status":"closed","ping_status":"closed","template":"elementor_header_footer","meta":{"footnotes":""},"class_list":["post-12559","page","type-page","status-publish","hentry"],"_links":{"self":[{"href":"https:\/\/www.f-dgs.com\/de\/wp-json\/wp\/v2\/pages\/12559","targetHints":{"allow":["GET"]}}],"collection":[{"href":"https:\/\/www.f-dgs.com\/de\/wp-json\/wp\/v2\/pages"}],"about":[{"href":"https:\/\/www.f-dgs.com\/de\/wp-json\/wp\/v2\/types\/page"}],"author":[{"embeddable":true,"href":"https:\/\/www.f-dgs.com\/de\/wp-json\/wp\/v2\/users\/1"}],"replies":[{"embeddable":true,"href":"https:\/\/www.f-dgs.com\/de\/wp-json\/wp\/v2\/comments?post=12559"}],"version-history":[{"count":2,"href":"https:\/\/www.f-dgs.com\/de\/wp-json\/wp\/v2\/pages\/12559\/revisions"}],"predecessor-version":[{"id":12567,"href":"https:\/\/www.f-dgs.com\/de\/wp-json\/wp\/v2\/pages\/12559\/revisions\/12567"}],"up":[{"embeddable":true,"href":"https:\/\/www.f-dgs.com\/de\/wp-json\/wp\/v2\/pages\/12544"}],"wp:attachment":[{"href":"https:\/\/www.f-dgs.com\/de\/wp-json\/wp\/v2\/media?parent=12559"}],"curies":[{"name":"wp","href":"https:\/\/api.w.org\/{rel}","templated":true}]}}